{"id":126,"date":"2024-09-20T16:23:28","date_gmt":"2024-09-20T16:23:28","guid":{"rendered":"https:\/\/anxovarela.es\/sc\/?page_id=126"},"modified":"2024-11-09T10:01:27","modified_gmt":"2024-11-09T10:01:27","slug":"voluntariado-dixital","status":"publish","type":"page","link":"https:\/\/www.santacombanamemoria.eu\/sc\/index.php\/voluntariado-dixital\/","title":{"rendered":"Voluntariado Dixital"},"content":{"rendered":"\r\n<figure class=\"wp-block-image\"><a href=\"https:\/\/www.xunta.gal\/portada\"><img decoding=\"async\" class=\"alignnone wp-image-2751\" src=\"https:\/\/anxovarela.es\/sc\/wp-content\/uploads\/2024\/11\/logo-xunta-de-Galicia-555x159.png\" alt=\"Xunta de Galicia\" width=\"291\" height=\"83\" srcset=\"https:\/\/www.santacombanamemoria.eu\/sc\/wp-content\/uploads\/2024\/11\/logo-xunta-de-Galicia-555x159.png 555w, https:\/\/www.santacombanamemoria.eu\/sc\/wp-content\/uploads\/2024\/11\/logo-xunta-de-Galicia-770x220.png 770w, https:\/\/www.santacombanamemoria.eu\/sc\/wp-content\/uploads\/2024\/11\/logo-xunta-de-Galicia-768x219.png 768w, https:\/\/www.santacombanamemoria.eu\/sc\/wp-content\/uploads\/2024\/11\/logo-xunta-de-Galicia-1536x439.png 1536w, https:\/\/www.santacombanamemoria.eu\/sc\/wp-content\/uploads\/2024\/11\/logo-xunta-de-Galicia-2048x585.png 2048w\" sizes=\"(max-width: 291px) 100vw, 291px\" \/><\/a><\/figure>\r\n\r\n\r\n\r\n<p>El programa Voluntariado Dixital es un proyecto solidario promovido por la Axencia para a Modernizaci\u00f3n Tecnol\u00f3xica de Galicia (AMTEGA) y la Direcci\u00f3n Xeral de Xuventude e Voluntariado da Xunta de Galicia, que tiene como objetivo acercar las nuevas tecnolog\u00edas a la sociedad en general, centr\u00e1ndose en unos colectivos prioritarios como son aquellos que presentan mayores \u00edndices de brecha digital: personas mayores, personas con discapacidad, Inmigrantes, mujeres, zonas rurales y zonas marginales. La finalidad del proyecto es mostrar como las nuevas tecnolog\u00edas, pueden ayudarles en su vida diaria, en su trabajo o en la b\u00fasqueda del mismo, en su tiempo de ocio, para su desarrollo personal\u2026etc.<\/p>\r\n\r\n\r\n\r\n<figure class=\"wp-block-image\"><a href=\"https:\/\/amtega.xunta.gal\/es\" target=\"_blank\" rel=\"noreferrer noopener\"><img fetchpriority=\"high\" decoding=\"async\" class=\"alignnone wp-image-2752 size-full\" src=\"https:\/\/anxovarela.es\/sc\/wp-content\/uploads\/2024\/11\/amtega.png\" alt=\"Amtega\" width=\"318\" height=\"159\"><\/a><\/figure>\r\n\r\n\r\n\r\n<p id=\"yui_3_7_2_1_1366902502257_2622\">Las diferentes formas de participaci\u00f3n y contribuci\u00f3n se canalizan en el programa Voluntariado Dixital&nbsp;&nbsp;fomentando la responsabilidad de la propia sociedad civil a trav\u00e9s de la dedicaci\u00f3n voluntaria de tiempos y capacidades, ya sea a nivel individual o de&nbsp;<strong>responsabilidad social empresarial<\/strong>&nbsp;por parte del sector privado y otras entidades. A esto, se suma los esfuerzos de los poderes p\u00fablicos, con el firme objetivo de contribuir, decisivamente, a la construcci\u00f3n de una Sociedad de la Informaci\u00f3n de todos y todas y para todas y todos.<\/p>\r\n\r\n\r\n\r\n<figure class=\"wp-block-image\"><a href=\"https:\/\/voluntariadodixital.xunta.gal\/es\"><img decoding=\"async\" class=\"alignnone wp-image-2750 size-full\" src=\"https:\/\/anxovarela.es\/sc\/wp-content\/uploads\/2024\/11\/logo-voldix.png\" alt=\"Voluntariado Dixital  Xunta de Galicia\" width=\"158\" height=\"32\"><\/a><\/figure>\r\n\r\n\r\n\r\n<p><strong>El proyecto SANTA COMBA NA MEMORIA es una buena pr\u00e1ctica desarrollada en el marco del programa Voluntariado Dixital de la Xunta de Galicia, en la que se pone de manifiesto como gracias a los conocimientos digitales y a los valores solidarios de la persona voluntaria dixital Jos\u00e9 Luis Varela Mart\u00ednez, se ha conseguido gracias a su liderazgo personal y digital, movilizar a personas y difundir los beneficios de internet en el concello de Santa Comba , consiguiendo que aquellos recuerdos plasmados en fotograf\u00edas antiguas, puedan estar presentes y difundirse a trav\u00e9s de la Red y que puedan llegar a todos y todas en cualquier parte del mundo.<\/strong><\/p>\r\n\r\n\r\n\r\n<figure class=\"wp-block-embed\">\r\n<div class=\"wp-block-embed__wrapper\">https:\/\/voluntariadodixital.xunta.es<\/div>\r\n<\/figure>\r\n\r\n\r\n\r\n<figure class=\"wp-block-image\"><a href=\"http:\/\/web.archive.org\/web\/20181210124937\/http:\/\/www.santacombanamemoria.es\/wp-content\/uploads\/2013\/04\/LOGO_Galicia_Documentos.jpg\"><img decoding=\"async\" class=\"wp-image-669\" src=\"http:\/\/web.archive.org\/web\/20181210124937im_\/http:\/\/www.santacombanamemoria.es\/wp-content\/uploads\/2013\/04\/LOGO_Galicia_Documentos.jpg\" alt=\"Galicia es una comunidad aut\u00f3noma espa\u00f1ola. Est\u00e1 situada al noroeste de la pen\u00ednsula ib\u00e9rica y formada por las provincias de La Coru\u00f1a, Lugo, Orense y Pontevedra, las cuales se dividen en 315 municipios que se agrupan en 53 comarcas.\"><\/a><\/figure>\r\n<p>&nbsp;<\/p>\r\n<p><a href=\"https:\/\/www.santacomba.es\/\"><img loading=\"lazy\" decoding=\"async\" class=\"alignnone wp-image-2755 size-medium\" src=\"https:\/\/anxovarela.es\/sc\/wp-content\/uploads\/2024\/11\/Escudo-Concello-de-Santa-Comba-Horizontall-Morado-Con-Letras-1024x724-1-401x333.png\" alt=\"\" width=\"401\" height=\"333\" srcset=\"https:\/\/www.santacombanamemoria.eu\/sc\/wp-content\/uploads\/2024\/11\/Escudo-Concello-de-Santa-Comba-Horizontall-Morado-Con-Letras-1024x724-1-401x333.png 401w, https:\/\/www.santacombanamemoria.eu\/sc\/wp-content\/uploads\/2024\/11\/Escudo-Concello-de-Santa-Comba-Horizontall-Morado-Con-Letras-1024x724-1.png 521w\" sizes=\"(max-width: 401px) 100vw, 401px\" \/><\/a><\/p>\r\n\r\n\r\n\r\n<h1 id=\"site-title\" class=\"wp-block-heading\"><a href=\"http:\/\/web.archive.org\/web\/20181210124937\/http:\/\/www.santacombanamemoria.es\/\">Santa Comba na memoria<\/a><\/h1>\r\n\r\n\r\n\r\n<h2 id=\"site-description\" class=\"wp-block-heading\">Historia fotogr\u00e1fica de Santa Comba<\/h2>\r\n\r\n\r\n\r\n<p><a href=\"http:\/\/www.santacombanamemoria.es\/\">http:\/\/www.santacombanamemoria.es\/<\/a><\/p>\r\n","protected":false},"excerpt":{"rendered":"<p>El programa Voluntariado Dixital es un proyecto solidario promovido por la Axencia para a Modernizaci\u00f3n Tecnol\u00f3xica de Galicia (AMTEGA) y la Direcci\u00f3n Xeral de Xuventude e Voluntariado da Xunta de Galicia, que tiene como objetivo acercar las nuevas tecnolog\u00edas a la sociedad en general, centr\u00e1ndose en unos colectivos prioritarios como son aquellos que presentan mayores <a class=\"read-more\" href=\"https:\/\/www.santacombanamemoria.eu\/sc\/index.php\/voluntariado-dixital\/\">LEER M\u00c1S<\/a><\/p>\n","protected":false},"author":1,"featured_media":0,"parent":0,"menu_order":0,"comment_status":"closed","ping_status":"closed","template":"","meta":{"_eb_attr":"","ngg_post_thumbnail":0,"footnotes":""},"class_list":["post-126","page","type-page","status-publish","hentry"],"yoast_head":"<!-- This site is optimized with the Yoast SEO plugin v27.3 - https:\/\/yoast.com\/product\/yoast-seo-wordpress\/ -->\n<title>Voluntariado Dixital - Santa Comba na Memoria<\/title>\n<meta name=\"robots\" content=\"index, follow, max-snippet:-1, max-image-preview:large, max-video-preview:-1\" \/>\n<link rel=\"canonical\" href=\"https:\/\/www.santacombanamemoria.eu\/sc\/index.php\/voluntariado-dixital\/\" \/>\n<meta property=\"og:locale\" content=\"es_ES\" \/>\n<meta property=\"og:type\" content=\"article\" \/>\n<meta property=\"og:title\" content=\"Voluntariado Dixital - Santa Comba na Memoria\" \/>\n<meta property=\"og:description\" content=\"El programa Voluntariado Dixital es un proyecto solidario promovido por la Axencia para a Modernizaci\u00f3n Tecnol\u00f3xica de Galicia (AMTEGA) y la Direcci\u00f3n Xeral de Xuventude e Voluntariado da Xunta de Galicia, que tiene como objetivo acercar las nuevas tecnolog\u00edas a la sociedad en general, centr\u00e1ndose en unos colectivos prioritarios como son aquellos que presentan mayores LEER M\u00c1S\" \/>\n<meta property=\"og:url\" content=\"https:\/\/www.santacombanamemoria.eu\/sc\/index.php\/voluntariado-dixital\/\" \/>\n<meta property=\"og:site_name\" content=\"Santa Comba na Memoria\" \/>\n<meta property=\"article:modified_time\" content=\"2024-11-09T10:01:27+00:00\" \/>\n<meta property=\"og:image\" content=\"https:\/\/anxovarela.es\/sc\/wp-content\/uploads\/2024\/11\/logo-xunta-de-Galicia-555x159.png\" \/>\n<meta name=\"twitter:card\" content=\"summary_large_image\" \/>\n<meta name=\"twitter:label1\" content=\"Tiempo de lectura\" \/>\n\t<meta name=\"twitter:data1\" content=\"3 minutos\" \/>\n<script type=\"application\/ld+json\" class=\"yoast-schema-graph\">{\"@context\":\"https:\\\/\\\/schema.org\",\"@graph\":[{\"@type\":\"WebPage\",\"@id\":\"https:\\\/\\\/www.santacombanamemoria.eu\\\/sc\\\/index.php\\\/voluntariado-dixital\\\/\",\"url\":\"https:\\\/\\\/www.santacombanamemoria.eu\\\/sc\\\/index.php\\\/voluntariado-dixital\\\/\",\"name\":\"Voluntariado Dixital - Santa Comba na Memoria\",\"isPartOf\":{\"@id\":\"https:\\\/\\\/www.santacombanamemoria.eu\\\/sc\\\/#website\"},\"primaryImageOfPage\":{\"@id\":\"https:\\\/\\\/www.santacombanamemoria.eu\\\/sc\\\/index.php\\\/voluntariado-dixital\\\/#primaryimage\"},\"image\":{\"@id\":\"https:\\\/\\\/www.santacombanamemoria.eu\\\/sc\\\/index.php\\\/voluntariado-dixital\\\/#primaryimage\"},\"thumbnailUrl\":\"https:\\\/\\\/anxovarela.es\\\/sc\\\/wp-content\\\/uploads\\\/2024\\\/11\\\/logo-xunta-de-Galicia-555x159.png\",\"datePublished\":\"2024-09-20T16:23:28+00:00\",\"dateModified\":\"2024-11-09T10:01:27+00:00\",\"breadcrumb\":{\"@id\":\"https:\\\/\\\/www.santacombanamemoria.eu\\\/sc\\\/index.php\\\/voluntariado-dixital\\\/#breadcrumb\"},\"inLanguage\":\"es\",\"potentialAction\":[{\"@type\":\"ReadAction\",\"target\":[\"https:\\\/\\\/www.santacombanamemoria.eu\\\/sc\\\/index.php\\\/voluntariado-dixital\\\/\"]}]},{\"@type\":\"ImageObject\",\"inLanguage\":\"es\",\"@id\":\"https:\\\/\\\/www.santacombanamemoria.eu\\\/sc\\\/index.php\\\/voluntariado-dixital\\\/#primaryimage\",\"url\":\"https:\\\/\\\/anxovarela.es\\\/sc\\\/wp-content\\\/uploads\\\/2024\\\/11\\\/logo-xunta-de-Galicia-555x159.png\",\"contentUrl\":\"https:\\\/\\\/anxovarela.es\\\/sc\\\/wp-content\\\/uploads\\\/2024\\\/11\\\/logo-xunta-de-Galicia-555x159.png\"},{\"@type\":\"BreadcrumbList\",\"@id\":\"https:\\\/\\\/www.santacombanamemoria.eu\\\/sc\\\/index.php\\\/voluntariado-dixital\\\/#breadcrumb\",\"itemListElement\":[{\"@type\":\"ListItem\",\"position\":1,\"name\":\"Portada\",\"item\":\"https:\\\/\\\/www.santacombanamemoria.eu\\\/sc\\\/\"},{\"@type\":\"ListItem\",\"position\":2,\"name\":\"Voluntariado Dixital\"}]},{\"@type\":\"WebSite\",\"@id\":\"https:\\\/\\\/www.santacombanamemoria.eu\\\/sc\\\/#website\",\"url\":\"https:\\\/\\\/www.santacombanamemoria.eu\\\/sc\\\/\",\"name\":\"Santa Comba na Memoria\",\"description\":\"Unha fiestra ao pasado dende o ano 1900\",\"publisher\":{\"@id\":\"https:\\\/\\\/www.santacombanamemoria.eu\\\/sc\\\/#organization\"},\"alternateName\":\"Historia fotogr\u00e1fica do concello de Santa Comba\",\"potentialAction\":[{\"@type\":\"SearchAction\",\"target\":{\"@type\":\"EntryPoint\",\"urlTemplate\":\"https:\\\/\\\/www.santacombanamemoria.eu\\\/sc\\\/?s={search_term_string}\"},\"query-input\":{\"@type\":\"PropertyValueSpecification\",\"valueRequired\":true,\"valueName\":\"search_term_string\"}}],\"inLanguage\":\"es\"},{\"@type\":\"Organization\",\"@id\":\"https:\\\/\\\/www.santacombanamemoria.eu\\\/sc\\\/#organization\",\"name\":\"Santa Comba na Memoria\",\"alternateName\":\"Santa Comba na Memoria\",\"url\":\"https:\\\/\\\/www.santacombanamemoria.eu\\\/sc\\\/\",\"logo\":{\"@type\":\"ImageObject\",\"inLanguage\":\"es\",\"@id\":\"https:\\\/\\\/www.santacombanamemoria.eu\\\/sc\\\/#\\\/schema\\\/logo\\\/image\\\/\",\"url\":\"https:\\\/\\\/www.santacombanamemoria.eu\\\/sc\\\/wp-content\\\/uploads\\\/slider2\\\/Editorg_design_05-12-17--25.jpeg\",\"contentUrl\":\"https:\\\/\\\/www.santacombanamemoria.eu\\\/sc\\\/wp-content\\\/uploads\\\/slider2\\\/Editorg_design_05-12-17--25.jpeg\",\"width\":1702,\"height\":680,\"caption\":\"Santa Comba na Memoria\"},\"image\":{\"@id\":\"https:\\\/\\\/www.santacombanamemoria.eu\\\/sc\\\/#\\\/schema\\\/logo\\\/image\\\/\"}}]}<\/script>\n<!-- \/ Yoast SEO plugin. -->","yoast_head_json":{"title":"Voluntariado Dixital - Santa Comba na Memoria","robots":{"index":"index","follow":"follow","max-snippet":"max-snippet:-1","max-image-preview":"max-image-preview:large","max-video-preview":"max-video-preview:-1"},"canonical":"https:\/\/www.santacombanamemoria.eu\/sc\/index.php\/voluntariado-dixital\/","og_locale":"es_ES","og_type":"article","og_title":"Voluntariado Dixital - Santa Comba na Memoria","og_description":"El programa Voluntariado Dixital es un proyecto solidario promovido por la Axencia para a Modernizaci\u00f3n Tecnol\u00f3xica de Galicia (AMTEGA) y la Direcci\u00f3n Xeral de Xuventude e Voluntariado da Xunta de Galicia, que tiene como objetivo acercar las nuevas tecnolog\u00edas a la sociedad en general, centr\u00e1ndose en unos colectivos prioritarios como son aquellos que presentan mayores LEER M\u00c1S","og_url":"https:\/\/www.santacombanamemoria.eu\/sc\/index.php\/voluntariado-dixital\/","og_site_name":"Santa Comba na Memoria","article_modified_time":"2024-11-09T10:01:27+00:00","og_image":[{"url":"https:\/\/anxovarela.es\/sc\/wp-content\/uploads\/2024\/11\/logo-xunta-de-Galicia-555x159.png","type":"","width":"","height":""}],"twitter_card":"summary_large_image","twitter_misc":{"Tiempo de lectura":"3 minutos"},"schema":{"@context":"https:\/\/schema.org","@graph":[{"@type":"WebPage","@id":"https:\/\/www.santacombanamemoria.eu\/sc\/index.php\/voluntariado-dixital\/","url":"https:\/\/www.santacombanamemoria.eu\/sc\/index.php\/voluntariado-dixital\/","name":"Voluntariado Dixital - Santa Comba na Memoria","isPartOf":{"@id":"https:\/\/www.santacombanamemoria.eu\/sc\/#website"},"primaryImageOfPage":{"@id":"https:\/\/www.santacombanamemoria.eu\/sc\/index.php\/voluntariado-dixital\/#primaryimage"},"image":{"@id":"https:\/\/www.santacombanamemoria.eu\/sc\/index.php\/voluntariado-dixital\/#primaryimage"},"thumbnailUrl":"https:\/\/anxovarela.es\/sc\/wp-content\/uploads\/2024\/11\/logo-xunta-de-Galicia-555x159.png","datePublished":"2024-09-20T16:23:28+00:00","dateModified":"2024-11-09T10:01:27+00:00","breadcrumb":{"@id":"https:\/\/www.santacombanamemoria.eu\/sc\/index.php\/voluntariado-dixital\/#breadcrumb"},"inLanguage":"es","potentialAction":[{"@type":"ReadAction","target":["https:\/\/www.santacombanamemoria.eu\/sc\/index.php\/voluntariado-dixital\/"]}]},{"@type":"ImageObject","inLanguage":"es","@id":"https:\/\/www.santacombanamemoria.eu\/sc\/index.php\/voluntariado-dixital\/#primaryimage","url":"https:\/\/anxovarela.es\/sc\/wp-content\/uploads\/2024\/11\/logo-xunta-de-Galicia-555x159.png","contentUrl":"https:\/\/anxovarela.es\/sc\/wp-content\/uploads\/2024\/11\/logo-xunta-de-Galicia-555x159.png"},{"@type":"BreadcrumbList","@id":"https:\/\/www.santacombanamemoria.eu\/sc\/index.php\/voluntariado-dixital\/#breadcrumb","itemListElement":[{"@type":"ListItem","position":1,"name":"Portada","item":"https:\/\/www.santacombanamemoria.eu\/sc\/"},{"@type":"ListItem","position":2,"name":"Voluntariado Dixital"}]},{"@type":"WebSite","@id":"https:\/\/www.santacombanamemoria.eu\/sc\/#website","url":"https:\/\/www.santacombanamemoria.eu\/sc\/","name":"Santa Comba na Memoria","description":"Unha fiestra ao pasado dende o ano 1900","publisher":{"@id":"https:\/\/www.santacombanamemoria.eu\/sc\/#organization"},"alternateName":"Historia fotogr\u00e1fica do concello de Santa Comba","potentialAction":[{"@type":"SearchAction","target":{"@type":"EntryPoint","urlTemplate":"https:\/\/www.santacombanamemoria.eu\/sc\/?s={search_term_string}"},"query-input":{"@type":"PropertyValueSpecification","valueRequired":true,"valueName":"search_term_string"}}],"inLanguage":"es"},{"@type":"Organization","@id":"https:\/\/www.santacombanamemoria.eu\/sc\/#organization","name":"Santa Comba na Memoria","alternateName":"Santa Comba na Memoria","url":"https:\/\/www.santacombanamemoria.eu\/sc\/","logo":{"@type":"ImageObject","inLanguage":"es","@id":"https:\/\/www.santacombanamemoria.eu\/sc\/#\/schema\/logo\/image\/","url":"https:\/\/www.santacombanamemoria.eu\/sc\/wp-content\/uploads\/slider2\/Editorg_design_05-12-17--25.jpeg","contentUrl":"https:\/\/www.santacombanamemoria.eu\/sc\/wp-content\/uploads\/slider2\/Editorg_design_05-12-17--25.jpeg","width":1702,"height":680,"caption":"Santa Comba na Memoria"},"image":{"@id":"https:\/\/www.santacombanamemoria.eu\/sc\/#\/schema\/logo\/image\/"}}]}},"jetpack_sharing_enabled":true,"_links":{"self":[{"href":"https:\/\/www.santacombanamemoria.eu\/sc\/index.php\/wp-json\/wp\/v2\/pages\/126","targetHints":{"allow":["GET"]}}],"collection":[{"href":"https:\/\/www.santacombanamemoria.eu\/sc\/index.php\/wp-json\/wp\/v2\/pages"}],"about":[{"href":"https:\/\/www.santacombanamemoria.eu\/sc\/index.php\/wp-json\/wp\/v2\/types\/page"}],"author":[{"embeddable":true,"href":"https:\/\/www.santacombanamemoria.eu\/sc\/index.php\/wp-json\/wp\/v2\/users\/1"}],"replies":[{"embeddable":true,"href":"https:\/\/www.santacombanamemoria.eu\/sc\/index.php\/wp-json\/wp\/v2\/comments?post=126"}],"version-history":[{"count":6,"href":"https:\/\/www.santacombanamemoria.eu\/sc\/index.php\/wp-json\/wp\/v2\/pages\/126\/revisions"}],"predecessor-version":[{"id":2757,"href":"https:\/\/www.santacombanamemoria.eu\/sc\/index.php\/wp-json\/wp\/v2\/pages\/126\/revisions\/2757"}],"wp:attachment":[{"href":"https:\/\/www.santacombanamemoria.eu\/sc\/index.php\/wp-json\/wp\/v2\/media?parent=126"}],"curies":[{"name":"wp","href":"https:\/\/api.w.org\/{rel}","templated":true}]}}