{"id":187,"date":"2024-09-20T19:31:17","date_gmt":"2024-09-20T19:31:17","guid":{"rendered":"https:\/\/anxovarela.es\/sc\/?page_id=187"},"modified":"2024-11-09T12:15:45","modified_gmt":"2024-11-09T12:15:45","slug":"o-noso-escudo","status":"publish","type":"page","link":"https:\/\/www.santacombanamemoria.eu\/sc\/index.php\/o-noso-escudo\/","title":{"rendered":"O noso escudo"},"content":{"rendered":"<div class=\"wp-block-image\">\r\n<figure class=\"aligncenter\"><img fetchpriority=\"high\" decoding=\"async\" class=\"alignnone size-full wp-image-2785\" src=\"https:\/\/anxovarela.es\/sc\/wp-content\/uploads\/2024\/11\/escudo-Santa-Comba.png\" alt=\"\" width=\"168\" height=\"299\"><\/figure>\r\n<\/div>\r\n\r\n\r\n<p><strong>O NOSO ESCUDO<\/strong><\/p>\r\n\r\n\r\n\r\n<p><strong><em>Nel perpet\u00faanse os feitos m\u00e1is relevantes e significativos da nosa historia local, desde os tempos m\u00e1is remotos ata hoxe mesmo, obtidos como consecuencia dun minucioso estudio realizado por historiadores e heraldistas especializados no tema, cunha disposici\u00f3n e forma das armas e demais elementos do escudo baseados no cumprimento das disposici\u00f3ns legais que regulan esta materia, con especial atenci\u00f3n ao seu significado como s\u00edmbolos hist\u00f3ricos desta comarca, e m\u00e1is concretamente das terras deste concello, como son, entre outros, o castelo como lembranza da antiga fortaleza de Xallas, as vieiras como elemento identificador do car\u00e1cter arcebispal do castelo e como pobo de paso peregrino, o dobre ondado como m\u00e1xima representaci\u00f3n do r\u00edo xallas ou a cor p\u00farpura que simboliza unhas terras caracterizadas pola presencia e importancia da miner\u00eda, sobre todo da explotaci\u00f3n do esta\u00f1o.<\/em><\/strong><\/p>\r\n\r\n\r\n\r\n<p>Este escudo e bandeira foron aprobados nos Decretos 543\/2005 (bandeira) e 545\/2005 (escudo) da Conseller\u00eda de Presidencia, Administraci\u00f3ns P\u00fablicas e Xustiza da Xunta de Galicia, e publicados no Diario Oficial de Galicia n\u00ba 209 do 31 de outubro de 2005, previa presentaci\u00f3n do estudio presentado polo Concello de Santa Comba, co posterior informe emitido pola Comisi\u00f3n de Her\u00e1ldica da Xunta de Galicia, e logo da deliberaci\u00f3n do Consello da Xunta de Galicia, na s\u00faa xuntanza do d\u00eda 20 de outubro de 2005.<\/p>\r\n\r\n\r\n\r\n<p><strong>ESCUDO:&nbsp;<\/strong>De p\u00farpura. Un castelo de ouro (amarelo), sobre ondas de prata, sumando nos flancos de d\u00faas vieiras tam\u00e9n de prata. Ao timbre, coroa real pechada.<\/p>\r\n\r\n\r\n\r\n<p><strong>BANDEIRA:&nbsp;<\/strong>De p\u00farpura, o castelo de ouro (amarelo), sumando nos seus flancos, de d\u00faas vieiras brancas e acompa\u00f1ado, ao batente, de d\u00faas tiras brnacas, verticais ondadas.<\/p>\r\n\r\n\r\n\r\n<p><strong>CAMPO DO ESCUDO EN COR PURPURA (MORADO):<\/strong>&nbsp;Cubre todo o espacio que deixan as armas e outros elementos decorativos do mesmo. Tr\u00e1tase, sen d\u00fabida, do elemento que mellor simboliza unha terras caracterizadas pola presencia e importancia da miner\u00eda, sobre todo da explotaci\u00f3n do esta\u00f1o ao longo&nbsp; dos s\u00e9culos, desde os tempos prehist\u00f3ricos ata os contempor\u00e1neos, representando a forma m\u00e1is estable&nbsp; do quefacer dunha comunidade humana que atopou precisamente na miner\u00eda, non s\u00f3 unha das s\u00faas principais formas de desenvolvemento, sen\u00f3n tam\u00e9n o modo m\u00e1is eficaz para po\u00f1er de relevo a sua natural tendencia \u00e1 comunicaci\u00f3n, sobe todo de car\u00e1cter comercial, coas xentes e lugares m\u00e1is arredados do munto antigo. Car\u00e1cter comercial que, na idade Moderna a\u00ednda se po\u00f1\u00eda de manifesto na s\u00faa mesma condici\u00f3n de pobo de arrieiros.<\/p>\r\n\r\n\r\n\r\n<p><strong>CASTELO CON TRES TORRES DE OUTRO, CON PORTAS E VANT\u00c1S ABERTAS:&nbsp;<\/strong>Ocupa todo o centro do escudo, a metade dos flancos destro e sinistro, coas torres en xefe e a base en punta. Lembranza da antiga fortaleza de Xallas, s\u00edmbolo da condici\u00f3n de se\u00f1or\u00edal arcebispal das terras do Concello de Santa Comba, dominio exercido ao longo de oito s\u00e9culos&nbsp; (XII-XIX). A simbolizaci\u00f3n de continuidade que representa o acontecer hist\u00f3rico do Concello de Santa Comba no seu proceso de formaci\u00f3n e consolidaci\u00f3n como unha comunidade humana solidaria e independente en relaci\u00f3n cos seus veci\u00f1os m\u00e1is pr\u00f3ximos e arredados, calidades nas que, incluso, o seu importante movemento migratorio a ser unha proba indiscutible.<\/p>\r\n\r\n\r\n\r\n<p><strong>A VIEIRAS:&nbsp;<\/strong>Elemento identificador do car\u00e1cter arcebispal do castelo, s\u00edmbolo e raz\u00f3n da doaz\u00f3n que os reis fixeron destas terras \u00e1 igrexa compostel\u00e1 como coidadora dos restos do Ap\u00f3stolo Santiago, e como pobo de paso de peregrinaxe hacia Fisterra.<\/p>\r\n\r\n\r\n\r\n<p><strong>DOBRE ONDADO:&nbsp;<\/strong>A m\u00e1xima representaci\u00f3n do r\u00edo Xallas, r\u00edo que nace neste concello, que configura e d\u00e1 nome \u00e1 bisbarra, fortalecendo a idea de uni\u00f3n e continuidade que simboliza a comunidade humana que conformou e conforma o actual Concello de Santa Comba.<\/p>\r\n\r\n\r\n\r\n<p>\u00d3 timbre do escudo complem\u00e9ntase cunha coroa real pechada.<\/p>\r\n\r\n\r\n\r\n<p><strong>A GRAN FORTALEZA DO CASTELO DE XALLAS<\/strong><\/p>\r\n\r\n\r\n\r\n<p><strong><em>\u201cJunto a la iglesia est\u00e1 la fortaleza de Jallas, que muestra aver sido fuerte. Tiene su barbacana y dos fosos\u2026En el coto de Jallas, en la feligres\u00eda de San Pedro, est\u00e1 la fortale\u00e7a que lleman del Jallas, est\u00e1 ya derribada\u201d<\/em><\/strong><\/p>\r\n\r\n\r\n\r\n<p>Na actualidade non existe pero \u00e9 unha peza important\u00edsima na historia destas terras e foi a base na que se asenta o escudo her\u00e1ldico do concello dese\u00f1ado a finais dos anos 90.<\/p>\r\n\r\n\r\n\r\n<p>Trala morte do rei Alfonso IX en 1230 estas terras pasaron a denominarse couto do Xallas, como alfoz dunha vila reconvertida \u00e1 xurisdicci\u00f3n se\u00f1orial rural, encadrado dentro do amplo se\u00f1or\u00edo dos arcebispos compostel\u00e1ns que mandaron levantar unha fortaleza, que ser\u00eda o famoso castelo de Xallas, centro de dominio e control sobre o couto de Xallas, e clave na pol\u00edtica se\u00f1orial do arcebispo compostel\u00e1n.<\/p>\r\n\r\n\r\n\r\n<p>O Castelo de Xallas atop\u00e1base nun peque\u00f1o promontorio a uns 400 m de altitude, edificado sobre un vello castro, case no centro das terras do Couto, o que aumentaba o seu valor estrat\u00e9xico e de control do territorio, literalmente achegado \u00e1 igrexa parroquial desde donde gozaba dunha ampla visibilidade sobre un dos cami\u00f1os que na idade media cruzaban o actual Concello de Santa Comba. A v\u00eda part\u00eda de Portomouro, pasaba case que por diante do castelo, cruzaba o r\u00edo Xallas por Boa\u00f1a de Arriba e se un\u00eda en San Lourenzo de Agualada co cami\u00f1o que sub\u00eda cara a Berganti\u00f1os. En 1.402 o arcebispo entreg\u00f3ulle-los castelos do seu se\u00f1or\u00edo a homes da s\u00faa confianza e puso a fortaleza de Xallas en mans dun escudeiro ambicioso de nome Rui S\u00e1nchez de Moscoso.<\/p>\r\n\r\n\r\n\r\n<p>Do aspecto deste castelo de finais da idade media temos referencias abondas. Antes da guerra irmandi\u00f1a ti\u00f1a unha torre da homenaxe de tres sobraos rodeada por d\u00faas cercas ameadas. Cara a 1.460 o castelo presentaba un aceptable estado de conservaci\u00f3n, pero posteriormente o derrocaron as irmandades con ocasi\u00f3n do seu levantamento e das graves alteraci\u00f3ns sociais do \u00faltimo tercio do s\u00e9culo XV.<\/p>\r\n\r\n\r\n\r\n<p>Logo da guerra foi reconstru\u00eddo, polo menos parcialmente polo patriarca Fonseca, pero a s\u00faa vida non foi moi longa. Quedou abandonado despois da pacificaci\u00f3n de Galicia levada a cabo polos oficiais dos Reis Cat\u00f3licos. En 1.535 o tellado estaba na s\u00faa meirande parte polo chan, en 1.544 xa caeran boa parte das trabes, comenzaban a derrumbarse os muros de pechamento e silvas e carballos espall\u00e1banse polo soario da fortaleza, tres anos despois en 1.547 a totalidade da fortaleza centenaria xa estaba polo chan. Sen embargo o \u201cLibro de rentas do arcedianato do Trast\u00e1mara\u201d elaborado a finais do s\u00e9culo XVI e principiosdo XVII&nbsp; afirma \u201cJunto a la iglesia est\u00e1 la fortaleza de Jallas, que muestra aver sido fuerte. Tiene su barbacana y dos fosos\u201d.<\/p>\r\n\r\n\r\n\r\n<p>As primeiras referencias a este castelo arcebispal son de finais do s\u00e9culo XII, reinando a\u00ednda Alfonso X. A fortaleza que foi levantada no pontificado de don Xoan Arias co prop\u00f3sito de reforza-lo se\u00f1or\u00edo episcopal, estaba situada na parroquia de San Pedro de Xallas de Castriz moi achegado \u00f3 lugar de O Hospital. A principio do s\u00e9culo XVII o visitador Jer\u00f3nimo del Hoyo considerao unha ruina total \u201cEn el coto de Jallas, en la feligres\u00eda de San Pedro, est\u00e1 la fortale\u00e7a que lleman del Jallas, est\u00e1 ya derribada\u201d<\/p>\r\n\r\n\r\n\r\n<p>En 1.617 do castelo xa s\u00f3 quedaban uns 10 p\u00e9s de alto dunha parede, todo o demais estaba desbaratado e deixou de estar operativo nada m\u00e1is entrar no per\u00edodo que entendemos como Idade Moderna e para a aldea pr\u00f3xima era unha simple morea de pedra, testemu\u00f1as mudas doutra \u00e9poca e semella que utilizadas para a construcci\u00f3n da b\u00f3veda da igrexia.<\/p>\r\n","protected":false},"excerpt":{"rendered":"<p>O NOSO ESCUDO Nel perpet\u00faanse os feitos m\u00e1is relevantes e significativos da nosa historia local, desde os tempos m\u00e1is remotos ata hoxe mesmo, obtidos como consecuencia dun minucioso estudio realizado por historiadores e heraldistas especializados no tema, cunha disposici\u00f3n e forma das armas e demais elementos do escudo baseados no cumprimento das disposici\u00f3ns legais que <a class=\"read-more\" href=\"https:\/\/www.santacombanamemoria.eu\/sc\/index.php\/o-noso-escudo\/\">LEER M\u00c1S<\/a><\/p>\n","protected":false},"author":1,"featured_media":0,"parent":0,"menu_order":0,"comment_status":"closed","ping_status":"closed","template":"","meta":{"_eb_attr":"","ngg_post_thumbnail":0,"footnotes":""},"class_list":["post-187","page","type-page","status-publish","hentry"],"yoast_head":"<!-- This site is optimized with the Yoast SEO plugin v27.3 - https:\/\/yoast.com\/product\/yoast-seo-wordpress\/ -->\n<title>O noso escudo - Santa Comba na Memoria<\/title>\n<meta name=\"robots\" content=\"index, follow, max-snippet:-1, max-image-preview:large, max-video-preview:-1\" \/>\n<link rel=\"canonical\" href=\"https:\/\/www.santacombanamemoria.eu\/sc\/index.php\/o-noso-escudo\/\" \/>\n<meta property=\"og:locale\" content=\"es_ES\" \/>\n<meta property=\"og:type\" content=\"article\" \/>\n<meta property=\"og:title\" content=\"O noso escudo - Santa Comba na Memoria\" \/>\n<meta property=\"og:description\" content=\"O NOSO ESCUDO Nel perpet\u00faanse os feitos m\u00e1is relevantes e significativos da nosa historia local, desde os tempos m\u00e1is remotos ata hoxe mesmo, obtidos como consecuencia dun minucioso estudio realizado por historiadores e heraldistas especializados no tema, cunha disposici\u00f3n e forma das armas e demais elementos do escudo baseados no cumprimento das disposici\u00f3ns legais que LEER M\u00c1S\" \/>\n<meta property=\"og:url\" content=\"https:\/\/www.santacombanamemoria.eu\/sc\/index.php\/o-noso-escudo\/\" \/>\n<meta property=\"og:site_name\" content=\"Santa Comba na Memoria\" \/>\n<meta property=\"article:modified_time\" content=\"2024-11-09T12:15:45+00:00\" \/>\n<meta property=\"og:image\" content=\"https:\/\/anxovarela.es\/sc\/wp-content\/uploads\/2024\/11\/escudo-Santa-Comba.png\" \/>\n<meta name=\"twitter:card\" content=\"summary_large_image\" \/>\n<meta name=\"twitter:label1\" content=\"Tiempo de lectura\" \/>\n\t<meta name=\"twitter:data1\" content=\"6 minutos\" \/>\n<script type=\"application\/ld+json\" class=\"yoast-schema-graph\">{\"@context\":\"https:\\\/\\\/schema.org\",\"@graph\":[{\"@type\":\"WebPage\",\"@id\":\"https:\\\/\\\/www.santacombanamemoria.eu\\\/sc\\\/index.php\\\/o-noso-escudo\\\/\",\"url\":\"https:\\\/\\\/www.santacombanamemoria.eu\\\/sc\\\/index.php\\\/o-noso-escudo\\\/\",\"name\":\"O noso escudo - Santa Comba na Memoria\",\"isPartOf\":{\"@id\":\"https:\\\/\\\/www.santacombanamemoria.eu\\\/sc\\\/#website\"},\"primaryImageOfPage\":{\"@id\":\"https:\\\/\\\/www.santacombanamemoria.eu\\\/sc\\\/index.php\\\/o-noso-escudo\\\/#primaryimage\"},\"image\":{\"@id\":\"https:\\\/\\\/www.santacombanamemoria.eu\\\/sc\\\/index.php\\\/o-noso-escudo\\\/#primaryimage\"},\"thumbnailUrl\":\"https:\\\/\\\/anxovarela.es\\\/sc\\\/wp-content\\\/uploads\\\/2024\\\/11\\\/escudo-Santa-Comba.png\",\"datePublished\":\"2024-09-20T19:31:17+00:00\",\"dateModified\":\"2024-11-09T12:15:45+00:00\",\"breadcrumb\":{\"@id\":\"https:\\\/\\\/www.santacombanamemoria.eu\\\/sc\\\/index.php\\\/o-noso-escudo\\\/#breadcrumb\"},\"inLanguage\":\"es\",\"potentialAction\":[{\"@type\":\"ReadAction\",\"target\":[\"https:\\\/\\\/www.santacombanamemoria.eu\\\/sc\\\/index.php\\\/o-noso-escudo\\\/\"]}]},{\"@type\":\"ImageObject\",\"inLanguage\":\"es\",\"@id\":\"https:\\\/\\\/www.santacombanamemoria.eu\\\/sc\\\/index.php\\\/o-noso-escudo\\\/#primaryimage\",\"url\":\"https:\\\/\\\/anxovarela.es\\\/sc\\\/wp-content\\\/uploads\\\/2024\\\/11\\\/escudo-Santa-Comba.png\",\"contentUrl\":\"https:\\\/\\\/anxovarela.es\\\/sc\\\/wp-content\\\/uploads\\\/2024\\\/11\\\/escudo-Santa-Comba.png\"},{\"@type\":\"BreadcrumbList\",\"@id\":\"https:\\\/\\\/www.santacombanamemoria.eu\\\/sc\\\/index.php\\\/o-noso-escudo\\\/#breadcrumb\",\"itemListElement\":[{\"@type\":\"ListItem\",\"position\":1,\"name\":\"Portada\",\"item\":\"https:\\\/\\\/www.santacombanamemoria.eu\\\/sc\\\/\"},{\"@type\":\"ListItem\",\"position\":2,\"name\":\"O noso escudo\"}]},{\"@type\":\"WebSite\",\"@id\":\"https:\\\/\\\/www.santacombanamemoria.eu\\\/sc\\\/#website\",\"url\":\"https:\\\/\\\/www.santacombanamemoria.eu\\\/sc\\\/\",\"name\":\"Santa Comba na Memoria\",\"description\":\"Unha fiestra ao pasado dende o ano 1900\",\"publisher\":{\"@id\":\"https:\\\/\\\/www.santacombanamemoria.eu\\\/sc\\\/#organization\"},\"alternateName\":\"Historia fotogr\u00e1fica do concello de Santa Comba\",\"potentialAction\":[{\"@type\":\"SearchAction\",\"target\":{\"@type\":\"EntryPoint\",\"urlTemplate\":\"https:\\\/\\\/www.santacombanamemoria.eu\\\/sc\\\/?s={search_term_string}\"},\"query-input\":{\"@type\":\"PropertyValueSpecification\",\"valueRequired\":true,\"valueName\":\"search_term_string\"}}],\"inLanguage\":\"es\"},{\"@type\":\"Organization\",\"@id\":\"https:\\\/\\\/www.santacombanamemoria.eu\\\/sc\\\/#organization\",\"name\":\"Santa Comba na Memoria\",\"alternateName\":\"Santa Comba na Memoria\",\"url\":\"https:\\\/\\\/www.santacombanamemoria.eu\\\/sc\\\/\",\"logo\":{\"@type\":\"ImageObject\",\"inLanguage\":\"es\",\"@id\":\"https:\\\/\\\/www.santacombanamemoria.eu\\\/sc\\\/#\\\/schema\\\/logo\\\/image\\\/\",\"url\":\"https:\\\/\\\/www.santacombanamemoria.eu\\\/sc\\\/wp-content\\\/uploads\\\/slider2\\\/Editorg_design_05-12-17--25.jpeg\",\"contentUrl\":\"https:\\\/\\\/www.santacombanamemoria.eu\\\/sc\\\/wp-content\\\/uploads\\\/slider2\\\/Editorg_design_05-12-17--25.jpeg\",\"width\":1702,\"height\":680,\"caption\":\"Santa Comba na Memoria\"},\"image\":{\"@id\":\"https:\\\/\\\/www.santacombanamemoria.eu\\\/sc\\\/#\\\/schema\\\/logo\\\/image\\\/\"}}]}<\/script>\n<!-- \/ Yoast SEO plugin. -->","yoast_head_json":{"title":"O noso escudo - Santa Comba na Memoria","robots":{"index":"index","follow":"follow","max-snippet":"max-snippet:-1","max-image-preview":"max-image-preview:large","max-video-preview":"max-video-preview:-1"},"canonical":"https:\/\/www.santacombanamemoria.eu\/sc\/index.php\/o-noso-escudo\/","og_locale":"es_ES","og_type":"article","og_title":"O noso escudo - Santa Comba na Memoria","og_description":"O NOSO ESCUDO Nel perpet\u00faanse os feitos m\u00e1is relevantes e significativos da nosa historia local, desde os tempos m\u00e1is remotos ata hoxe mesmo, obtidos como consecuencia dun minucioso estudio realizado por historiadores e heraldistas especializados no tema, cunha disposici\u00f3n e forma das armas e demais elementos do escudo baseados no cumprimento das disposici\u00f3ns legais que LEER M\u00c1S","og_url":"https:\/\/www.santacombanamemoria.eu\/sc\/index.php\/o-noso-escudo\/","og_site_name":"Santa Comba na Memoria","article_modified_time":"2024-11-09T12:15:45+00:00","og_image":[{"url":"https:\/\/anxovarela.es\/sc\/wp-content\/uploads\/2024\/11\/escudo-Santa-Comba.png","type":"","width":"","height":""}],"twitter_card":"summary_large_image","twitter_misc":{"Tiempo de lectura":"6 minutos"},"schema":{"@context":"https:\/\/schema.org","@graph":[{"@type":"WebPage","@id":"https:\/\/www.santacombanamemoria.eu\/sc\/index.php\/o-noso-escudo\/","url":"https:\/\/www.santacombanamemoria.eu\/sc\/index.php\/o-noso-escudo\/","name":"O noso escudo - Santa Comba na Memoria","isPartOf":{"@id":"https:\/\/www.santacombanamemoria.eu\/sc\/#website"},"primaryImageOfPage":{"@id":"https:\/\/www.santacombanamemoria.eu\/sc\/index.php\/o-noso-escudo\/#primaryimage"},"image":{"@id":"https:\/\/www.santacombanamemoria.eu\/sc\/index.php\/o-noso-escudo\/#primaryimage"},"thumbnailUrl":"https:\/\/anxovarela.es\/sc\/wp-content\/uploads\/2024\/11\/escudo-Santa-Comba.png","datePublished":"2024-09-20T19:31:17+00:00","dateModified":"2024-11-09T12:15:45+00:00","breadcrumb":{"@id":"https:\/\/www.santacombanamemoria.eu\/sc\/index.php\/o-noso-escudo\/#breadcrumb"},"inLanguage":"es","potentialAction":[{"@type":"ReadAction","target":["https:\/\/www.santacombanamemoria.eu\/sc\/index.php\/o-noso-escudo\/"]}]},{"@type":"ImageObject","inLanguage":"es","@id":"https:\/\/www.santacombanamemoria.eu\/sc\/index.php\/o-noso-escudo\/#primaryimage","url":"https:\/\/anxovarela.es\/sc\/wp-content\/uploads\/2024\/11\/escudo-Santa-Comba.png","contentUrl":"https:\/\/anxovarela.es\/sc\/wp-content\/uploads\/2024\/11\/escudo-Santa-Comba.png"},{"@type":"BreadcrumbList","@id":"https:\/\/www.santacombanamemoria.eu\/sc\/index.php\/o-noso-escudo\/#breadcrumb","itemListElement":[{"@type":"ListItem","position":1,"name":"Portada","item":"https:\/\/www.santacombanamemoria.eu\/sc\/"},{"@type":"ListItem","position":2,"name":"O noso escudo"}]},{"@type":"WebSite","@id":"https:\/\/www.santacombanamemoria.eu\/sc\/#website","url":"https:\/\/www.santacombanamemoria.eu\/sc\/","name":"Santa Comba na Memoria","description":"Unha fiestra ao pasado dende o ano 1900","publisher":{"@id":"https:\/\/www.santacombanamemoria.eu\/sc\/#organization"},"alternateName":"Historia fotogr\u00e1fica do concello de Santa Comba","potentialAction":[{"@type":"SearchAction","target":{"@type":"EntryPoint","urlTemplate":"https:\/\/www.santacombanamemoria.eu\/sc\/?s={search_term_string}"},"query-input":{"@type":"PropertyValueSpecification","valueRequired":true,"valueName":"search_term_string"}}],"inLanguage":"es"},{"@type":"Organization","@id":"https:\/\/www.santacombanamemoria.eu\/sc\/#organization","name":"Santa Comba na Memoria","alternateName":"Santa Comba na Memoria","url":"https:\/\/www.santacombanamemoria.eu\/sc\/","logo":{"@type":"ImageObject","inLanguage":"es","@id":"https:\/\/www.santacombanamemoria.eu\/sc\/#\/schema\/logo\/image\/","url":"https:\/\/www.santacombanamemoria.eu\/sc\/wp-content\/uploads\/slider2\/Editorg_design_05-12-17--25.jpeg","contentUrl":"https:\/\/www.santacombanamemoria.eu\/sc\/wp-content\/uploads\/slider2\/Editorg_design_05-12-17--25.jpeg","width":1702,"height":680,"caption":"Santa Comba na Memoria"},"image":{"@id":"https:\/\/www.santacombanamemoria.eu\/sc\/#\/schema\/logo\/image\/"}}]}},"jetpack_sharing_enabled":true,"_links":{"self":[{"href":"https:\/\/www.santacombanamemoria.eu\/sc\/index.php\/wp-json\/wp\/v2\/pages\/187","targetHints":{"allow":["GET"]}}],"collection":[{"href":"https:\/\/www.santacombanamemoria.eu\/sc\/index.php\/wp-json\/wp\/v2\/pages"}],"about":[{"href":"https:\/\/www.santacombanamemoria.eu\/sc\/index.php\/wp-json\/wp\/v2\/types\/page"}],"author":[{"embeddable":true,"href":"https:\/\/www.santacombanamemoria.eu\/sc\/index.php\/wp-json\/wp\/v2\/users\/1"}],"replies":[{"embeddable":true,"href":"https:\/\/www.santacombanamemoria.eu\/sc\/index.php\/wp-json\/wp\/v2\/comments?post=187"}],"version-history":[{"count":3,"href":"https:\/\/www.santacombanamemoria.eu\/sc\/index.php\/wp-json\/wp\/v2\/pages\/187\/revisions"}],"predecessor-version":[{"id":2786,"href":"https:\/\/www.santacombanamemoria.eu\/sc\/index.php\/wp-json\/wp\/v2\/pages\/187\/revisions\/2786"}],"wp:attachment":[{"href":"https:\/\/www.santacombanamemoria.eu\/sc\/index.php\/wp-json\/wp\/v2\/media?parent=187"}],"curies":[{"name":"wp","href":"https:\/\/api.w.org\/{rel}","templated":true}]}}