{"id":189,"date":"2024-09-20T19:29:33","date_gmt":"2024-09-20T19:29:33","guid":{"rendered":"https:\/\/anxovarela.es\/sc\/?page_id=189"},"modified":"2024-11-09T16:11:39","modified_gmt":"2024-11-09T16:11:39","slug":"fontes-1","status":"publish","type":"page","link":"https:\/\/www.santacombanamemoria.eu\/sc\/index.php\/fontes-1\/","title":{"rendered":"Fontes 1"},"content":{"rendered":"\r\n<h1 id=\"site-title\" class=\"wp-block-heading\">Fontes na comarca do Xallas en Santa Comba<\/h1>\r\n\r\n\r\n\r\n<h2 class=\"wp-block-heading\">Informe d\u00faas p\u00e1xinas<\/h2>\r\n\r\n\r\n\r\n<h1 class=\"wp-block-heading\">2<\/h1>\r\n\r\n\r\n\r\n<p><em>Caracterizaci\u00f3n F\u00edsico-Qu\u00edmica de las aguas subterr\u00e1neas del Ayuntamiento de Santa Comba<\/em><\/p>\r\n\r\n\r\n\r\n<ul class=\"wp-block-list\">\r\n<li><strong>Introducci\u00f3n.<\/strong><\/li>\r\n<\/ul>\r\n\r\n\r\n\r\n<p>El Ayuntamiento de Santa Comba se encuentra sobre suelos (podsoles) que se desarrollan sobre rocas \u00e1cidas (granitos). As\u00ed mismo se caracteriza porque la mayor\u00eda de su poblaci\u00f3n se dedica a la agricultura y a la ganader\u00eda.<\/p>\r\n\r\n\r\n\r\n<p>Estos son los dos factores que m\u00e1s afectan a las caracter\u00edsticas hidrogeol\u00f3gicas de los acu\u00edferos de esta zona. Como el agua debe filtrarse a trav\u00e9s del suelo antes de alcanzar los acu\u00edferos, lo m\u00e1s seguro es que las aguas subterr\u00e1neas situadas bajo estas \u00e1reas \u00e1cidas est\u00e9n tambi\u00e9n acidificadas.<\/p>\r\n\r\n\r\n\r\n<p>As\u00ed mismo la causa m\u00e1s importante de un deterioro de la calidad de los acu\u00edferos, como consecuencia de la acci\u00f3n humana, es el de las pr\u00e1cticas agr\u00edcolas mediante el uso de abonos nitrogenados, fosforados y org\u00e1nicos, y la infiltraci\u00f3n de fosas s\u00e9pticas.<\/p>\r\n\r\n\r\n\r\n<ul class=\"wp-block-list\">\r\n<li><strong>Par\u00e1metros monitorizados y m\u00e9todos anal\u00edticos.<\/strong><\/li>\r\n<\/ul>\r\n\r\n\r\n\r\n<p>Los par\u00e1metros necesarios para la caracterizaci\u00f3n delas aguas y el posterior c\u00e1lculo de los \u00edndices de calidad se dividen en tres bloques( f\u00edsico, qu\u00edmico, y microbiol\u00f3gico). Los m\u00e9todos anal\u00edticos son los est\u00e1ndar; APHA&nbsp;<em>et. al.&nbsp;<\/em>(1992) el n\u00famero de los m\u00e9todos se muestra en par\u00e9ntesis: temperatura ( 2550-B), acidez (2310.A), alcalinidad (2320.A), conductividad (2510.A), dureza (2340.A), ox\u00edgeno disuelto (4500-O.A), turbidez (2130.A), s\u00f3lidos en suspensi\u00f3n (2540.A), calcio (3500-Ca.D), magnesio (3500-Mg.D), potasio (3500-K.D), sodio (3500-Na.D), hierro (Merk), cloruros, sulfatos, nitratos, bromuros y fluoruros (4110.A), fosfatos (4500-P.E), nitritos (4500-NO<sub>2<\/sub>.B), amonio (4500 NH<sub>3<\/sub>.C), silicatos (4500-Si.D), demanda qu\u00edmica de ox\u00edgeno (Rodier, 1981), coli. totales y fecales, estreptococos fecales, y bacterias heter\u00f3trofas a 22\u00baC y 37\u00baC (AENOR, UNE 77-063-90).<\/p>\r\n\r\n\r\n\r\n<ul class=\"wp-block-list\">\r\n<li><strong>\u00cdndices de calidad de las aguas.<\/strong><\/li>\r\n<\/ul>\r\n\r\n\r\n\r\n<p>Los diversos \u00edndices de calidad analizados para estas aguas son: Deviation Index, Water availability Index, \u00cdndice de Calidad General, Water Quality Index, Water Quality Index Objective, Water Quality Index Subjective, Water Quality Index Minimal, \u00cdndice Saturaci\u00f3n, Sodium Adsorption Radio.<\/p>\r\n\r\n\r\n\r\n<ul class=\"wp-block-list\">\r\n<li><strong>Resultados y discusi\u00f3n.<\/strong><\/li>\r\n<\/ul>\r\n\r\n\r\n\r\n<p>El contenido i\u00f3nico se muestra en el siguiente diagrama circular. Las aguas se encuentran dentro de la categor\u00eda de aguas oligomet\u00e1licas y blandas. Haciendo una comparativa de las aguas subterr\u00e1neas de con las superficiales de la regi\u00f3n de Santa Comba, nos encontramos que las aguas subterr\u00e1neas son menos turbias, tienen mayor conductividad, menor contenido en ox\u00edgeno disuelto (como era de esperar), mayor contenido de nitratos y sulfatos, y menor de fosfatos y hierro.<\/p>\r\n<p><img fetchpriority=\"high\" decoding=\"async\" class=\"alignnone size-full wp-image-2845\" src=\"https:\/\/anxovarela.es\/sc\/wp-content\/uploads\/2024\/11\/1-01.gif\" alt=\"\" width=\"299\" height=\"181\"> <img decoding=\"async\" class=\"alignnone size-full wp-image-2846\" src=\"https:\/\/anxovarela.es\/sc\/wp-content\/uploads\/2024\/11\/1-02.gif\" alt=\"\" width=\"300\" height=\"183\"><\/p>\r\n\r\n\r\n\r\n<figure class=\"wp-block-table\">\r\n<table class=\"has-fixed-layout\">\r\n<tbody>\r\n<tr>\r\n<td>\r\n<p><strong>Fuentes <\/strong><strong>R\u00edos<\/strong><\/p>\r\n<p>Pero sin lugar a dudas los par\u00e1metros claramente diferenciadores son el pH y la microbiolog\u00eda. Las aguas superficiales presentan unos valores microbiol\u00f3gicos m\u00e1s elevados que las subterr\u00e1neas debido al paso de materia org\u00e1nica a los r\u00edos. Este alto valor para los r\u00edos junto con la tendencia ascendente del contenido de nitratos y fosfatos en el R\u00edo Xallas a su paso por Santa Comba se debe a las pr\u00e1cticas agr\u00edcolas de abonado. El pH para las aguas subterr\u00e1neas gira en torno a 5,5 mientras que las superficiales lo hacen en torno a 7. Este valor de pH junto con el bajo contenido en calcio las convierte en agresivas.<\/p>\r\n<p>&nbsp;&nbsp;En cuanto a los \u00edndices de calidad nos muestran que las aguas son de calidad aceptable para el ba\u00f1o y la agricultura y engloba a las aguas dentro de la categor\u00eda A2 de aguas destinadas a la producci\u00f3n de agua de bebida. Considera las aguas subterr\u00e1neas como no potables debido al pH aunque las engloba en aguas sanitariamente permisibles, para ellas se propone un tratamiento de CaO-CO<sub>2<\/sub>&nbsp;(disminuci\u00f3n de la agresividad). Mientras que las aguas superficiales tambi\u00e9n son no potables pero ahora debido a la microbiolog\u00eda con lo que se requiere un proceso de desinfecci\u00f3n.<\/p>\r\n<\/td>\r\n<\/tr>\r\n<\/tbody>\r\n<\/table>\r\n<\/figure>\r\n","protected":false},"excerpt":{"rendered":"<p>Fontes na comarca do Xallas en Santa Comba Informe d\u00faas p\u00e1xinas 2 Caracterizaci\u00f3n F\u00edsico-Qu\u00edmica de las aguas subterr\u00e1neas del Ayuntamiento de Santa Comba El Ayuntamiento de Santa Comba se encuentra sobre suelos (podsoles) que se desarrollan sobre rocas \u00e1cidas (granitos). As\u00ed mismo se caracteriza porque la mayor\u00eda de su poblaci\u00f3n se dedica a la agricultura <a class=\"read-more\" href=\"https:\/\/www.santacombanamemoria.eu\/sc\/index.php\/fontes-1\/\">LEER M\u00c1S<\/a><\/p>\n","protected":false},"author":1,"featured_media":0,"parent":0,"menu_order":0,"comment_status":"closed","ping_status":"closed","template":"","meta":{"_eb_attr":"","ngg_post_thumbnail":0,"footnotes":""},"class_list":["post-189","page","type-page","status-publish","hentry"],"yoast_head":"<!-- This site is optimized with the Yoast SEO plugin v27.3 - https:\/\/yoast.com\/product\/yoast-seo-wordpress\/ -->\n<title>Fontes 1 - Santa Comba na Memoria<\/title>\n<meta name=\"robots\" content=\"index, follow, max-snippet:-1, max-image-preview:large, max-video-preview:-1\" \/>\n<link rel=\"canonical\" href=\"https:\/\/www.santacombanamemoria.eu\/sc\/index.php\/fontes-1\/\" \/>\n<meta property=\"og:locale\" content=\"es_ES\" \/>\n<meta property=\"og:type\" content=\"article\" \/>\n<meta property=\"og:title\" content=\"Fontes 1 - Santa Comba na Memoria\" \/>\n<meta property=\"og:description\" content=\"Fontes na comarca do Xallas en Santa Comba Informe d\u00faas p\u00e1xinas 2 Caracterizaci\u00f3n F\u00edsico-Qu\u00edmica de las aguas subterr\u00e1neas del Ayuntamiento de Santa Comba El Ayuntamiento de Santa Comba se encuentra sobre suelos (podsoles) que se desarrollan sobre rocas \u00e1cidas (granitos). As\u00ed mismo se caracteriza porque la mayor\u00eda de su poblaci\u00f3n se dedica a la agricultura LEER M\u00c1S\" \/>\n<meta property=\"og:url\" content=\"https:\/\/www.santacombanamemoria.eu\/sc\/index.php\/fontes-1\/\" \/>\n<meta property=\"og:site_name\" content=\"Santa Comba na Memoria\" \/>\n<meta property=\"article:modified_time\" content=\"2024-11-09T16:11:39+00:00\" \/>\n<meta property=\"og:image\" content=\"https:\/\/anxovarela.es\/sc\/wp-content\/uploads\/2024\/11\/1-01.gif\" \/>\n<meta name=\"twitter:card\" content=\"summary_large_image\" \/>\n<meta name=\"twitter:label1\" content=\"Tiempo de lectura\" \/>\n\t<meta name=\"twitter:data1\" content=\"4 minutos\" \/>\n<script type=\"application\/ld+json\" class=\"yoast-schema-graph\">{\"@context\":\"https:\\\/\\\/schema.org\",\"@graph\":[{\"@type\":\"WebPage\",\"@id\":\"https:\\\/\\\/www.santacombanamemoria.eu\\\/sc\\\/index.php\\\/fontes-1\\\/\",\"url\":\"https:\\\/\\\/www.santacombanamemoria.eu\\\/sc\\\/index.php\\\/fontes-1\\\/\",\"name\":\"Fontes 1 - Santa Comba na Memoria\",\"isPartOf\":{\"@id\":\"https:\\\/\\\/www.santacombanamemoria.eu\\\/sc\\\/#website\"},\"primaryImageOfPage\":{\"@id\":\"https:\\\/\\\/www.santacombanamemoria.eu\\\/sc\\\/index.php\\\/fontes-1\\\/#primaryimage\"},\"image\":{\"@id\":\"https:\\\/\\\/www.santacombanamemoria.eu\\\/sc\\\/index.php\\\/fontes-1\\\/#primaryimage\"},\"thumbnailUrl\":\"https:\\\/\\\/anxovarela.es\\\/sc\\\/wp-content\\\/uploads\\\/2024\\\/11\\\/1-01.gif\",\"datePublished\":\"2024-09-20T19:29:33+00:00\",\"dateModified\":\"2024-11-09T16:11:39+00:00\",\"breadcrumb\":{\"@id\":\"https:\\\/\\\/www.santacombanamemoria.eu\\\/sc\\\/index.php\\\/fontes-1\\\/#breadcrumb\"},\"inLanguage\":\"es\",\"potentialAction\":[{\"@type\":\"ReadAction\",\"target\":[\"https:\\\/\\\/www.santacombanamemoria.eu\\\/sc\\\/index.php\\\/fontes-1\\\/\"]}]},{\"@type\":\"ImageObject\",\"inLanguage\":\"es\",\"@id\":\"https:\\\/\\\/www.santacombanamemoria.eu\\\/sc\\\/index.php\\\/fontes-1\\\/#primaryimage\",\"url\":\"https:\\\/\\\/anxovarela.es\\\/sc\\\/wp-content\\\/uploads\\\/2024\\\/11\\\/1-01.gif\",\"contentUrl\":\"https:\\\/\\\/anxovarela.es\\\/sc\\\/wp-content\\\/uploads\\\/2024\\\/11\\\/1-01.gif\"},{\"@type\":\"BreadcrumbList\",\"@id\":\"https:\\\/\\\/www.santacombanamemoria.eu\\\/sc\\\/index.php\\\/fontes-1\\\/#breadcrumb\",\"itemListElement\":[{\"@type\":\"ListItem\",\"position\":1,\"name\":\"Portada\",\"item\":\"https:\\\/\\\/www.santacombanamemoria.eu\\\/sc\\\/\"},{\"@type\":\"ListItem\",\"position\":2,\"name\":\"Fontes 1\"}]},{\"@type\":\"WebSite\",\"@id\":\"https:\\\/\\\/www.santacombanamemoria.eu\\\/sc\\\/#website\",\"url\":\"https:\\\/\\\/www.santacombanamemoria.eu\\\/sc\\\/\",\"name\":\"Santa Comba na Memoria\",\"description\":\"Unha fiestra ao pasado dende o ano 1900\",\"publisher\":{\"@id\":\"https:\\\/\\\/www.santacombanamemoria.eu\\\/sc\\\/#organization\"},\"alternateName\":\"Historia fotogr\u00e1fica do concello de Santa Comba\",\"potentialAction\":[{\"@type\":\"SearchAction\",\"target\":{\"@type\":\"EntryPoint\",\"urlTemplate\":\"https:\\\/\\\/www.santacombanamemoria.eu\\\/sc\\\/?s={search_term_string}\"},\"query-input\":{\"@type\":\"PropertyValueSpecification\",\"valueRequired\":true,\"valueName\":\"search_term_string\"}}],\"inLanguage\":\"es\"},{\"@type\":\"Organization\",\"@id\":\"https:\\\/\\\/www.santacombanamemoria.eu\\\/sc\\\/#organization\",\"name\":\"Santa Comba na Memoria\",\"alternateName\":\"Santa Comba na Memoria\",\"url\":\"https:\\\/\\\/www.santacombanamemoria.eu\\\/sc\\\/\",\"logo\":{\"@type\":\"ImageObject\",\"inLanguage\":\"es\",\"@id\":\"https:\\\/\\\/www.santacombanamemoria.eu\\\/sc\\\/#\\\/schema\\\/logo\\\/image\\\/\",\"url\":\"https:\\\/\\\/www.santacombanamemoria.eu\\\/sc\\\/wp-content\\\/uploads\\\/slider2\\\/Editorg_design_05-12-17--25.jpeg\",\"contentUrl\":\"https:\\\/\\\/www.santacombanamemoria.eu\\\/sc\\\/wp-content\\\/uploads\\\/slider2\\\/Editorg_design_05-12-17--25.jpeg\",\"width\":1702,\"height\":680,\"caption\":\"Santa Comba na Memoria\"},\"image\":{\"@id\":\"https:\\\/\\\/www.santacombanamemoria.eu\\\/sc\\\/#\\\/schema\\\/logo\\\/image\\\/\"}}]}<\/script>\n<!-- \/ Yoast SEO plugin. -->","yoast_head_json":{"title":"Fontes 1 - Santa Comba na Memoria","robots":{"index":"index","follow":"follow","max-snippet":"max-snippet:-1","max-image-preview":"max-image-preview:large","max-video-preview":"max-video-preview:-1"},"canonical":"https:\/\/www.santacombanamemoria.eu\/sc\/index.php\/fontes-1\/","og_locale":"es_ES","og_type":"article","og_title":"Fontes 1 - Santa Comba na Memoria","og_description":"Fontes na comarca do Xallas en Santa Comba Informe d\u00faas p\u00e1xinas 2 Caracterizaci\u00f3n F\u00edsico-Qu\u00edmica de las aguas subterr\u00e1neas del Ayuntamiento de Santa Comba El Ayuntamiento de Santa Comba se encuentra sobre suelos (podsoles) que se desarrollan sobre rocas \u00e1cidas (granitos). As\u00ed mismo se caracteriza porque la mayor\u00eda de su poblaci\u00f3n se dedica a la agricultura LEER M\u00c1S","og_url":"https:\/\/www.santacombanamemoria.eu\/sc\/index.php\/fontes-1\/","og_site_name":"Santa Comba na Memoria","article_modified_time":"2024-11-09T16:11:39+00:00","og_image":[{"url":"https:\/\/anxovarela.es\/sc\/wp-content\/uploads\/2024\/11\/1-01.gif","type":"","width":"","height":""}],"twitter_card":"summary_large_image","twitter_misc":{"Tiempo de lectura":"4 minutos"},"schema":{"@context":"https:\/\/schema.org","@graph":[{"@type":"WebPage","@id":"https:\/\/www.santacombanamemoria.eu\/sc\/index.php\/fontes-1\/","url":"https:\/\/www.santacombanamemoria.eu\/sc\/index.php\/fontes-1\/","name":"Fontes 1 - Santa Comba na Memoria","isPartOf":{"@id":"https:\/\/www.santacombanamemoria.eu\/sc\/#website"},"primaryImageOfPage":{"@id":"https:\/\/www.santacombanamemoria.eu\/sc\/index.php\/fontes-1\/#primaryimage"},"image":{"@id":"https:\/\/www.santacombanamemoria.eu\/sc\/index.php\/fontes-1\/#primaryimage"},"thumbnailUrl":"https:\/\/anxovarela.es\/sc\/wp-content\/uploads\/2024\/11\/1-01.gif","datePublished":"2024-09-20T19:29:33+00:00","dateModified":"2024-11-09T16:11:39+00:00","breadcrumb":{"@id":"https:\/\/www.santacombanamemoria.eu\/sc\/index.php\/fontes-1\/#breadcrumb"},"inLanguage":"es","potentialAction":[{"@type":"ReadAction","target":["https:\/\/www.santacombanamemoria.eu\/sc\/index.php\/fontes-1\/"]}]},{"@type":"ImageObject","inLanguage":"es","@id":"https:\/\/www.santacombanamemoria.eu\/sc\/index.php\/fontes-1\/#primaryimage","url":"https:\/\/anxovarela.es\/sc\/wp-content\/uploads\/2024\/11\/1-01.gif","contentUrl":"https:\/\/anxovarela.es\/sc\/wp-content\/uploads\/2024\/11\/1-01.gif"},{"@type":"BreadcrumbList","@id":"https:\/\/www.santacombanamemoria.eu\/sc\/index.php\/fontes-1\/#breadcrumb","itemListElement":[{"@type":"ListItem","position":1,"name":"Portada","item":"https:\/\/www.santacombanamemoria.eu\/sc\/"},{"@type":"ListItem","position":2,"name":"Fontes 1"}]},{"@type":"WebSite","@id":"https:\/\/www.santacombanamemoria.eu\/sc\/#website","url":"https:\/\/www.santacombanamemoria.eu\/sc\/","name":"Santa Comba na Memoria","description":"Unha fiestra ao pasado dende o ano 1900","publisher":{"@id":"https:\/\/www.santacombanamemoria.eu\/sc\/#organization"},"alternateName":"Historia fotogr\u00e1fica do concello de Santa Comba","potentialAction":[{"@type":"SearchAction","target":{"@type":"EntryPoint","urlTemplate":"https:\/\/www.santacombanamemoria.eu\/sc\/?s={search_term_string}"},"query-input":{"@type":"PropertyValueSpecification","valueRequired":true,"valueName":"search_term_string"}}],"inLanguage":"es"},{"@type":"Organization","@id":"https:\/\/www.santacombanamemoria.eu\/sc\/#organization","name":"Santa Comba na Memoria","alternateName":"Santa Comba na Memoria","url":"https:\/\/www.santacombanamemoria.eu\/sc\/","logo":{"@type":"ImageObject","inLanguage":"es","@id":"https:\/\/www.santacombanamemoria.eu\/sc\/#\/schema\/logo\/image\/","url":"https:\/\/www.santacombanamemoria.eu\/sc\/wp-content\/uploads\/slider2\/Editorg_design_05-12-17--25.jpeg","contentUrl":"https:\/\/www.santacombanamemoria.eu\/sc\/wp-content\/uploads\/slider2\/Editorg_design_05-12-17--25.jpeg","width":1702,"height":680,"caption":"Santa Comba na Memoria"},"image":{"@id":"https:\/\/www.santacombanamemoria.eu\/sc\/#\/schema\/logo\/image\/"}}]}},"jetpack_sharing_enabled":true,"_links":{"self":[{"href":"https:\/\/www.santacombanamemoria.eu\/sc\/index.php\/wp-json\/wp\/v2\/pages\/189","targetHints":{"allow":["GET"]}}],"collection":[{"href":"https:\/\/www.santacombanamemoria.eu\/sc\/index.php\/wp-json\/wp\/v2\/pages"}],"about":[{"href":"https:\/\/www.santacombanamemoria.eu\/sc\/index.php\/wp-json\/wp\/v2\/types\/page"}],"author":[{"embeddable":true,"href":"https:\/\/www.santacombanamemoria.eu\/sc\/index.php\/wp-json\/wp\/v2\/users\/1"}],"replies":[{"embeddable":true,"href":"https:\/\/www.santacombanamemoria.eu\/sc\/index.php\/wp-json\/wp\/v2\/comments?post=189"}],"version-history":[{"count":5,"href":"https:\/\/www.santacombanamemoria.eu\/sc\/index.php\/wp-json\/wp\/v2\/pages\/189\/revisions"}],"predecessor-version":[{"id":2849,"href":"https:\/\/www.santacombanamemoria.eu\/sc\/index.php\/wp-json\/wp\/v2\/pages\/189\/revisions\/2849"}],"wp:attachment":[{"href":"https:\/\/www.santacombanamemoria.eu\/sc\/index.php\/wp-json\/wp\/v2\/media?parent=189"}],"curies":[{"name":"wp","href":"https:\/\/api.w.org\/{rel}","templated":true}]}}