{"id":212,"date":"2024-09-20T19:34:33","date_gmt":"2024-09-20T19:34:33","guid":{"rendered":"https:\/\/anxovarela.es\/sc\/?page_id=212"},"modified":"2025-12-17T16:23:49","modified_gmt":"2025-12-17T15:23:49","slug":"rede-hidrografica","status":"publish","type":"page","link":"https:\/\/www.santacombanamemoria.eu\/sc\/index.php\/rede-hidrografica\/","title":{"rendered":"Rede Hidrogr\u00e1fica"},"content":{"rendered":"\r\n<p>RIO XALLAS UNICO EN EUROPA EMBLEMA DUNHA BISBARRA<br>O r\u00edo Xallas \u00e9 o elemento definidor da bisbarra. Drena e articula a paisaxe recollendo cursos de auga mentres cruza o concello de norleste a suroeste e divide o municipio nunha parte norte e outra sur, para proseguir por Mazaricos e desembocar na r\u00eda do \u00c9zaro no municipio de Dumbr\u00eda. Pero o Xallas \u00e9 realmente r\u00edo no municipio de Santa Comba, onde nace, donde lle d\u00e1 xentilicio \u00f3s poboadores do contorno e onde se manifesta libremente na natureza descendendo polo seu cauce. F\u00f3ra do termo municipal de Santa Comba o r\u00edo pouco ten que ver con un de verdade, onde as s\u00faas augas se converten nunha m\u00e1quina de producir electricidade e nunha antolox\u00eda da explotaci\u00f3n industrial durante m\u00e1is de un s\u00e9culo.<\/p>\r\n\r\n\r\n\r\nngg_shortcode_0_placeholder\r\n","protected":false},"excerpt":{"rendered":"<p>RIO XALLAS UNICO EN EUROPA EMBLEMA DUNHA BISBARRAO r\u00edo Xallas \u00e9 o elemento definidor da bisbarra. Drena e articula a paisaxe recollendo cursos de auga mentres cruza o concello de norleste a suroeste e divide o municipio nunha parte norte e outra sur, para proseguir por Mazaricos e desembocar na r\u00eda do \u00c9zaro no municipio <a class=\"read-more\" href=\"https:\/\/www.santacombanamemoria.eu\/sc\/index.php\/rede-hidrografica\/\">LEER M\u00c1S<\/a><\/p>\n","protected":false},"author":1,"featured_media":0,"parent":0,"menu_order":0,"comment_status":"closed","ping_status":"closed","template":"","meta":{"_eb_attr":"","ngg_post_thumbnail":0,"footnotes":""},"class_list":["post-212","page","type-page","status-publish","hentry"],"yoast_head":"<!-- This site is optimized with the Yoast SEO plugin v27.3 - https:\/\/yoast.com\/product\/yoast-seo-wordpress\/ -->\n<title>Rede Hidrogr\u00e1fica - Santa Comba na Memoria<\/title>\n<meta name=\"robots\" content=\"index, follow, max-snippet:-1, max-image-preview:large, max-video-preview:-1\" \/>\n<link rel=\"canonical\" href=\"https:\/\/www.santacombanamemoria.eu\/sc\/index.php\/rede-hidrografica\/\" \/>\n<meta property=\"og:locale\" content=\"es_ES\" \/>\n<meta property=\"og:type\" content=\"article\" \/>\n<meta property=\"og:title\" content=\"Rede Hidrogr\u00e1fica - Santa Comba na Memoria\" \/>\n<meta property=\"og:description\" content=\"RIO XALLAS UNICO EN EUROPA EMBLEMA DUNHA BISBARRAO r\u00edo Xallas \u00e9 o elemento definidor da bisbarra. Drena e articula a paisaxe recollendo cursos de auga mentres cruza o concello de norleste a suroeste e divide o municipio nunha parte norte e outra sur, para proseguir por Mazaricos e desembocar na r\u00eda do \u00c9zaro no municipio LEER M\u00c1S\" \/>\n<meta property=\"og:url\" content=\"https:\/\/www.santacombanamemoria.eu\/sc\/index.php\/rede-hidrografica\/\" \/>\n<meta property=\"og:site_name\" content=\"Santa Comba na Memoria\" \/>\n<meta property=\"article:modified_time\" content=\"2025-12-17T15:23:49+00:00\" \/>\n<meta property=\"og:image\" content=\"https:\/\/www.santacombanamemoria.eu\/sc\/wp-content\/uploads\/slider2\/Editorg_design_05-12-17--25.jpeg\" \/>\n\t<meta property=\"og:image:width\" content=\"1702\" \/>\n\t<meta property=\"og:image:height\" content=\"680\" \/>\n\t<meta property=\"og:image:type\" content=\"image\/jpeg\" \/>\n<meta name=\"twitter:card\" content=\"summary_large_image\" \/>\n<meta name=\"twitter:label1\" content=\"Tiempo de lectura\" \/>\n\t<meta name=\"twitter:data1\" content=\"1 minuto\" \/>\n<script type=\"application\/ld+json\" class=\"yoast-schema-graph\">{\"@context\":\"https:\\\/\\\/schema.org\",\"@graph\":[{\"@type\":\"WebPage\",\"@id\":\"https:\\\/\\\/www.santacombanamemoria.eu\\\/sc\\\/index.php\\\/rede-hidrografica\\\/\",\"url\":\"https:\\\/\\\/www.santacombanamemoria.eu\\\/sc\\\/index.php\\\/rede-hidrografica\\\/\",\"name\":\"Rede Hidrogr\u00e1fica - Santa Comba na Memoria\",\"isPartOf\":{\"@id\":\"https:\\\/\\\/www.santacombanamemoria.eu\\\/sc\\\/#website\"},\"datePublished\":\"2024-09-20T19:34:33+00:00\",\"dateModified\":\"2025-12-17T15:23:49+00:00\",\"breadcrumb\":{\"@id\":\"https:\\\/\\\/www.santacombanamemoria.eu\\\/sc\\\/index.php\\\/rede-hidrografica\\\/#breadcrumb\"},\"inLanguage\":\"es\",\"potentialAction\":[{\"@type\":\"ReadAction\",\"target\":[\"https:\\\/\\\/www.santacombanamemoria.eu\\\/sc\\\/index.php\\\/rede-hidrografica\\\/\"]}]},{\"@type\":\"BreadcrumbList\",\"@id\":\"https:\\\/\\\/www.santacombanamemoria.eu\\\/sc\\\/index.php\\\/rede-hidrografica\\\/#breadcrumb\",\"itemListElement\":[{\"@type\":\"ListItem\",\"position\":1,\"name\":\"Portada\",\"item\":\"https:\\\/\\\/www.santacombanamemoria.eu\\\/sc\\\/\"},{\"@type\":\"ListItem\",\"position\":2,\"name\":\"Rede Hidrogr\u00e1fica\"}]},{\"@type\":\"WebSite\",\"@id\":\"https:\\\/\\\/www.santacombanamemoria.eu\\\/sc\\\/#website\",\"url\":\"https:\\\/\\\/www.santacombanamemoria.eu\\\/sc\\\/\",\"name\":\"Santa Comba na Memoria\",\"description\":\"Unha fiestra ao pasado dende o ano 1900\",\"publisher\":{\"@id\":\"https:\\\/\\\/www.santacombanamemoria.eu\\\/sc\\\/#organization\"},\"alternateName\":\"Historia fotogr\u00e1fica do concello de Santa Comba\",\"potentialAction\":[{\"@type\":\"SearchAction\",\"target\":{\"@type\":\"EntryPoint\",\"urlTemplate\":\"https:\\\/\\\/www.santacombanamemoria.eu\\\/sc\\\/?s={search_term_string}\"},\"query-input\":{\"@type\":\"PropertyValueSpecification\",\"valueRequired\":true,\"valueName\":\"search_term_string\"}}],\"inLanguage\":\"es\"},{\"@type\":\"Organization\",\"@id\":\"https:\\\/\\\/www.santacombanamemoria.eu\\\/sc\\\/#organization\",\"name\":\"Santa Comba na Memoria\",\"alternateName\":\"Santa Comba na Memoria\",\"url\":\"https:\\\/\\\/www.santacombanamemoria.eu\\\/sc\\\/\",\"logo\":{\"@type\":\"ImageObject\",\"inLanguage\":\"es\",\"@id\":\"https:\\\/\\\/www.santacombanamemoria.eu\\\/sc\\\/#\\\/schema\\\/logo\\\/image\\\/\",\"url\":\"https:\\\/\\\/www.santacombanamemoria.eu\\\/sc\\\/wp-content\\\/uploads\\\/slider2\\\/Editorg_design_05-12-17--25.jpeg\",\"contentUrl\":\"https:\\\/\\\/www.santacombanamemoria.eu\\\/sc\\\/wp-content\\\/uploads\\\/slider2\\\/Editorg_design_05-12-17--25.jpeg\",\"width\":1702,\"height\":680,\"caption\":\"Santa Comba na Memoria\"},\"image\":{\"@id\":\"https:\\\/\\\/www.santacombanamemoria.eu\\\/sc\\\/#\\\/schema\\\/logo\\\/image\\\/\"}}]}<\/script>\n<!-- \/ Yoast SEO plugin. -->","yoast_head_json":{"title":"Rede Hidrogr\u00e1fica - Santa Comba na Memoria","robots":{"index":"index","follow":"follow","max-snippet":"max-snippet:-1","max-image-preview":"max-image-preview:large","max-video-preview":"max-video-preview:-1"},"canonical":"https:\/\/www.santacombanamemoria.eu\/sc\/index.php\/rede-hidrografica\/","og_locale":"es_ES","og_type":"article","og_title":"Rede Hidrogr\u00e1fica - Santa Comba na Memoria","og_description":"RIO XALLAS UNICO EN EUROPA EMBLEMA DUNHA BISBARRAO r\u00edo Xallas \u00e9 o elemento definidor da bisbarra. Drena e articula a paisaxe recollendo cursos de auga mentres cruza o concello de norleste a suroeste e divide o municipio nunha parte norte e outra sur, para proseguir por Mazaricos e desembocar na r\u00eda do \u00c9zaro no municipio LEER M\u00c1S","og_url":"https:\/\/www.santacombanamemoria.eu\/sc\/index.php\/rede-hidrografica\/","og_site_name":"Santa Comba na Memoria","article_modified_time":"2025-12-17T15:23:49+00:00","og_image":[{"width":1702,"height":680,"url":"https:\/\/www.santacombanamemoria.eu\/sc\/wp-content\/uploads\/slider2\/Editorg_design_05-12-17--25.jpeg","type":"image\/jpeg"}],"twitter_card":"summary_large_image","twitter_misc":{"Tiempo de lectura":"1 minuto"},"schema":{"@context":"https:\/\/schema.org","@graph":[{"@type":"WebPage","@id":"https:\/\/www.santacombanamemoria.eu\/sc\/index.php\/rede-hidrografica\/","url":"https:\/\/www.santacombanamemoria.eu\/sc\/index.php\/rede-hidrografica\/","name":"Rede Hidrogr\u00e1fica - Santa Comba na Memoria","isPartOf":{"@id":"https:\/\/www.santacombanamemoria.eu\/sc\/#website"},"datePublished":"2024-09-20T19:34:33+00:00","dateModified":"2025-12-17T15:23:49+00:00","breadcrumb":{"@id":"https:\/\/www.santacombanamemoria.eu\/sc\/index.php\/rede-hidrografica\/#breadcrumb"},"inLanguage":"es","potentialAction":[{"@type":"ReadAction","target":["https:\/\/www.santacombanamemoria.eu\/sc\/index.php\/rede-hidrografica\/"]}]},{"@type":"BreadcrumbList","@id":"https:\/\/www.santacombanamemoria.eu\/sc\/index.php\/rede-hidrografica\/#breadcrumb","itemListElement":[{"@type":"ListItem","position":1,"name":"Portada","item":"https:\/\/www.santacombanamemoria.eu\/sc\/"},{"@type":"ListItem","position":2,"name":"Rede Hidrogr\u00e1fica"}]},{"@type":"WebSite","@id":"https:\/\/www.santacombanamemoria.eu\/sc\/#website","url":"https:\/\/www.santacombanamemoria.eu\/sc\/","name":"Santa Comba na Memoria","description":"Unha fiestra ao pasado dende o ano 1900","publisher":{"@id":"https:\/\/www.santacombanamemoria.eu\/sc\/#organization"},"alternateName":"Historia fotogr\u00e1fica do concello de Santa Comba","potentialAction":[{"@type":"SearchAction","target":{"@type":"EntryPoint","urlTemplate":"https:\/\/www.santacombanamemoria.eu\/sc\/?s={search_term_string}"},"query-input":{"@type":"PropertyValueSpecification","valueRequired":true,"valueName":"search_term_string"}}],"inLanguage":"es"},{"@type":"Organization","@id":"https:\/\/www.santacombanamemoria.eu\/sc\/#organization","name":"Santa Comba na Memoria","alternateName":"Santa Comba na Memoria","url":"https:\/\/www.santacombanamemoria.eu\/sc\/","logo":{"@type":"ImageObject","inLanguage":"es","@id":"https:\/\/www.santacombanamemoria.eu\/sc\/#\/schema\/logo\/image\/","url":"https:\/\/www.santacombanamemoria.eu\/sc\/wp-content\/uploads\/slider2\/Editorg_design_05-12-17--25.jpeg","contentUrl":"https:\/\/www.santacombanamemoria.eu\/sc\/wp-content\/uploads\/slider2\/Editorg_design_05-12-17--25.jpeg","width":1702,"height":680,"caption":"Santa Comba na Memoria"},"image":{"@id":"https:\/\/www.santacombanamemoria.eu\/sc\/#\/schema\/logo\/image\/"}}]}},"jetpack_sharing_enabled":true,"_links":{"self":[{"href":"https:\/\/www.santacombanamemoria.eu\/sc\/index.php\/wp-json\/wp\/v2\/pages\/212","targetHints":{"allow":["GET"]}}],"collection":[{"href":"https:\/\/www.santacombanamemoria.eu\/sc\/index.php\/wp-json\/wp\/v2\/pages"}],"about":[{"href":"https:\/\/www.santacombanamemoria.eu\/sc\/index.php\/wp-json\/wp\/v2\/types\/page"}],"author":[{"embeddable":true,"href":"https:\/\/www.santacombanamemoria.eu\/sc\/index.php\/wp-json\/wp\/v2\/users\/1"}],"replies":[{"embeddable":true,"href":"https:\/\/www.santacombanamemoria.eu\/sc\/index.php\/wp-json\/wp\/v2\/comments?post=212"}],"version-history":[{"count":6,"href":"https:\/\/www.santacombanamemoria.eu\/sc\/index.php\/wp-json\/wp\/v2\/pages\/212\/revisions"}],"predecessor-version":[{"id":3349,"href":"https:\/\/www.santacombanamemoria.eu\/sc\/index.php\/wp-json\/wp\/v2\/pages\/212\/revisions\/3349"}],"wp:attachment":[{"href":"https:\/\/www.santacombanamemoria.eu\/sc\/index.php\/wp-json\/wp\/v2\/media?parent=212"}],"curies":[{"name":"wp","href":"https:\/\/api.w.org\/{rel}","templated":true}]}}