{"id":216,"date":"2024-09-20T19:37:25","date_gmt":"2024-09-20T19:37:25","guid":{"rendered":"https:\/\/anxovarela.es\/sc\/?page_id=216"},"modified":"2024-11-09T19:02:57","modified_gmt":"2024-11-09T19:02:57","slug":"chiste-de-cogumelos","status":"publish","type":"page","link":"https:\/\/www.santacombanamemoria.eu\/sc\/index.php\/chiste-de-cogumelos\/","title":{"rendered":"Chistes de Cogumelos"},"content":{"rendered":"\r\n<h2 class=\"wp-block-heading\">Chistes de cogomelos<\/h2>\r\n\r\n\r\n\r\n<h3 class=\"wp-block-heading\">Todos los hongos son comestible, claro que algunos solamente una vez ..<\/h3>\r\n<p>&nbsp;<\/p>\r\n\r\n\r\n\r\n<figure class=\"wp-block-image\"><img decoding=\"async\" src=\"http:\/\/web.archive.org\/web\/20181210124912im_\/http:\/\/www.santacombanamemoria.es\/wp-content\/uploads\/2013\/04\/1.jpg\" alt=\"Chiste de setas en Santa Comba\"><\/figure>\r\n\r\n\r\n\r\n<p>Van dos amigos vascos una ma\u00f1ana a coger setas al bosque, y de repente ve uno algo brillar en el suelo y al acercarse exclama:<br>\u2013 \u00a1\u00a1\u00a1Anda Patxi mira, un rolex y de oro ,la ostia!!!.<br>A lo que el otro le contesta:<br>\u2013 \u00a1\u00a1Anda tira eso!!<br>\u00a1\u00a1Aqu\u00ed a que hemos venido!!<br>\u00a1\u00a1A por rolex o a por setas!!<\/p>\r\n\r\n\r\n\r\n\r\n\r\n<p>\u2013 Camarero, sirvame una raci\u00f3n de setas!<br>\u2013 4\u20ac, se\u00f1or.<br>\u2013 Pero c\u00f3mo, \u00bftengo que pagar antes de que me sirvan?<br>\u2013 Es que comprender\u00e1 que con las setas nunca se sabe qu\u00e9 puede ocurrir.<\/p>\r\n\r\n\r\n\r\n\r\n\r\n<p><img fetchpriority=\"high\" decoding=\"async\" class=\"alignnone  wp-image-2934\" src=\"https:\/\/anxovarela.es\/sc\/wp-content\/uploads\/2024\/11\/chiste-1-227x333.jpg\" alt=\"\" width=\"400\" height=\"587\" srcset=\"https:\/\/www.santacombanamemoria.eu\/sc\/wp-content\/uploads\/2024\/11\/chiste-1-227x333.jpg 227w, https:\/\/www.santacombanamemoria.eu\/sc\/wp-content\/uploads\/2024\/11\/chiste-1-318x466.jpg 318w, https:\/\/www.santacombanamemoria.eu\/sc\/wp-content\/uploads\/2024\/11\/chiste-1.jpg 600w\" sizes=\"(max-width: 400px) 100vw, 400px\" \/><\/p>\r\n<p>&nbsp;<img decoding=\"async\" class=\"alignnone  wp-image-2932\" src=\"https:\/\/anxovarela.es\/sc\/wp-content\/uploads\/2024\/11\/chiste-3-333x333.png\" alt=\"\" width=\"485\" height=\"485\" srcset=\"https:\/\/www.santacombanamemoria.eu\/sc\/wp-content\/uploads\/2024\/11\/chiste-3-333x333.png 333w, https:\/\/www.santacombanamemoria.eu\/sc\/wp-content\/uploads\/2024\/11\/chiste-3-466x466.png 466w, https:\/\/www.santacombanamemoria.eu\/sc\/wp-content\/uploads\/2024\/11\/chiste-3-768x768.png 768w, https:\/\/www.santacombanamemoria.eu\/sc\/wp-content\/uploads\/2024\/11\/chiste-3.png 1200w\" sizes=\"(max-width: 485px) 100vw, 485px\" \/><\/p>\r\n<p><img decoding=\"async\" class=\"alignnone  wp-image-2931\" src=\"https:\/\/anxovarela.es\/sc\/wp-content\/uploads\/2024\/11\/chiste-4-555x299.jpg\" alt=\"\" width=\"637\" height=\"343\" srcset=\"https:\/\/www.santacombanamemoria.eu\/sc\/wp-content\/uploads\/2024\/11\/chiste-4-555x299.jpg 555w, https:\/\/www.santacombanamemoria.eu\/sc\/wp-content\/uploads\/2024\/11\/chiste-4-770x415.jpg 770w, https:\/\/www.santacombanamemoria.eu\/sc\/wp-content\/uploads\/2024\/11\/chiste-4-768x414.jpg 768w, https:\/\/www.santacombanamemoria.eu\/sc\/wp-content\/uploads\/2024\/11\/chiste-4-1536x827.jpg 1536w, https:\/\/www.santacombanamemoria.eu\/sc\/wp-content\/uploads\/2024\/11\/chiste-4.jpg 2048w\" sizes=\"(max-width: 637px) 100vw, 637px\" \/><\/p>\r\n<p><img loading=\"lazy\" decoding=\"async\" class=\"alignnone  wp-image-2930\" src=\"https:\/\/anxovarela.es\/sc\/wp-content\/uploads\/2024\/11\/chiste-5-555x291.jpg\" alt=\"\" width=\"618\" height=\"324\" srcset=\"https:\/\/www.santacombanamemoria.eu\/sc\/wp-content\/uploads\/2024\/11\/chiste-5-555x291.jpg 555w, https:\/\/www.santacombanamemoria.eu\/sc\/wp-content\/uploads\/2024\/11\/chiste-5-770x403.jpg 770w, https:\/\/www.santacombanamemoria.eu\/sc\/wp-content\/uploads\/2024\/11\/chiste-5-768x402.jpg 768w, https:\/\/www.santacombanamemoria.eu\/sc\/wp-content\/uploads\/2024\/11\/chiste-5.jpg 960w\" sizes=\"(max-width: 618px) 100vw, 618px\" \/><\/p>\r\n<p><img loading=\"lazy\" decoding=\"async\" class=\"alignnone  wp-image-2929\" src=\"https:\/\/anxovarela.es\/sc\/wp-content\/uploads\/2024\/11\/chiste-6-555x291.jpg\" alt=\"\" width=\"629\" height=\"330\" srcset=\"https:\/\/www.santacombanamemoria.eu\/sc\/wp-content\/uploads\/2024\/11\/chiste-6-555x291.jpg 555w, https:\/\/www.santacombanamemoria.eu\/sc\/wp-content\/uploads\/2024\/11\/chiste-6-770x404.jpg 770w, https:\/\/www.santacombanamemoria.eu\/sc\/wp-content\/uploads\/2024\/11\/chiste-6-768x402.jpg 768w, https:\/\/www.santacombanamemoria.eu\/sc\/wp-content\/uploads\/2024\/11\/chiste-6.jpg 1080w\" sizes=\"(max-width: 629px) 100vw, 629px\" \/><\/p>\r\n<p><img loading=\"lazy\" decoding=\"async\" class=\"alignnone  wp-image-2928\" src=\"https:\/\/anxovarela.es\/sc\/wp-content\/uploads\/2024\/11\/chiste-7-555x202.jpg\" alt=\"\" width=\"624\" height=\"227\" srcset=\"https:\/\/www.santacombanamemoria.eu\/sc\/wp-content\/uploads\/2024\/11\/chiste-7-555x202.jpg 555w, https:\/\/www.santacombanamemoria.eu\/sc\/wp-content\/uploads\/2024\/11\/chiste-7.jpg 712w\" sizes=\"(max-width: 624px) 100vw, 624px\" \/><\/p>\r\n<p>&nbsp;<img loading=\"lazy\" decoding=\"async\" class=\"alignnone  wp-image-2926\" src=\"https:\/\/anxovarela.es\/sc\/wp-content\/uploads\/2024\/11\/chiste-9-555x202.jpg\" alt=\"\" width=\"591\" height=\"215\" srcset=\"https:\/\/www.santacombanamemoria.eu\/sc\/wp-content\/uploads\/2024\/11\/chiste-9-555x202.jpg 555w, https:\/\/www.santacombanamemoria.eu\/sc\/wp-content\/uploads\/2024\/11\/chiste-9.jpg 650w\" sizes=\"(max-width: 591px) 100vw, 591px\" \/><\/p>\r\n<p><img loading=\"lazy\" decoding=\"async\" class=\"alignnone  wp-image-2925\" src=\"https:\/\/anxovarela.es\/sc\/wp-content\/uploads\/2024\/11\/chiste-10-555x202.jpeg\" alt=\"\" width=\"593\" height=\"216\" srcset=\"https:\/\/www.santacombanamemoria.eu\/sc\/wp-content\/uploads\/2024\/11\/chiste-10-555x202.jpeg 555w, https:\/\/www.santacombanamemoria.eu\/sc\/wp-content\/uploads\/2024\/11\/chiste-10.jpeg 650w\" sizes=\"(max-width: 593px) 100vw, 593px\" \/><\/p>\r\n<p><img loading=\"lazy\" decoding=\"async\" class=\"alignnone  wp-image-2924\" src=\"https:\/\/anxovarela.es\/sc\/wp-content\/uploads\/2024\/11\/chiste-11-555x202.jpg\" alt=\"\" width=\"629\" height=\"229\" srcset=\"https:\/\/www.santacombanamemoria.eu\/sc\/wp-content\/uploads\/2024\/11\/chiste-11-555x202.jpg 555w, https:\/\/www.santacombanamemoria.eu\/sc\/wp-content\/uploads\/2024\/11\/chiste-11.jpg 650w\" sizes=\"(max-width: 629px) 100vw, 629px\" \/><\/p>\r\n<p>&nbsp;<\/p>\r\n<p><img loading=\"lazy\" decoding=\"async\" class=\"alignnone  wp-image-2922\" src=\"https:\/\/anxovarela.es\/sc\/wp-content\/uploads\/2024\/11\/chiste-13-555x232.jpg\" alt=\"\" width=\"665\" height=\"278\" srcset=\"https:\/\/www.santacombanamemoria.eu\/sc\/wp-content\/uploads\/2024\/11\/chiste-13-555x232.jpg 555w, https:\/\/www.santacombanamemoria.eu\/sc\/wp-content\/uploads\/2024\/11\/chiste-13-770x322.jpg 770w, https:\/\/www.santacombanamemoria.eu\/sc\/wp-content\/uploads\/2024\/11\/chiste-13-768x321.jpg 768w, https:\/\/www.santacombanamemoria.eu\/sc\/wp-content\/uploads\/2024\/11\/chiste-13.jpg 886w\" sizes=\"(max-width: 665px) 100vw, 665px\" \/><\/p>\r\n<p><img loading=\"lazy\" decoding=\"async\" class=\"alignnone  wp-image-2921\" src=\"https:\/\/anxovarela.es\/sc\/wp-content\/uploads\/2024\/11\/chiste-14-555x202.jpg\" alt=\"\" width=\"662\" height=\"241\" srcset=\"https:\/\/www.santacombanamemoria.eu\/sc\/wp-content\/uploads\/2024\/11\/chiste-14-555x202.jpg 555w, https:\/\/www.santacombanamemoria.eu\/sc\/wp-content\/uploads\/2024\/11\/chiste-14-770x281.jpg 770w, https:\/\/www.santacombanamemoria.eu\/sc\/wp-content\/uploads\/2024\/11\/chiste-14-768x280.jpg 768w, https:\/\/www.santacombanamemoria.eu\/sc\/wp-content\/uploads\/2024\/11\/chiste-14.jpg 1280w\" sizes=\"(max-width: 662px) 100vw, 662px\" \/><\/p>\r\n<p><img loading=\"lazy\" decoding=\"async\" class=\"alignnone  wp-image-2920\" src=\"https:\/\/anxovarela.es\/sc\/wp-content\/uploads\/2024\/11\/chistes-seta1-555x291.jpg\" alt=\"\" width=\"654\" height=\"343\" srcset=\"https:\/\/www.santacombanamemoria.eu\/sc\/wp-content\/uploads\/2024\/11\/chistes-seta1-555x291.jpg 555w, https:\/\/www.santacombanamemoria.eu\/sc\/wp-content\/uploads\/2024\/11\/chistes-seta1-770x403.jpg 770w, https:\/\/www.santacombanamemoria.eu\/sc\/wp-content\/uploads\/2024\/11\/chistes-seta1-768x402.jpg 768w, https:\/\/www.santacombanamemoria.eu\/sc\/wp-content\/uploads\/2024\/11\/chistes-seta1.jpg 960w\" sizes=\"(max-width: 654px) 100vw, 654px\" \/><\/p>\r\n<p>Le pregunta uno de los amigos al viudo:<br>\u00a1Qu\u00e9 mala suerte tienes, esta es la tercera mujer que se te muere!<br>Responde el viudo:<br>-Efectivamente, es la tercera.<br>-Le pregunta otro, oye perdona, \u00bfde que se te muri\u00f3 la primera mujer?,<br>-Se me muri\u00f3 de comer setas,<br>-Vaya que mala suerte,<br>-Oye, y la segunda, \u00bfde que se te muri\u00f3?<br>-Tambi\u00e9n de comer setas, responde\u2026 vaya que mala suerte,<br>-\u00bfOye esta \u00faltima no se te habr\u00e1 muerto de comer setas?<br>-No , esta se me muri\u00f3 de golpe,<br>\u00bfTuvo un accidente de tr\u00e1fico?<br>-No que va, del golpe que tuve que darle , porque no se quer\u00eda comer las setas\u2026<\/p>\r\n\r\n\r\n\r\n\r\n\r\n<figure class=\"wp-block-image\"><img decoding=\"async\" title=\"Chiste se setas en Santa Comba\" src=\"http:\/\/web.archive.org\/web\/20181210124912im_\/http:\/\/www.santacombanamemoria.es\/wp-content\/uploads\/2013\/04\/5.jpg\" alt=\"Chiste se setas en Santa Comba\"><\/figure>\r\n\r\n\r\n\r\n<figure class=\"wp-block-image\"><img decoding=\"async\" title=\"Chiste se setas en Santa Comba\" src=\"http:\/\/web.archive.org\/web\/20181210124912im_\/http:\/\/www.santacombanamemoria.es\/wp-content\/uploads\/2013\/04\/6.jpg\" alt=\"Chiste se setas en Santa Comba\"><\/figure>\r\n\r\n\r\n\r\n\r\n\r\n<figure class=\"wp-block-image\"><img loading=\"lazy\" decoding=\"async\" class=\"\" title=\"Chiste se setas en Santa Comba\" src=\"http:\/\/web.archive.org\/web\/20181210124912im_\/http:\/\/www.santacombanamemoria.es\/wp-content\/uploads\/2013\/04\/9.jpg\" alt=\"Chiste se setas en Santa Comba\" width=\"613\" height=\"451\"><\/figure>\r\n\r\n\r\n\r\n<figure class=\"wp-block-image\"><img decoding=\"async\" title=\"Chiste se setas en Santa Comba\" src=\"http:\/\/web.archive.org\/web\/20181210124912im_\/http:\/\/www.santacombanamemoria.es\/wp-content\/uploads\/2013\/04\/5-2.jpg\" alt=\"Chiste se setas en Santa Comba\"><\/figure>\r\n\r\n\r\n","protected":false},"excerpt":{"rendered":"<p>Chistes de cogomelos Todos los hongos son comestible, claro que algunos solamente una vez .. &nbsp; Van dos amigos vascos una ma\u00f1ana a coger setas al bosque, y de repente ve uno algo brillar en el suelo y al acercarse exclama:\u2013 \u00a1\u00a1\u00a1Anda Patxi mira, un rolex y de oro ,la ostia!!!.A lo que el otro <a class=\"read-more\" href=\"https:\/\/www.santacombanamemoria.eu\/sc\/index.php\/chiste-de-cogumelos\/\">LEER M\u00c1S<\/a><\/p>\n","protected":false},"author":1,"featured_media":0,"parent":0,"menu_order":0,"comment_status":"closed","ping_status":"closed","template":"","meta":{"_eb_attr":"","ngg_post_thumbnail":0,"footnotes":""},"class_list":["post-216","page","type-page","status-publish","hentry"],"yoast_head":"<!-- This site is optimized with the Yoast SEO plugin v27.3 - https:\/\/yoast.com\/product\/yoast-seo-wordpress\/ -->\n<title>Chistes de Cogumelos - Santa Comba na Memoria<\/title>\n<meta name=\"robots\" content=\"index, follow, max-snippet:-1, max-image-preview:large, max-video-preview:-1\" \/>\n<link rel=\"canonical\" href=\"https:\/\/www.santacombanamemoria.eu\/sc\/index.php\/chiste-de-cogumelos\/\" \/>\n<meta property=\"og:locale\" content=\"es_ES\" \/>\n<meta property=\"og:type\" content=\"article\" \/>\n<meta property=\"og:title\" content=\"Chistes de Cogumelos - Santa Comba na Memoria\" \/>\n<meta property=\"og:description\" content=\"Chistes de cogomelos Todos los hongos son comestible, claro que algunos solamente una vez .. &nbsp; Van dos amigos vascos una ma\u00f1ana a coger setas al bosque, y de repente ve uno algo brillar en el suelo y al acercarse exclama:\u2013 \u00a1\u00a1\u00a1Anda Patxi mira, un rolex y de oro ,la ostia!!!.A lo que el otro LEER M\u00c1S\" \/>\n<meta property=\"og:url\" content=\"https:\/\/www.santacombanamemoria.eu\/sc\/index.php\/chiste-de-cogumelos\/\" \/>\n<meta property=\"og:site_name\" content=\"Santa Comba na Memoria\" \/>\n<meta property=\"article:modified_time\" content=\"2024-11-09T19:02:57+00:00\" \/>\n<meta property=\"og:image\" content=\"http:\/\/web.archive.org\/web\/20181210124912im_\/http:\/\/www.santacombanamemoria.es\/wp-content\/uploads\/2013\/04\/1.jpg\" \/>\n<meta name=\"twitter:card\" content=\"summary_large_image\" \/>\n<meta name=\"twitter:label1\" content=\"Tiempo de lectura\" \/>\n\t<meta name=\"twitter:data1\" content=\"5 minutos\" \/>\n<script type=\"application\/ld+json\" class=\"yoast-schema-graph\">{\"@context\":\"https:\\\/\\\/schema.org\",\"@graph\":[{\"@type\":\"WebPage\",\"@id\":\"https:\\\/\\\/www.santacombanamemoria.eu\\\/sc\\\/index.php\\\/chiste-de-cogumelos\\\/\",\"url\":\"https:\\\/\\\/www.santacombanamemoria.eu\\\/sc\\\/index.php\\\/chiste-de-cogumelos\\\/\",\"name\":\"Chistes de Cogumelos - Santa Comba na Memoria\",\"isPartOf\":{\"@id\":\"https:\\\/\\\/www.santacombanamemoria.eu\\\/sc\\\/#website\"},\"primaryImageOfPage\":{\"@id\":\"https:\\\/\\\/www.santacombanamemoria.eu\\\/sc\\\/index.php\\\/chiste-de-cogumelos\\\/#primaryimage\"},\"image\":{\"@id\":\"https:\\\/\\\/www.santacombanamemoria.eu\\\/sc\\\/index.php\\\/chiste-de-cogumelos\\\/#primaryimage\"},\"thumbnailUrl\":\"http:\\\/\\\/web.archive.org\\\/web\\\/20181210124912im_\\\/http:\\\/\\\/www.santacombanamemoria.es\\\/wp-content\\\/uploads\\\/2013\\\/04\\\/1.jpg\",\"datePublished\":\"2024-09-20T19:37:25+00:00\",\"dateModified\":\"2024-11-09T19:02:57+00:00\",\"breadcrumb\":{\"@id\":\"https:\\\/\\\/www.santacombanamemoria.eu\\\/sc\\\/index.php\\\/chiste-de-cogumelos\\\/#breadcrumb\"},\"inLanguage\":\"es\",\"potentialAction\":[{\"@type\":\"ReadAction\",\"target\":[\"https:\\\/\\\/www.santacombanamemoria.eu\\\/sc\\\/index.php\\\/chiste-de-cogumelos\\\/\"]}]},{\"@type\":\"ImageObject\",\"inLanguage\":\"es\",\"@id\":\"https:\\\/\\\/www.santacombanamemoria.eu\\\/sc\\\/index.php\\\/chiste-de-cogumelos\\\/#primaryimage\",\"url\":\"http:\\\/\\\/web.archive.org\\\/web\\\/20181210124912im_\\\/http:\\\/\\\/www.santacombanamemoria.es\\\/wp-content\\\/uploads\\\/2013\\\/04\\\/1.jpg\",\"contentUrl\":\"http:\\\/\\\/web.archive.org\\\/web\\\/20181210124912im_\\\/http:\\\/\\\/www.santacombanamemoria.es\\\/wp-content\\\/uploads\\\/2013\\\/04\\\/1.jpg\"},{\"@type\":\"BreadcrumbList\",\"@id\":\"https:\\\/\\\/www.santacombanamemoria.eu\\\/sc\\\/index.php\\\/chiste-de-cogumelos\\\/#breadcrumb\",\"itemListElement\":[{\"@type\":\"ListItem\",\"position\":1,\"name\":\"Portada\",\"item\":\"https:\\\/\\\/www.santacombanamemoria.eu\\\/sc\\\/\"},{\"@type\":\"ListItem\",\"position\":2,\"name\":\"Chistes de Cogumelos\"}]},{\"@type\":\"WebSite\",\"@id\":\"https:\\\/\\\/www.santacombanamemoria.eu\\\/sc\\\/#website\",\"url\":\"https:\\\/\\\/www.santacombanamemoria.eu\\\/sc\\\/\",\"name\":\"Santa Comba na Memoria\",\"description\":\"Unha fiestra ao pasado dende o ano 1900\",\"publisher\":{\"@id\":\"https:\\\/\\\/www.santacombanamemoria.eu\\\/sc\\\/#organization\"},\"alternateName\":\"Historia fotogr\u00e1fica do concello de Santa Comba\",\"potentialAction\":[{\"@type\":\"SearchAction\",\"target\":{\"@type\":\"EntryPoint\",\"urlTemplate\":\"https:\\\/\\\/www.santacombanamemoria.eu\\\/sc\\\/?s={search_term_string}\"},\"query-input\":{\"@type\":\"PropertyValueSpecification\",\"valueRequired\":true,\"valueName\":\"search_term_string\"}}],\"inLanguage\":\"es\"},{\"@type\":\"Organization\",\"@id\":\"https:\\\/\\\/www.santacombanamemoria.eu\\\/sc\\\/#organization\",\"name\":\"Santa Comba na Memoria\",\"alternateName\":\"Santa Comba na Memoria\",\"url\":\"https:\\\/\\\/www.santacombanamemoria.eu\\\/sc\\\/\",\"logo\":{\"@type\":\"ImageObject\",\"inLanguage\":\"es\",\"@id\":\"https:\\\/\\\/www.santacombanamemoria.eu\\\/sc\\\/#\\\/schema\\\/logo\\\/image\\\/\",\"url\":\"https:\\\/\\\/www.santacombanamemoria.eu\\\/sc\\\/wp-content\\\/uploads\\\/slider2\\\/Editorg_design_05-12-17--25.jpeg\",\"contentUrl\":\"https:\\\/\\\/www.santacombanamemoria.eu\\\/sc\\\/wp-content\\\/uploads\\\/slider2\\\/Editorg_design_05-12-17--25.jpeg\",\"width\":1702,\"height\":680,\"caption\":\"Santa Comba na Memoria\"},\"image\":{\"@id\":\"https:\\\/\\\/www.santacombanamemoria.eu\\\/sc\\\/#\\\/schema\\\/logo\\\/image\\\/\"}}]}<\/script>\n<!-- \/ Yoast SEO plugin. -->","yoast_head_json":{"title":"Chistes de Cogumelos - Santa Comba na Memoria","robots":{"index":"index","follow":"follow","max-snippet":"max-snippet:-1","max-image-preview":"max-image-preview:large","max-video-preview":"max-video-preview:-1"},"canonical":"https:\/\/www.santacombanamemoria.eu\/sc\/index.php\/chiste-de-cogumelos\/","og_locale":"es_ES","og_type":"article","og_title":"Chistes de Cogumelos - Santa Comba na Memoria","og_description":"Chistes de cogomelos Todos los hongos son comestible, claro que algunos solamente una vez .. &nbsp; Van dos amigos vascos una ma\u00f1ana a coger setas al bosque, y de repente ve uno algo brillar en el suelo y al acercarse exclama:\u2013 \u00a1\u00a1\u00a1Anda Patxi mira, un rolex y de oro ,la ostia!!!.A lo que el otro LEER M\u00c1S","og_url":"https:\/\/www.santacombanamemoria.eu\/sc\/index.php\/chiste-de-cogumelos\/","og_site_name":"Santa Comba na Memoria","article_modified_time":"2024-11-09T19:02:57+00:00","og_image":[{"url":"http:\/\/web.archive.org\/web\/20181210124912im_\/http:\/\/www.santacombanamemoria.es\/wp-content\/uploads\/2013\/04\/1.jpg","type":"","width":"","height":""}],"twitter_card":"summary_large_image","twitter_misc":{"Tiempo de lectura":"5 minutos"},"schema":{"@context":"https:\/\/schema.org","@graph":[{"@type":"WebPage","@id":"https:\/\/www.santacombanamemoria.eu\/sc\/index.php\/chiste-de-cogumelos\/","url":"https:\/\/www.santacombanamemoria.eu\/sc\/index.php\/chiste-de-cogumelos\/","name":"Chistes de Cogumelos - Santa Comba na Memoria","isPartOf":{"@id":"https:\/\/www.santacombanamemoria.eu\/sc\/#website"},"primaryImageOfPage":{"@id":"https:\/\/www.santacombanamemoria.eu\/sc\/index.php\/chiste-de-cogumelos\/#primaryimage"},"image":{"@id":"https:\/\/www.santacombanamemoria.eu\/sc\/index.php\/chiste-de-cogumelos\/#primaryimage"},"thumbnailUrl":"http:\/\/web.archive.org\/web\/20181210124912im_\/http:\/\/www.santacombanamemoria.es\/wp-content\/uploads\/2013\/04\/1.jpg","datePublished":"2024-09-20T19:37:25+00:00","dateModified":"2024-11-09T19:02:57+00:00","breadcrumb":{"@id":"https:\/\/www.santacombanamemoria.eu\/sc\/index.php\/chiste-de-cogumelos\/#breadcrumb"},"inLanguage":"es","potentialAction":[{"@type":"ReadAction","target":["https:\/\/www.santacombanamemoria.eu\/sc\/index.php\/chiste-de-cogumelos\/"]}]},{"@type":"ImageObject","inLanguage":"es","@id":"https:\/\/www.santacombanamemoria.eu\/sc\/index.php\/chiste-de-cogumelos\/#primaryimage","url":"http:\/\/web.archive.org\/web\/20181210124912im_\/http:\/\/www.santacombanamemoria.es\/wp-content\/uploads\/2013\/04\/1.jpg","contentUrl":"http:\/\/web.archive.org\/web\/20181210124912im_\/http:\/\/www.santacombanamemoria.es\/wp-content\/uploads\/2013\/04\/1.jpg"},{"@type":"BreadcrumbList","@id":"https:\/\/www.santacombanamemoria.eu\/sc\/index.php\/chiste-de-cogumelos\/#breadcrumb","itemListElement":[{"@type":"ListItem","position":1,"name":"Portada","item":"https:\/\/www.santacombanamemoria.eu\/sc\/"},{"@type":"ListItem","position":2,"name":"Chistes de Cogumelos"}]},{"@type":"WebSite","@id":"https:\/\/www.santacombanamemoria.eu\/sc\/#website","url":"https:\/\/www.santacombanamemoria.eu\/sc\/","name":"Santa Comba na Memoria","description":"Unha fiestra ao pasado dende o ano 1900","publisher":{"@id":"https:\/\/www.santacombanamemoria.eu\/sc\/#organization"},"alternateName":"Historia fotogr\u00e1fica do concello de Santa Comba","potentialAction":[{"@type":"SearchAction","target":{"@type":"EntryPoint","urlTemplate":"https:\/\/www.santacombanamemoria.eu\/sc\/?s={search_term_string}"},"query-input":{"@type":"PropertyValueSpecification","valueRequired":true,"valueName":"search_term_string"}}],"inLanguage":"es"},{"@type":"Organization","@id":"https:\/\/www.santacombanamemoria.eu\/sc\/#organization","name":"Santa Comba na Memoria","alternateName":"Santa Comba na Memoria","url":"https:\/\/www.santacombanamemoria.eu\/sc\/","logo":{"@type":"ImageObject","inLanguage":"es","@id":"https:\/\/www.santacombanamemoria.eu\/sc\/#\/schema\/logo\/image\/","url":"https:\/\/www.santacombanamemoria.eu\/sc\/wp-content\/uploads\/slider2\/Editorg_design_05-12-17--25.jpeg","contentUrl":"https:\/\/www.santacombanamemoria.eu\/sc\/wp-content\/uploads\/slider2\/Editorg_design_05-12-17--25.jpeg","width":1702,"height":680,"caption":"Santa Comba na Memoria"},"image":{"@id":"https:\/\/www.santacombanamemoria.eu\/sc\/#\/schema\/logo\/image\/"}}]}},"jetpack_sharing_enabled":true,"_links":{"self":[{"href":"https:\/\/www.santacombanamemoria.eu\/sc\/index.php\/wp-json\/wp\/v2\/pages\/216","targetHints":{"allow":["GET"]}}],"collection":[{"href":"https:\/\/www.santacombanamemoria.eu\/sc\/index.php\/wp-json\/wp\/v2\/pages"}],"about":[{"href":"https:\/\/www.santacombanamemoria.eu\/sc\/index.php\/wp-json\/wp\/v2\/types\/page"}],"author":[{"embeddable":true,"href":"https:\/\/www.santacombanamemoria.eu\/sc\/index.php\/wp-json\/wp\/v2\/users\/1"}],"replies":[{"embeddable":true,"href":"https:\/\/www.santacombanamemoria.eu\/sc\/index.php\/wp-json\/wp\/v2\/comments?post=216"}],"version-history":[{"count":6,"href":"https:\/\/www.santacombanamemoria.eu\/sc\/index.php\/wp-json\/wp\/v2\/pages\/216\/revisions"}],"predecessor-version":[{"id":2953,"href":"https:\/\/www.santacombanamemoria.eu\/sc\/index.php\/wp-json\/wp\/v2\/pages\/216\/revisions\/2953"}],"wp:attachment":[{"href":"https:\/\/www.santacombanamemoria.eu\/sc\/index.php\/wp-json\/wp\/v2\/media?parent=216"}],"curies":[{"name":"wp","href":"https:\/\/api.w.org\/{rel}","templated":true}]}}