{"id":219,"date":"2024-09-20T19:38:58","date_gmt":"2024-09-20T19:38:58","guid":{"rendered":"https:\/\/anxovarela.es\/sc\/?page_id=219"},"modified":"2024-09-22T10:21:40","modified_gmt":"2024-09-22T10:21:40","slug":"consellos-antes-de-recoller-cogumelos","status":"publish","type":"page","link":"https:\/\/www.santacombanamemoria.eu\/sc\/index.php\/consellos-antes-de-recoller-cogumelos\/","title":{"rendered":"Consellos antes de recoller Cogumelos"},"content":{"rendered":"\n<p><strong>Consellos pr\u00e1cticos para o afeccionado<\/strong><\/p>\n\n\n\n<p>Calquera afeccionado \u00e1 micolox\u00eda sabe o que se &nbsp;pode ou non facer. &nbsp;Non<br>obstante, estas son algunhas das pautas elementais \u00e1 hora de sa\u00edr a desfrutar de tan apasionante mundo:<\/p>\n\n\n\n<p>1. Rexeitar o emprego da bolsa de pl\u00e1stico xa que impide a esporaci\u00f3n dos exemplares recollidos.<\/p>\n\n\n\n<p>Utiliza unha cesta (elixe unha lixeira e a ser posible de casti\u00f1eiro). Segundo cami\u00f1es ir\u00e1s repartindo as&nbsp;esporas polos sitios por onde pases &nbsp;e evitar\u00e1s que se estropeen os cogomelos recollidos.<\/p>\n\n\n\n<p>2. Non recollas nin rompas os exemplares vellos ou aqueles &nbsp;que pertenzan a outras especies que non co\u00f1ezas. D\u00e9ixaos onde est\u00e1n.<\/p>\n\n\n\n<p>3. En caso de d\u00fabida sobre a especie, non a collas. E se o fas (para a s\u00faa posterior&nbsp;identificaci\u00f3n) leva un s\u00f3 exemplar, enteiro e nun &nbsp;recipiente distinto a onde tes os cogomelos destinados \u00f3 consumo.<\/p>\n\n\n\n<p>4. D\u00e9ixate aconsellar polos expertos do lugar. Eles saben, xa que levan anos comendo e &nbsp;non&nbsp;se intoxicaron .<\/p>\n\n\n\n<p>5. Respeta os exemplares pequenos.<\/p>\n\n\n\n<p>6. Leva roupa de abrigo e de protecci\u00f3n por se chove, un calzado apropiado e, a ser posible,&nbsp;tel\u00e9fono m\u00f3bil. Se vas s\u00f3, dille a algu\u00e9n a onde vas.<\/p>\n\n\n\n<p>7. Respeta todo tipo de vida. Non deixes desperdicios (non costa nada levar no peto o&nbsp;papel de aluminio do bocadillo\u2026)<\/p>\n\n\n\n<p>Dado que o obxectivo principal desta publicaci\u00f3n \u00e9 a de servir de orientaci\u00f3n \u00f3s afeccionados, como veh\u00edculo de iniciaci\u00f3n \u00f3s principiantes na recollida de cogomelos, quero adicar unhas l\u00edneas a dar unha serie de consellos ou orientaci\u00f3ns que son de interese para poder desfrutar deste marabilloso mundo con seguridade, \u00e1 vez que se desfruta e respecta un entorno natural privilexiado.<\/p>\n\n\n\n<p>Cando un afeccionado sae polo monte a buscar cogomelos, aparte da roupa e calzado adecuados, deber\u00eda ir provisto como m\u00ednimo de: unha cesta para a recollida, unha navalla para a extracci\u00f3n, unha libreta e un lapis para tomar notas sobre datos interesantes observados no momento e que m\u00e1is tarde, quiz\u00e1s non recorde. En canto \u00f3s non iniciados, o m\u00e1is sensato ser\u00eda facerse acompa\u00f1ar dalgunha persoa m\u00e1is experta e que puidera servirlle de referencia para poder progresar lentamente sen correr riscos.<\/p>\n\n\n\n<p>Un bo recolector de cogomelos ser\u00e1 identificado por percorrer o monte sen que se note a s\u00faa presencia despois da s\u00faa colecta de cogomelos e pola s\u00faa inconfundible cesta de casti\u00f1eiro ou material similar. Hai que rexeitar as bolsas de pl\u00e1stico como recipientes, porque contrib\u00faen a un deterioro r\u00e1pido dos cogomelos. Asimesmo \u00e9 moi \u00fatil nalg\u00fans casos portar unha pequena navalla con cepillo.<\/p>\n\n\n\n<p>Non \u00e9 conveniente a recolecci\u00f3n de cogomelos en tempo moi h\u00famedo. Se est\u00e1n encharcados, algunhas das s\u00faas caracter\u00edsticas poden variar dificultando a identificaci\u00f3n e adem\u00e1is, perden unha boa parte dos caracteres organol\u00e9pticos (sabor, olor, textura, etc.). Tampouco conv\u00e9n recolectalos se caeu xeada, salvo excepci\u00f3ns, as s\u00faas caracter\u00edsticas veranse alteradas fac\u00e9ndoas non aptas para o consumo.<\/p>\n\n\n\n<p>Non se deben utilizar anci\u00f1os ou instrumentos similares para remover a capa superficial do monte. Esto perxudica seriamente os micelios menos profundos, e polo tanto, as futuras fructificaci\u00f3ns; as\u00ed como a do resto do ecosistema microbiano que vive no mantillo. Esta pr\u00e1ctica nociva para o mantillo est\u00e1 expresamente prohibida.<\/p>\n\n\n\n<p>Se o obxectivo da recolecci\u00f3n \u00e9 o estudo dos cogomelos, conv\u00e9n extraelos minuciosamente cunha navalla completamente para poder observarlos con t\u00f3dalas s\u00faas caracter\u00edsticas (sombreiro, p\u00e9, anel, volva, etc.). Tampouco conv\u00e9n mezclalos no mesmo recipiente.<\/p>\n\n\n\n<p>D\u00e9bense recoller sempre cogomelos do tama\u00f1o axeitado e sans. Se te\u00f1en vermes non son aptos para o consumo. Se son moi grandes poden resultar ins\u00edpidos. E se son pequenos non esporaron a\u00ednda, e polo tanto non cumpriron a &nbsp;s\u00faa misi\u00f3n no monte; adem\u00e1is nos primeros estad\u00edos de desenvolvemento \u00e9 moito m\u00e1is f\u00e1cil a confusi\u00f3n con especies t\u00f3xicas.<\/p>\n\n\n\n<p>Non recolectar cogomelos que estean pr\u00f3ximos a posibles sitios contaminados (industrias, estradas, etc.). Estes incorporan con facilidade alg\u00fans metais pesados e substancias carcin\u00f3xenas presentes nestas \u00e1reas e se se consumen, pasan \u00f3 organismo humano perxudicando a sa\u00fade.<\/p>\n\n\n\n<p>Unha boa pr\u00e1ctica e non consumir t\u00f3dolos cogomelos que se recolectan. Conv\u00e9n deixar alg\u00fans exemplares para facilitar a s\u00faa identificaci\u00f3n no caso dunha posible intoxicaci\u00f3n.<\/p>\n\n\n\n<p>D\u00e9bense respectar os cogomelos que non se co\u00f1ecen; aparte de embelecer o bosque, compren un importante labor biol\u00f3xico no mesmo. Os cogomelos que presentan vermes \u00e9 mellor deixalos no&nbsp; campo xa que, en xeral, non son aptos para o consumo humano, est\u00e1n liberando unha grande cantidade de esporas e adem\u00e1is poden contaxiar a toda a cesta. O mellor \u00e9 recoller s\u00f3 exemplares a medio desenvolvemento, xa que os moi abertos son adem\u00e1is bastante ins\u00edpidos.<\/p>\n\n\n\n<p>A incrementar os co\u00f1ecementos micol\u00f3xicos contrib\u00faen as publicaci\u00f3ns que, como esta, amosan fotograf\u00edas e descrici\u00f3ns dalg\u00fans dos cogomelos m\u00e1is frecuentes en Santa Comba e na comarca do Xallas para o seu desfrute. Pero \u00a1ollo! son s\u00f3 unha axuda m\u00e1is; saiba que pode haber cogomelos moi similares que non encontrar\u00e1 aqu\u00ed. Desconf\u00ede da primeira impresi\u00f3n que lle cause un cogomelo que encontrou nun libro, en especial se \u00e9 un debuxo, dado que moitas veces pode darse o caso de que a especie que n\u00f3s encontramos non aparece nel xa que se trata dunha especie pouco frecuente ou dunha traducci\u00f3n doutro manual fito para micoflora moi distinta. Asimesmo existen notables diferencias morfol\u00f3xicas nos exemplares segundo a zona, o estado de desenvolvemento ou a humidade dos \u00faltimos d\u00edas, que poder\u00edan levarnos a equivocarnos na identificaci\u00f3n.<\/p>\n\n\n\n<p>Unha boa axuda \u00e9 a aprendizaxe con persoas realmente co\u00f1ecedoras dos cogomelos; pero hai que desconfiar dos \u201cexpertos\u201d que tan s\u00f3 co\u00f1ecen unhas cantas especies.<\/p>\n\n\n\n<p>En tanto os nosos&nbsp; co\u00f1ecementos se vaian incrementando, s\u00f3 debemos recoller os cogomelos que co\u00f1ezamos perfectamente. A este respecto, hai que lembrar, e insistir unha vez m\u00e1is, que non hai ningunha f\u00f3rmula sinxela para poder determinar a comestibilidade ou toxicidade dun cogomelo. Moitas a\u00ednda&nbsp; seguen sendo as crenzas populares, m\u00e1is ou menos arraigadas, que nos informan de formas incorrectas sobre a comestibilidade dun cogomelo. Algunhas das m\u00e1is co\u00f1ecidas &nbsp;c\u00edtanse a continuaci\u00f3n.<\/p>\n\n\n\n<p>Todas elas son falsas:<\/p>\n\n\n\n<ul class=\"wp-block-list\">\n<li>\u00c9 falso que \u00f3 cocer cogomelos cunha moeda ou obxectos de prata, ou incluso c0uns dentes de allo, estes ennegrezan se os cogomelos son t\u00f3xicos. Por exemplo a cicuta verde (<em>Amanita phalloides<\/em>) non ennegrece coa prata.<\/li>\n\n\n\n<li>\u00c9 falso que un cogomelo sexa t\u00f3xico porque cambie de cor \u00f3 cortalo. Alg\u00fans cambian de cor e son comestibles.<\/li>\n\n\n\n<li>\u00c9 falso que os cogomelos brancos sexan todos comestibles e os azuis t\u00f3xicos. O\u00a0<em>Amanita verna<\/em>\u00a0ou \u00a0o\u00a0<em>Amanita virosa<\/em>\u00a0son dous exemplos de cogomelos moi t\u00f3xicos de cor branco, mentres que o pistonuda ou p\u00e9 azul (<em>Lepista nuda<\/em>) ten cores azuis e \u00e9 de excelente comestibilidade.<\/li>\n\n\n\n<li>\u00c9 falso que un cogomelo sexa comestible polo feito de que estea parcialmente comido o mordido por animais, como por exemplo lesmas ou corzos. Son seres vivos completamente distintos e con metabolismo moi diferente; polo tanto, as consecuencias de comelos no son equiparables.<\/li>\n\n\n\n<li>Igualmente, non demostra nada o feito de dalas de comer a alg\u00fan animal dom\u00e9stico e esperar os seus resultados. Hai velenos de efecto moi prolongado, incluso que tardan en manifestarse m\u00e1is de 24 horas.<\/li>\n\n\n\n<li>\u00c9 falso que un cogomelo \u00a0sexa comestible se o seu sabor ou olor son agradables. Alg\u00fans dos cogomelos de maior toxicidade, como o\u00a0<em>Amanita phalloides<\/em>, olen e saben ben.<\/li>\n\n\n\n<li>\u00c9 falso que sexan comestibles t\u00f3dolos cogomelos que medran sobre madeira. O\u00a0<em>Galerina marginata<\/em>, por exemplo, medra na madeira e \u00e9 moi t\u00f3xico.<\/li>\n\n\n\n<li>\u00c9 falso que s\u00f3 son t\u00f3xicos os cogomelos que te\u00f1en anel e volva.<\/li>\n\n\n\n<li>\u00c9 falso que un cogomelo perda a toxicidade se se macera un tempo en vinagre ou salmoira.<\/li>\n<\/ul>\n","protected":false},"excerpt":{"rendered":"<p>Consellos pr\u00e1cticos para o afeccionado Calquera afeccionado \u00e1 micolox\u00eda sabe o que se &nbsp;pode ou non facer. &nbsp;Nonobstante, estas son algunhas das pautas elementais \u00e1 hora de sa\u00edr a desfrutar de tan apasionante mundo: 1. Rexeitar o emprego da bolsa de pl\u00e1stico xa que impide a esporaci\u00f3n dos exemplares recollidos. Utiliza unha cesta (elixe unha <a class=\"read-more\" href=\"https:\/\/www.santacombanamemoria.eu\/sc\/index.php\/consellos-antes-de-recoller-cogumelos\/\">LEER M\u00c1S<\/a><\/p>\n","protected":false},"author":1,"featured_media":0,"parent":0,"menu_order":0,"comment_status":"closed","ping_status":"closed","template":"","meta":{"_eb_attr":"","ngg_post_thumbnail":0,"footnotes":""},"class_list":["post-219","page","type-page","status-publish","hentry"],"yoast_head":"<!-- This site is optimized with the Yoast SEO plugin v27.3 - https:\/\/yoast.com\/product\/yoast-seo-wordpress\/ -->\n<title>Consellos antes de recoller Cogumelos - Santa Comba na Memoria<\/title>\n<meta name=\"robots\" content=\"index, follow, max-snippet:-1, max-image-preview:large, max-video-preview:-1\" \/>\n<link rel=\"canonical\" href=\"https:\/\/www.santacombanamemoria.eu\/sc\/index.php\/consellos-antes-de-recoller-cogumelos\/\" \/>\n<meta property=\"og:locale\" content=\"es_ES\" \/>\n<meta property=\"og:type\" content=\"article\" \/>\n<meta property=\"og:title\" content=\"Consellos antes de recoller Cogumelos - Santa Comba na Memoria\" \/>\n<meta property=\"og:description\" content=\"Consellos pr\u00e1cticos para o afeccionado Calquera afeccionado \u00e1 micolox\u00eda sabe o que se &nbsp;pode ou non facer. &nbsp;Nonobstante, estas son algunhas das pautas elementais \u00e1 hora de sa\u00edr a desfrutar de tan apasionante mundo: 1. Rexeitar o emprego da bolsa de pl\u00e1stico xa que impide a esporaci\u00f3n dos exemplares recollidos. Utiliza unha cesta (elixe unha LEER M\u00c1S\" \/>\n<meta property=\"og:url\" content=\"https:\/\/www.santacombanamemoria.eu\/sc\/index.php\/consellos-antes-de-recoller-cogumelos\/\" \/>\n<meta property=\"og:site_name\" content=\"Santa Comba na Memoria\" \/>\n<meta property=\"article:modified_time\" content=\"2024-09-22T10:21:40+00:00\" \/>\n<meta property=\"og:image\" content=\"https:\/\/www.santacombanamemoria.eu\/sc\/wp-content\/uploads\/slider2\/Editorg_design_05-12-17--25.jpeg\" \/>\n\t<meta property=\"og:image:width\" content=\"1702\" \/>\n\t<meta property=\"og:image:height\" content=\"680\" \/>\n\t<meta property=\"og:image:type\" content=\"image\/jpeg\" \/>\n<meta name=\"twitter:card\" content=\"summary_large_image\" \/>\n<meta name=\"twitter:label1\" content=\"Tiempo de lectura\" \/>\n\t<meta name=\"twitter:data1\" content=\"6 minutos\" \/>\n<script type=\"application\/ld+json\" class=\"yoast-schema-graph\">{\"@context\":\"https:\\\/\\\/schema.org\",\"@graph\":[{\"@type\":\"WebPage\",\"@id\":\"https:\\\/\\\/www.santacombanamemoria.eu\\\/sc\\\/index.php\\\/consellos-antes-de-recoller-cogumelos\\\/\",\"url\":\"https:\\\/\\\/www.santacombanamemoria.eu\\\/sc\\\/index.php\\\/consellos-antes-de-recoller-cogumelos\\\/\",\"name\":\"Consellos antes de recoller Cogumelos - Santa Comba na Memoria\",\"isPartOf\":{\"@id\":\"https:\\\/\\\/www.santacombanamemoria.eu\\\/sc\\\/#website\"},\"datePublished\":\"2024-09-20T19:38:58+00:00\",\"dateModified\":\"2024-09-22T10:21:40+00:00\",\"breadcrumb\":{\"@id\":\"https:\\\/\\\/www.santacombanamemoria.eu\\\/sc\\\/index.php\\\/consellos-antes-de-recoller-cogumelos\\\/#breadcrumb\"},\"inLanguage\":\"es\",\"potentialAction\":[{\"@type\":\"ReadAction\",\"target\":[\"https:\\\/\\\/www.santacombanamemoria.eu\\\/sc\\\/index.php\\\/consellos-antes-de-recoller-cogumelos\\\/\"]}]},{\"@type\":\"BreadcrumbList\",\"@id\":\"https:\\\/\\\/www.santacombanamemoria.eu\\\/sc\\\/index.php\\\/consellos-antes-de-recoller-cogumelos\\\/#breadcrumb\",\"itemListElement\":[{\"@type\":\"ListItem\",\"position\":1,\"name\":\"Portada\",\"item\":\"https:\\\/\\\/www.santacombanamemoria.eu\\\/sc\\\/\"},{\"@type\":\"ListItem\",\"position\":2,\"name\":\"Consellos antes de recoller Cogumelos\"}]},{\"@type\":\"WebSite\",\"@id\":\"https:\\\/\\\/www.santacombanamemoria.eu\\\/sc\\\/#website\",\"url\":\"https:\\\/\\\/www.santacombanamemoria.eu\\\/sc\\\/\",\"name\":\"Santa Comba na Memoria\",\"description\":\"Unha fiestra ao pasado dende o ano 1900\",\"publisher\":{\"@id\":\"https:\\\/\\\/www.santacombanamemoria.eu\\\/sc\\\/#organization\"},\"alternateName\":\"Historia fotogr\u00e1fica do concello de Santa Comba\",\"potentialAction\":[{\"@type\":\"SearchAction\",\"target\":{\"@type\":\"EntryPoint\",\"urlTemplate\":\"https:\\\/\\\/www.santacombanamemoria.eu\\\/sc\\\/?s={search_term_string}\"},\"query-input\":{\"@type\":\"PropertyValueSpecification\",\"valueRequired\":true,\"valueName\":\"search_term_string\"}}],\"inLanguage\":\"es\"},{\"@type\":\"Organization\",\"@id\":\"https:\\\/\\\/www.santacombanamemoria.eu\\\/sc\\\/#organization\",\"name\":\"Santa Comba na Memoria\",\"alternateName\":\"Santa Comba na Memoria\",\"url\":\"https:\\\/\\\/www.santacombanamemoria.eu\\\/sc\\\/\",\"logo\":{\"@type\":\"ImageObject\",\"inLanguage\":\"es\",\"@id\":\"https:\\\/\\\/www.santacombanamemoria.eu\\\/sc\\\/#\\\/schema\\\/logo\\\/image\\\/\",\"url\":\"https:\\\/\\\/www.santacombanamemoria.eu\\\/sc\\\/wp-content\\\/uploads\\\/slider2\\\/Editorg_design_05-12-17--25.jpeg\",\"contentUrl\":\"https:\\\/\\\/www.santacombanamemoria.eu\\\/sc\\\/wp-content\\\/uploads\\\/slider2\\\/Editorg_design_05-12-17--25.jpeg\",\"width\":1702,\"height\":680,\"caption\":\"Santa Comba na Memoria\"},\"image\":{\"@id\":\"https:\\\/\\\/www.santacombanamemoria.eu\\\/sc\\\/#\\\/schema\\\/logo\\\/image\\\/\"}}]}<\/script>\n<!-- \/ Yoast SEO plugin. -->","yoast_head_json":{"title":"Consellos antes de recoller Cogumelos - Santa Comba na Memoria","robots":{"index":"index","follow":"follow","max-snippet":"max-snippet:-1","max-image-preview":"max-image-preview:large","max-video-preview":"max-video-preview:-1"},"canonical":"https:\/\/www.santacombanamemoria.eu\/sc\/index.php\/consellos-antes-de-recoller-cogumelos\/","og_locale":"es_ES","og_type":"article","og_title":"Consellos antes de recoller Cogumelos - Santa Comba na Memoria","og_description":"Consellos pr\u00e1cticos para o afeccionado Calquera afeccionado \u00e1 micolox\u00eda sabe o que se &nbsp;pode ou non facer. &nbsp;Nonobstante, estas son algunhas das pautas elementais \u00e1 hora de sa\u00edr a desfrutar de tan apasionante mundo: 1. Rexeitar o emprego da bolsa de pl\u00e1stico xa que impide a esporaci\u00f3n dos exemplares recollidos. Utiliza unha cesta (elixe unha LEER M\u00c1S","og_url":"https:\/\/www.santacombanamemoria.eu\/sc\/index.php\/consellos-antes-de-recoller-cogumelos\/","og_site_name":"Santa Comba na Memoria","article_modified_time":"2024-09-22T10:21:40+00:00","og_image":[{"width":1702,"height":680,"url":"https:\/\/www.santacombanamemoria.eu\/sc\/wp-content\/uploads\/slider2\/Editorg_design_05-12-17--25.jpeg","type":"image\/jpeg"}],"twitter_card":"summary_large_image","twitter_misc":{"Tiempo de lectura":"6 minutos"},"schema":{"@context":"https:\/\/schema.org","@graph":[{"@type":"WebPage","@id":"https:\/\/www.santacombanamemoria.eu\/sc\/index.php\/consellos-antes-de-recoller-cogumelos\/","url":"https:\/\/www.santacombanamemoria.eu\/sc\/index.php\/consellos-antes-de-recoller-cogumelos\/","name":"Consellos antes de recoller Cogumelos - Santa Comba na Memoria","isPartOf":{"@id":"https:\/\/www.santacombanamemoria.eu\/sc\/#website"},"datePublished":"2024-09-20T19:38:58+00:00","dateModified":"2024-09-22T10:21:40+00:00","breadcrumb":{"@id":"https:\/\/www.santacombanamemoria.eu\/sc\/index.php\/consellos-antes-de-recoller-cogumelos\/#breadcrumb"},"inLanguage":"es","potentialAction":[{"@type":"ReadAction","target":["https:\/\/www.santacombanamemoria.eu\/sc\/index.php\/consellos-antes-de-recoller-cogumelos\/"]}]},{"@type":"BreadcrumbList","@id":"https:\/\/www.santacombanamemoria.eu\/sc\/index.php\/consellos-antes-de-recoller-cogumelos\/#breadcrumb","itemListElement":[{"@type":"ListItem","position":1,"name":"Portada","item":"https:\/\/www.santacombanamemoria.eu\/sc\/"},{"@type":"ListItem","position":2,"name":"Consellos antes de recoller Cogumelos"}]},{"@type":"WebSite","@id":"https:\/\/www.santacombanamemoria.eu\/sc\/#website","url":"https:\/\/www.santacombanamemoria.eu\/sc\/","name":"Santa Comba na Memoria","description":"Unha fiestra ao pasado dende o ano 1900","publisher":{"@id":"https:\/\/www.santacombanamemoria.eu\/sc\/#organization"},"alternateName":"Historia fotogr\u00e1fica do concello de Santa Comba","potentialAction":[{"@type":"SearchAction","target":{"@type":"EntryPoint","urlTemplate":"https:\/\/www.santacombanamemoria.eu\/sc\/?s={search_term_string}"},"query-input":{"@type":"PropertyValueSpecification","valueRequired":true,"valueName":"search_term_string"}}],"inLanguage":"es"},{"@type":"Organization","@id":"https:\/\/www.santacombanamemoria.eu\/sc\/#organization","name":"Santa Comba na Memoria","alternateName":"Santa Comba na Memoria","url":"https:\/\/www.santacombanamemoria.eu\/sc\/","logo":{"@type":"ImageObject","inLanguage":"es","@id":"https:\/\/www.santacombanamemoria.eu\/sc\/#\/schema\/logo\/image\/","url":"https:\/\/www.santacombanamemoria.eu\/sc\/wp-content\/uploads\/slider2\/Editorg_design_05-12-17--25.jpeg","contentUrl":"https:\/\/www.santacombanamemoria.eu\/sc\/wp-content\/uploads\/slider2\/Editorg_design_05-12-17--25.jpeg","width":1702,"height":680,"caption":"Santa Comba na Memoria"},"image":{"@id":"https:\/\/www.santacombanamemoria.eu\/sc\/#\/schema\/logo\/image\/"}}]}},"jetpack_sharing_enabled":true,"_links":{"self":[{"href":"https:\/\/www.santacombanamemoria.eu\/sc\/index.php\/wp-json\/wp\/v2\/pages\/219","targetHints":{"allow":["GET"]}}],"collection":[{"href":"https:\/\/www.santacombanamemoria.eu\/sc\/index.php\/wp-json\/wp\/v2\/pages"}],"about":[{"href":"https:\/\/www.santacombanamemoria.eu\/sc\/index.php\/wp-json\/wp\/v2\/types\/page"}],"author":[{"embeddable":true,"href":"https:\/\/www.santacombanamemoria.eu\/sc\/index.php\/wp-json\/wp\/v2\/users\/1"}],"replies":[{"embeddable":true,"href":"https:\/\/www.santacombanamemoria.eu\/sc\/index.php\/wp-json\/wp\/v2\/comments?post=219"}],"version-history":[{"count":2,"href":"https:\/\/www.santacombanamemoria.eu\/sc\/index.php\/wp-json\/wp\/v2\/pages\/219\/revisions"}],"predecessor-version":[{"id":412,"href":"https:\/\/www.santacombanamemoria.eu\/sc\/index.php\/wp-json\/wp\/v2\/pages\/219\/revisions\/412"}],"wp:attachment":[{"href":"https:\/\/www.santacombanamemoria.eu\/sc\/index.php\/wp-json\/wp\/v2\/media?parent=219"}],"curies":[{"name":"wp","href":"https:\/\/api.w.org\/{rel}","templated":true}]}}