{"id":221,"date":"2024-09-20T19:39:32","date_gmt":"2024-09-20T19:39:32","guid":{"rendered":"https:\/\/anxovarela.es\/sc\/?page_id=221"},"modified":"2024-09-22T10:26:06","modified_gmt":"2024-09-22T10:26:06","slug":"ditos-sobre-cogumelos","status":"publish","type":"page","link":"https:\/\/www.santacombanamemoria.eu\/sc\/index.php\/ditos-sobre-cogumelos\/","title":{"rendered":"Ditos sobre Cogumelos"},"content":{"rendered":"\n<p>\u201cMoito tes que saber para cogumelos comer\u201d<\/p>\n\n\n\n<p>\u201cCando fales dos cogumelos fala dos malos e non ter\u00e1s pleitos cos aconsellados.\u201d<\/p>\n\n\n\n<p>\u201cComer cogumelos con aprensi\u00f3n fanche dano aunque sexan b\u00f3ns\u201d<\/p>\n\n\n\n<p>\u201cO peor do erro e o enterro\u201d<\/p>\n\n\n\n<p>\u201c O que de cogumelos se farta, non lle ten medo a morte\u201d<\/p>\n\n\n\n<p>\u201cCogumelo murciado, xa rexeitado<\/p>\n\n\n\n<p>\u201cFalar pouco, e mal, s\u00ed de fungos tes que falar\u201d<\/p>\n\n\n\n<p>\u201cFungo regalado con discreci\u00f3n riralo\u201d<\/p>\n\n\n\n<p>\u201cVale m\u00e1is fungo perdido que comido\u201d<\/p>\n\n\n\n<p>\u201cO fungo bo, pronto deixa s\u00e9 selo\u201d<\/p>\n\n\n\n<p>\u201cSi queres morrer, a cegas fungos coller\u201d<\/p>\n\n\n\n<p>\u201cDun erro, faise un enterro\u201d<\/p>\n\n\n\n<p><strong>Sobre Lactarius deliciosus<\/strong><\/p>\n\n\n\n<p>\u201cSombra de lateiro, fungos da mu\u00f1a no abeiro\u201d<\/p>\n\n\n\n<p>\u201cOllo \u00e1 mexada, si fungos da mu\u00f1a, van na empanada\u201d<\/p>\n\n\n\n<p>\u201cC\u00e1sate con il, si che deixa o anel\u201d<\/p>\n\n\n\n<p><strong>Sobre la Macrolepiota venenata<\/strong>&nbsp;(choupin)<\/p>\n\n\n\n<p>\u201cChoupin, choupi\u00f1eiro donde esta o teo compa\u00f1eiro\u201d<\/p>\n\n\n\n<p>\u201cSete nun p\u00e9 choupin malo \u00e9 \u201d<\/p>\n\n\n\n<p><strong>Sobre la Macrolepiota rhacodes<\/strong><\/p>\n\n\n\n<p>\u201cChoupin torgallo, a tixola con beluga e allo\u201d<\/p>\n\n\n\n<p><strong>Sobre Macrolepiota procera<\/strong><\/p>\n\n\n\n<p>\u201cZarrota, zarroteira, dime \u00f3nde est\u00e1 a t\u00faa compa\u00f1eira\u201d<\/p>\n\n\n\n<p><strong>Sobre la Fistulina hepatica<\/strong><\/p>\n\n\n\n<p>\u201cCando as caracochas empezan a pingar os figados podes atopar\u201d<\/p>\n\n\n\n<p>\u201c Orellos, cuncos e pantorras escaldas pra que non morras\u201d<\/p>\n\n\n\n<p>Orellos: nombre popular en gallego de la Helvella monachella, sulcata y crispa<\/p>\n\n\n\n<p>Cuncos: nombre popular en gallego de la Sascosphaera coronaria<\/p>\n\n\n\n<p>Pantorras: nombre popular en gallego de la Morchela<\/p>\n\n\n\n<p>Bibliograf\u00eda.&nbsp;<em>RU\u00cdZ LEIVAS<\/em>, Cristovo \/ EIROA GARC\u00cdA-GARAVAL, Juan A., Fraseolox\u00eda e terminolox\u00eda dous cogomelos, Cadernos de Fraseolox\u00eda Galega, 4, 2002, p\u00e1x. 363-379<\/p>\n\n\n\n<p><strong>DITOS EN CASTELAN:<\/strong><\/p>\n\n\n\n<p>El buen setero no es aquel que llega con la cesta repleta, si no aquel que no deja huella de su paso por el sitio que visita.<\/p>\n\n\n\n<p>Hay buscadores de setas viejos y buscadores de setas osados, pero no hay buscadores de setas viejos y osados<\/p>\n\n\n\n<p>Todas las setas son comestibles\u2026\u2026algunas, una sola vez<\/p>\n\n\n\n<p>Las setas de abril para m\u00ed, las de mayo para mi amo<\/p>\n\n\n\n<p>En abril, setas a m\u00ed; en mayo, setas apa\u00f1o; en San Juan, podridas van<\/p>\n\n\n\n<p>En abril setas y en mayo metas<\/p>\n\n\n\n<p>En abril setas, en mayo malluetas y en agosto moretas<\/p>\n\n\n\n<p>En mayo setas a pa\u00f1o, en abril setas a mil<\/p>\n\n\n\n<p>En abril, setas mil, y en mayo setas de sapo<\/p>\n\n\n\n<p>Los amores son como las setas, que no sabe uno si son venenosas hasta que ya las ha comido y es demasiado tarde<\/p>\n\n\n\n<p>En abril setas mil, y en mayo las comen los gusanos<\/p>\n\n\n\n<p>Las de abril para m\u00ed, las de mayo para el amo, las de junio para ninguno<\/p>\n\n\n\n<p>En abril setas, y en mayo marig\u00fcetas<\/p>\n\n\n\n<p>En abril, setas mil, en mayo setas a carros; las de abril para m\u00ed, las de mayo para mi amo, las de junio para ninguno<\/p>\n\n\n\n<p>Cuando en octubre llueve, el n\u00edscalo se mueve<\/p>\n\n\n\n<p>En abril, setas a m\u00ed; en mayo, setas apa\u00f1o; en San Juan, podridas van<\/p>\n\n\n\n<p>Cuando llueve y el sol brilla crecen las setas<\/p>\n\n\n\n<p>Seta a la vista no crece ni pizca<\/p>\n\n\n\n<p>Con luna creciente cesto menguante, con luna menguante cesto abundante<\/p>\n\n\n\n<p>La liebre y la seta junto al camino se encuentran<\/p>\n\n\n\n<p>Los novios como las setas, salen de la noche a la ma\u00f1ana<\/p>\n\n\n\n<p>Tiran m\u00e1s dos setas que dos carretas<\/p>\n\n\n\n<p>Abril setil.<\/p>\n\n\n\n<p>En Junio setas a pu\u00f1o.<\/p>\n","protected":false},"excerpt":{"rendered":"<p>\u201cMoito tes que saber para cogumelos comer\u201d \u201cCando fales dos cogumelos fala dos malos e non ter\u00e1s pleitos cos aconsellados.\u201d \u201cComer cogumelos con aprensi\u00f3n fanche dano aunque sexan b\u00f3ns\u201d \u201cO peor do erro e o enterro\u201d \u201c O que de cogumelos se farta, non lle ten medo a morte\u201d \u201cCogumelo murciado, xa rexeitado \u201cFalar pouco, <a class=\"read-more\" href=\"https:\/\/www.santacombanamemoria.eu\/sc\/index.php\/ditos-sobre-cogumelos\/\">LEER M\u00c1S<\/a><\/p>\n","protected":false},"author":1,"featured_media":0,"parent":0,"menu_order":0,"comment_status":"closed","ping_status":"closed","template":"","meta":{"_eb_attr":"","ngg_post_thumbnail":0,"footnotes":""},"class_list":["post-221","page","type-page","status-publish","hentry"],"yoast_head":"<!-- This site is optimized with the Yoast SEO plugin v27.3 - https:\/\/yoast.com\/product\/yoast-seo-wordpress\/ -->\n<title>Ditos sobre Cogumelos - Santa Comba na Memoria<\/title>\n<meta name=\"robots\" content=\"index, follow, max-snippet:-1, max-image-preview:large, max-video-preview:-1\" \/>\n<link rel=\"canonical\" href=\"https:\/\/www.santacombanamemoria.eu\/sc\/index.php\/ditos-sobre-cogumelos\/\" \/>\n<meta property=\"og:locale\" content=\"es_ES\" \/>\n<meta property=\"og:type\" content=\"article\" \/>\n<meta property=\"og:title\" content=\"Ditos sobre Cogumelos - Santa Comba na Memoria\" \/>\n<meta property=\"og:description\" content=\"\u201cMoito tes que saber para cogumelos comer\u201d \u201cCando fales dos cogumelos fala dos malos e non ter\u00e1s pleitos cos aconsellados.\u201d \u201cComer cogumelos con aprensi\u00f3n fanche dano aunque sexan b\u00f3ns\u201d \u201cO peor do erro e o enterro\u201d \u201c O que de cogumelos se farta, non lle ten medo a morte\u201d \u201cCogumelo murciado, xa rexeitado \u201cFalar pouco, LEER M\u00c1S\" \/>\n<meta property=\"og:url\" content=\"https:\/\/www.santacombanamemoria.eu\/sc\/index.php\/ditos-sobre-cogumelos\/\" \/>\n<meta property=\"og:site_name\" content=\"Santa Comba na Memoria\" \/>\n<meta property=\"article:modified_time\" content=\"2024-09-22T10:26:06+00:00\" \/>\n<meta property=\"og:image\" content=\"https:\/\/www.santacombanamemoria.eu\/sc\/wp-content\/uploads\/slider2\/Editorg_design_05-12-17--25.jpeg\" \/>\n\t<meta property=\"og:image:width\" content=\"1702\" \/>\n\t<meta property=\"og:image:height\" content=\"680\" \/>\n\t<meta property=\"og:image:type\" content=\"image\/jpeg\" \/>\n<meta name=\"twitter:card\" content=\"summary_large_image\" \/>\n<meta name=\"twitter:label1\" content=\"Tiempo de lectura\" \/>\n\t<meta name=\"twitter:data1\" content=\"3 minutos\" \/>\n<script type=\"application\/ld+json\" class=\"yoast-schema-graph\">{\"@context\":\"https:\\\/\\\/schema.org\",\"@graph\":[{\"@type\":\"WebPage\",\"@id\":\"https:\\\/\\\/www.santacombanamemoria.eu\\\/sc\\\/index.php\\\/ditos-sobre-cogumelos\\\/\",\"url\":\"https:\\\/\\\/www.santacombanamemoria.eu\\\/sc\\\/index.php\\\/ditos-sobre-cogumelos\\\/\",\"name\":\"Ditos sobre Cogumelos - Santa Comba na Memoria\",\"isPartOf\":{\"@id\":\"https:\\\/\\\/www.santacombanamemoria.eu\\\/sc\\\/#website\"},\"datePublished\":\"2024-09-20T19:39:32+00:00\",\"dateModified\":\"2024-09-22T10:26:06+00:00\",\"breadcrumb\":{\"@id\":\"https:\\\/\\\/www.santacombanamemoria.eu\\\/sc\\\/index.php\\\/ditos-sobre-cogumelos\\\/#breadcrumb\"},\"inLanguage\":\"es\",\"potentialAction\":[{\"@type\":\"ReadAction\",\"target\":[\"https:\\\/\\\/www.santacombanamemoria.eu\\\/sc\\\/index.php\\\/ditos-sobre-cogumelos\\\/\"]}]},{\"@type\":\"BreadcrumbList\",\"@id\":\"https:\\\/\\\/www.santacombanamemoria.eu\\\/sc\\\/index.php\\\/ditos-sobre-cogumelos\\\/#breadcrumb\",\"itemListElement\":[{\"@type\":\"ListItem\",\"position\":1,\"name\":\"Portada\",\"item\":\"https:\\\/\\\/www.santacombanamemoria.eu\\\/sc\\\/\"},{\"@type\":\"ListItem\",\"position\":2,\"name\":\"Ditos sobre Cogumelos\"}]},{\"@type\":\"WebSite\",\"@id\":\"https:\\\/\\\/www.santacombanamemoria.eu\\\/sc\\\/#website\",\"url\":\"https:\\\/\\\/www.santacombanamemoria.eu\\\/sc\\\/\",\"name\":\"Santa Comba na Memoria\",\"description\":\"Unha fiestra ao pasado dende o ano 1900\",\"publisher\":{\"@id\":\"https:\\\/\\\/www.santacombanamemoria.eu\\\/sc\\\/#organization\"},\"alternateName\":\"Historia fotogr\u00e1fica do concello de Santa Comba\",\"potentialAction\":[{\"@type\":\"SearchAction\",\"target\":{\"@type\":\"EntryPoint\",\"urlTemplate\":\"https:\\\/\\\/www.santacombanamemoria.eu\\\/sc\\\/?s={search_term_string}\"},\"query-input\":{\"@type\":\"PropertyValueSpecification\",\"valueRequired\":true,\"valueName\":\"search_term_string\"}}],\"inLanguage\":\"es\"},{\"@type\":\"Organization\",\"@id\":\"https:\\\/\\\/www.santacombanamemoria.eu\\\/sc\\\/#organization\",\"name\":\"Santa Comba na Memoria\",\"alternateName\":\"Santa Comba na Memoria\",\"url\":\"https:\\\/\\\/www.santacombanamemoria.eu\\\/sc\\\/\",\"logo\":{\"@type\":\"ImageObject\",\"inLanguage\":\"es\",\"@id\":\"https:\\\/\\\/www.santacombanamemoria.eu\\\/sc\\\/#\\\/schema\\\/logo\\\/image\\\/\",\"url\":\"https:\\\/\\\/www.santacombanamemoria.eu\\\/sc\\\/wp-content\\\/uploads\\\/slider2\\\/Editorg_design_05-12-17--25.jpeg\",\"contentUrl\":\"https:\\\/\\\/www.santacombanamemoria.eu\\\/sc\\\/wp-content\\\/uploads\\\/slider2\\\/Editorg_design_05-12-17--25.jpeg\",\"width\":1702,\"height\":680,\"caption\":\"Santa Comba na Memoria\"},\"image\":{\"@id\":\"https:\\\/\\\/www.santacombanamemoria.eu\\\/sc\\\/#\\\/schema\\\/logo\\\/image\\\/\"}}]}<\/script>\n<!-- \/ Yoast SEO plugin. -->","yoast_head_json":{"title":"Ditos sobre Cogumelos - Santa Comba na Memoria","robots":{"index":"index","follow":"follow","max-snippet":"max-snippet:-1","max-image-preview":"max-image-preview:large","max-video-preview":"max-video-preview:-1"},"canonical":"https:\/\/www.santacombanamemoria.eu\/sc\/index.php\/ditos-sobre-cogumelos\/","og_locale":"es_ES","og_type":"article","og_title":"Ditos sobre Cogumelos - Santa Comba na Memoria","og_description":"\u201cMoito tes que saber para cogumelos comer\u201d \u201cCando fales dos cogumelos fala dos malos e non ter\u00e1s pleitos cos aconsellados.\u201d \u201cComer cogumelos con aprensi\u00f3n fanche dano aunque sexan b\u00f3ns\u201d \u201cO peor do erro e o enterro\u201d \u201c O que de cogumelos se farta, non lle ten medo a morte\u201d \u201cCogumelo murciado, xa rexeitado \u201cFalar pouco, LEER M\u00c1S","og_url":"https:\/\/www.santacombanamemoria.eu\/sc\/index.php\/ditos-sobre-cogumelos\/","og_site_name":"Santa Comba na Memoria","article_modified_time":"2024-09-22T10:26:06+00:00","og_image":[{"width":1702,"height":680,"url":"https:\/\/www.santacombanamemoria.eu\/sc\/wp-content\/uploads\/slider2\/Editorg_design_05-12-17--25.jpeg","type":"image\/jpeg"}],"twitter_card":"summary_large_image","twitter_misc":{"Tiempo de lectura":"3 minutos"},"schema":{"@context":"https:\/\/schema.org","@graph":[{"@type":"WebPage","@id":"https:\/\/www.santacombanamemoria.eu\/sc\/index.php\/ditos-sobre-cogumelos\/","url":"https:\/\/www.santacombanamemoria.eu\/sc\/index.php\/ditos-sobre-cogumelos\/","name":"Ditos sobre Cogumelos - Santa Comba na Memoria","isPartOf":{"@id":"https:\/\/www.santacombanamemoria.eu\/sc\/#website"},"datePublished":"2024-09-20T19:39:32+00:00","dateModified":"2024-09-22T10:26:06+00:00","breadcrumb":{"@id":"https:\/\/www.santacombanamemoria.eu\/sc\/index.php\/ditos-sobre-cogumelos\/#breadcrumb"},"inLanguage":"es","potentialAction":[{"@type":"ReadAction","target":["https:\/\/www.santacombanamemoria.eu\/sc\/index.php\/ditos-sobre-cogumelos\/"]}]},{"@type":"BreadcrumbList","@id":"https:\/\/www.santacombanamemoria.eu\/sc\/index.php\/ditos-sobre-cogumelos\/#breadcrumb","itemListElement":[{"@type":"ListItem","position":1,"name":"Portada","item":"https:\/\/www.santacombanamemoria.eu\/sc\/"},{"@type":"ListItem","position":2,"name":"Ditos sobre Cogumelos"}]},{"@type":"WebSite","@id":"https:\/\/www.santacombanamemoria.eu\/sc\/#website","url":"https:\/\/www.santacombanamemoria.eu\/sc\/","name":"Santa Comba na Memoria","description":"Unha fiestra ao pasado dende o ano 1900","publisher":{"@id":"https:\/\/www.santacombanamemoria.eu\/sc\/#organization"},"alternateName":"Historia fotogr\u00e1fica do concello de Santa Comba","potentialAction":[{"@type":"SearchAction","target":{"@type":"EntryPoint","urlTemplate":"https:\/\/www.santacombanamemoria.eu\/sc\/?s={search_term_string}"},"query-input":{"@type":"PropertyValueSpecification","valueRequired":true,"valueName":"search_term_string"}}],"inLanguage":"es"},{"@type":"Organization","@id":"https:\/\/www.santacombanamemoria.eu\/sc\/#organization","name":"Santa Comba na Memoria","alternateName":"Santa Comba na Memoria","url":"https:\/\/www.santacombanamemoria.eu\/sc\/","logo":{"@type":"ImageObject","inLanguage":"es","@id":"https:\/\/www.santacombanamemoria.eu\/sc\/#\/schema\/logo\/image\/","url":"https:\/\/www.santacombanamemoria.eu\/sc\/wp-content\/uploads\/slider2\/Editorg_design_05-12-17--25.jpeg","contentUrl":"https:\/\/www.santacombanamemoria.eu\/sc\/wp-content\/uploads\/slider2\/Editorg_design_05-12-17--25.jpeg","width":1702,"height":680,"caption":"Santa Comba na Memoria"},"image":{"@id":"https:\/\/www.santacombanamemoria.eu\/sc\/#\/schema\/logo\/image\/"}}]}},"jetpack_sharing_enabled":true,"_links":{"self":[{"href":"https:\/\/www.santacombanamemoria.eu\/sc\/index.php\/wp-json\/wp\/v2\/pages\/221","targetHints":{"allow":["GET"]}}],"collection":[{"href":"https:\/\/www.santacombanamemoria.eu\/sc\/index.php\/wp-json\/wp\/v2\/pages"}],"about":[{"href":"https:\/\/www.santacombanamemoria.eu\/sc\/index.php\/wp-json\/wp\/v2\/types\/page"}],"author":[{"embeddable":true,"href":"https:\/\/www.santacombanamemoria.eu\/sc\/index.php\/wp-json\/wp\/v2\/users\/1"}],"replies":[{"embeddable":true,"href":"https:\/\/www.santacombanamemoria.eu\/sc\/index.php\/wp-json\/wp\/v2\/comments?post=221"}],"version-history":[{"count":2,"href":"https:\/\/www.santacombanamemoria.eu\/sc\/index.php\/wp-json\/wp\/v2\/pages\/221\/revisions"}],"predecessor-version":[{"id":418,"href":"https:\/\/www.santacombanamemoria.eu\/sc\/index.php\/wp-json\/wp\/v2\/pages\/221\/revisions\/418"}],"wp:attachment":[{"href":"https:\/\/www.santacombanamemoria.eu\/sc\/index.php\/wp-json\/wp\/v2\/media?parent=221"}],"curies":[{"name":"wp","href":"https:\/\/api.w.org\/{rel}","templated":true}]}}