{"id":222,"date":"2024-09-20T19:39:44","date_gmt":"2024-09-20T19:39:44","guid":{"rendered":"https:\/\/anxovarela.es\/sc\/?page_id=222"},"modified":"2024-09-22T11:30:46","modified_gmt":"2024-09-22T11:30:46","slug":"receitas-de-cogumelos","status":"publish","type":"page","link":"https:\/\/www.santacombanamemoria.eu\/sc\/index.php\/receitas-de-cogumelos\/","title":{"rendered":"Receitas de Cogumelos"},"content":{"rendered":"\n<h2 class=\"wp-block-heading\">Receitas de Cogomelos<\/h2>\n\n\n\n<p>COCINAR CON HONGOS Y SETAS<\/p>\n\n\n\n<p>LA CONSERVA DE LAS SETAS:<\/p>\n\n\n\n<p>Congelaci\u00f3n al natural: Antes de nada debemos tener el congelador por debajo de -18 \u00ba, siendo el&nbsp;tiempo m\u00e1ximo aconsejado de congelaci\u00f3n de 6 a9 meses.<\/p>\n\n\n\n<p>Las setas se congelan enteras. Utilizaremos ejemplares j\u00f3venes y medianos, muy frescos y&nbsp;sanos, desechando las setas que puedan estar secas por la acci\u00f3n de viento.<\/p>\n\n\n\n<p>Primero se lavan las setas y despu\u00e9s se dejan durante un par de horas extendidas en un&nbsp;pa\u00f1o para eliminar el exceso de agua.<\/p>\n\n\n\n<p>Es aconsejable que est\u00e1n enteras, si son muy grandes en 2 o 3 trozos como m\u00e1ximo. Luego&nbsp;las empaquetamos y guardamos en el congelador.<\/p>\n\n\n\n<p>Para descongelarlas: se sacan del congelador una hora antes de su empleo; se estiran sobre la&nbsp;mesa y tan pronto como el cuchillo pueda cortarlas, se a\u00f1aden a una cazuela o sart\u00e9n con un pocode aceite, para su guisado. Tambi\u00e9n se pueden poner directamente del congelador a la cazuela paraser guisadas o estofadas con carnes o verduras.<\/p>\n\n\n\n<p>Conserva en vinagre; es ideal para hacerlas en ensaladas y vinagretas para el pescado<\/p>\n\n\n\n<p>CONSEJOS PR\u00c1CTICOS SOBRE EL TRATAMIENTO DE LAS SETAS<\/p>\n\n\n\n<p>Lo primero que haremos nada m\u00e1s recoger las setas ser\u00e1 lavarlas en agua fr\u00eda frotando bien&nbsp;las cut\u00edculas en las que suelen tener pegados muchos restos vegetales y quitar con un cuchillo las&nbsp;\u201cmordeduras\u201d. Despu\u00e9s de toda esta operaci\u00f3n, extenderemos las setas durante un par de horas<br>sobre un mantel y posteriormente estar\u00e1n listas para ser guisadas o conservadas.<\/p>\n\n\n\n<p>Otro consejo importante es intentar no mezclar las especies de distinto porte, es<br>decir, las setas voluminosas y duras con setas m\u00e1s fr\u00edgidas, por ejemplo, la tricoloma terreum o&nbsp;portentosum con el Lactarius edulis o con el Boletus edulis. Todas estas especies tan delicadas, en&nbsp;esta situaci\u00f3n, llegan a casa deshechas.<\/p>\n\n\n\n<p>LEPIOTAS EMPANADAS<\/p>\n\n\n\n<p>Ingredientes:<\/p>\n\n\n\n<p>\u2022 Lepiotas<\/p>\n\n\n\n<p>\u2022 Leche<\/p>\n\n\n\n<p>\u2022 Huevos<\/p>\n\n\n\n<p>\u2022 Sal y aceite.<\/p>\n\n\n\n<p>Elaboraci\u00f3n:<\/p>\n\n\n\n<p>Separar el tallo de la lepiota. Limpiar las setas y pelar la cut\u00edcula. Se pasa por leche y despu\u00e9s por&nbsp;huevo batido y se a\u00f1ade un poquito de sal.<br>Se empana y se fr\u00ede en aceite bien caliente. Comer reci\u00e9n hechas.<\/p>\n\n\n\n<p>ALMEJAS EN SALSA VINAGRETA DE HONGOS<\/p>\n\n\n\n<p>Ingredientes:<\/p>\n\n\n\n<p>\u00bd Kg. de almejas grandes<\/p>\n\n\n\n<p>6 hongos medianos(Boletus edulis)en<\/p>\n\n\n\n<p>conserva de vinagre<\/p>\n\n\n\n<p>1 cebolla<\/p>\n\n\n\n<p>2 pimientos verdes<\/p>\n\n\n\n<p>1 pimiento morr\u00f3n<\/p>\n\n\n\n<p>2 dientes de ajo<\/p>\n\n\n\n<p>1 vaso de vino blanco<\/p>\n\n\n\n<p>aceite suave de oliva<\/p>\n\n\n\n<p>sal y una pizca de guindilla<\/p>\n\n\n\n<p>Elaboraci\u00f3n:<\/p>\n\n\n\n<p>Aclarar con agua fr\u00eda las almejas y ponerlas en un bol de cristal cubiertas con agua con una pizca de&nbsp;sal.<br>Cortar muy menuda la cebolla, los pimientos y los dientes de ajo y pocharlos a fuego medio.<br>Cuando empiecen a coger color, agregamos las setas partidas en trozos medianos y sofre\u00edmos todo,&nbsp;removiendo con una cuchara de madera. Tras un par de minutos, a\u00f1adimos el vino, un chorrito del&nbsp;vinagre de la conserva y, si nos apetece, unos aritos de guindilla roja. Por \u00faltimo, aclaramos bien las<br>almejas, las ponemos a fuego suave y dejamos que se abran. Lo servimos caliente.<\/p>\n\n\n\n<p>ESCALOPES DE MERLUZA CON SETAS DE<\/p>\n\n\n\n<p>CARDO<\/p>\n\n\n\n<p>Ingredientes:<\/p>\n\n\n\n<p>1 Kg y \u00bd de merluza<\/p>\n\n\n\n<p>\u00bd Kg de setas de cardo(Pleurotus Eryngii)<\/p>\n\n\n\n<p>100 g de harina<\/p>\n\n\n\n<p>6 dientes de ajo<\/p>\n\n\n\n<p>6 ramitas de perejil<\/p>\n\n\n\n<p>aceite de oliva y sal<\/p>\n\n\n\n<p>Elaboraci\u00f3n:<\/p>\n\n\n\n<p>Limpiar la merluza y hacer escalopes, salarlos y pasarlos por harina. En una sart\u00e9n, poner suficiente&nbsp;aceite y fre\u00edrlos teniendo cuidado de que no se quemen. Cuando est\u00e9n fritos, reservarlos.<br>Limpiar las setas y cortarlas en l\u00e1minas(si son peque\u00f1as, dejarlas enteras). Guisar las setas con un&nbsp;poco de aceite y, una vez que hayan perdido el agua de constituci\u00f3n, reservarlas.<br>En la misma sart\u00e9n, verter algo m\u00e1s de aceite y fre\u00edr los ajos cortados en l\u00e1minas. Un instante antes&nbsp;de que se doren, a\u00f1adir las setas y el perejil y ponerlo a punto de sal. Colocar la merluza en el plato<br>y echar las setas y los ajos por encima.<\/p>\n\n\n\n<p>RODAJAS DE DORADA ACOMPA\u00d1ADAS DE N\u00cdSCALOS<\/p>\n\n\n\n<p>Ingredientes:<\/p>\n\n\n\n<p>4 rodajas de dorada<\/p>\n\n\n\n<p>\u2022 \u00be Kg. de n\u00edscalos<\/p>\n\n\n\n<p>\u2022 harina<\/p>\n\n\n\n<p>\u2022 aceite<\/p>\n\n\n\n<p>\u2022 sal<\/p>\n\n\n\n<p>Para la salsa:<\/p>\n\n\n\n<p>\u2022 Cebolla<\/p>\n\n\n\n<p>\u2022 Ajo<\/p>\n\n\n\n<p>\u2022 Pimiento<\/p>\n\n\n\n<p>\u2022 2 tomates<br>\u2022 un poco de perejil<br>Elaboraci\u00f3n:<br>Rebozar con harina la dorada. A continuaci\u00f3n, fre\u00edrla y ponerla en la cazuela. Seguidamente, hacer&nbsp;un sofrito con los ingredientes para la salsa. Cuando ya est\u00e9, ponerlo en la cazuela, junto con el&nbsp;pescado, y a\u00f1adir los n\u00edscalos, previamente cocidos. Por \u00faltimo, hecha la dorada, se adorna con un<br>poquito de perejil, que se coloca en el centro del plato.<\/p>\n","protected":false},"excerpt":{"rendered":"<p>Receitas de Cogomelos COCINAR CON HONGOS Y SETAS LA CONSERVA DE LAS SETAS: Congelaci\u00f3n al natural: Antes de nada debemos tener el congelador por debajo de -18 \u00ba, siendo el&nbsp;tiempo m\u00e1ximo aconsejado de congelaci\u00f3n de 6 a9 meses. Las setas se congelan enteras. Utilizaremos ejemplares j\u00f3venes y medianos, muy frescos y&nbsp;sanos, desechando las setas que <a class=\"read-more\" href=\"https:\/\/www.santacombanamemoria.eu\/sc\/index.php\/receitas-de-cogumelos\/\">LEER M\u00c1S<\/a><\/p>\n","protected":false},"author":1,"featured_media":0,"parent":0,"menu_order":0,"comment_status":"closed","ping_status":"closed","template":"","meta":{"_eb_attr":"","ngg_post_thumbnail":0,"footnotes":""},"class_list":["post-222","page","type-page","status-publish","hentry"],"yoast_head":"<!-- This site is optimized with the Yoast SEO plugin v27.3 - https:\/\/yoast.com\/product\/yoast-seo-wordpress\/ -->\n<title>Receitas de Cogumelos - Santa Comba na Memoria<\/title>\n<meta name=\"robots\" content=\"index, follow, max-snippet:-1, max-image-preview:large, max-video-preview:-1\" \/>\n<link rel=\"canonical\" href=\"https:\/\/www.santacombanamemoria.eu\/sc\/index.php\/receitas-de-cogumelos\/\" \/>\n<meta property=\"og:locale\" content=\"es_ES\" \/>\n<meta property=\"og:type\" content=\"article\" \/>\n<meta property=\"og:title\" content=\"Receitas de Cogumelos - Santa Comba na Memoria\" \/>\n<meta property=\"og:description\" content=\"Receitas de Cogomelos COCINAR CON HONGOS Y SETAS LA CONSERVA DE LAS SETAS: Congelaci\u00f3n al natural: Antes de nada debemos tener el congelador por debajo de -18 \u00ba, siendo el&nbsp;tiempo m\u00e1ximo aconsejado de congelaci\u00f3n de 6 a9 meses. Las setas se congelan enteras. Utilizaremos ejemplares j\u00f3venes y medianos, muy frescos y&nbsp;sanos, desechando las setas que LEER M\u00c1S\" \/>\n<meta property=\"og:url\" content=\"https:\/\/www.santacombanamemoria.eu\/sc\/index.php\/receitas-de-cogumelos\/\" \/>\n<meta property=\"og:site_name\" content=\"Santa Comba na Memoria\" \/>\n<meta property=\"article:modified_time\" content=\"2024-09-22T11:30:46+00:00\" \/>\n<meta property=\"og:image\" content=\"https:\/\/www.santacombanamemoria.eu\/sc\/wp-content\/uploads\/slider2\/Editorg_design_05-12-17--25.jpeg\" \/>\n\t<meta property=\"og:image:width\" content=\"1702\" \/>\n\t<meta property=\"og:image:height\" content=\"680\" \/>\n\t<meta property=\"og:image:type\" content=\"image\/jpeg\" \/>\n<meta name=\"twitter:card\" content=\"summary_large_image\" \/>\n<meta name=\"twitter:label1\" content=\"Tiempo de lectura\" \/>\n\t<meta name=\"twitter:data1\" content=\"4 minutos\" \/>\n<script type=\"application\/ld+json\" class=\"yoast-schema-graph\">{\"@context\":\"https:\\\/\\\/schema.org\",\"@graph\":[{\"@type\":\"WebPage\",\"@id\":\"https:\\\/\\\/www.santacombanamemoria.eu\\\/sc\\\/index.php\\\/receitas-de-cogumelos\\\/\",\"url\":\"https:\\\/\\\/www.santacombanamemoria.eu\\\/sc\\\/index.php\\\/receitas-de-cogumelos\\\/\",\"name\":\"Receitas de Cogumelos - Santa Comba na Memoria\",\"isPartOf\":{\"@id\":\"https:\\\/\\\/www.santacombanamemoria.eu\\\/sc\\\/#website\"},\"datePublished\":\"2024-09-20T19:39:44+00:00\",\"dateModified\":\"2024-09-22T11:30:46+00:00\",\"breadcrumb\":{\"@id\":\"https:\\\/\\\/www.santacombanamemoria.eu\\\/sc\\\/index.php\\\/receitas-de-cogumelos\\\/#breadcrumb\"},\"inLanguage\":\"es\",\"potentialAction\":[{\"@type\":\"ReadAction\",\"target\":[\"https:\\\/\\\/www.santacombanamemoria.eu\\\/sc\\\/index.php\\\/receitas-de-cogumelos\\\/\"]}]},{\"@type\":\"BreadcrumbList\",\"@id\":\"https:\\\/\\\/www.santacombanamemoria.eu\\\/sc\\\/index.php\\\/receitas-de-cogumelos\\\/#breadcrumb\",\"itemListElement\":[{\"@type\":\"ListItem\",\"position\":1,\"name\":\"Portada\",\"item\":\"https:\\\/\\\/www.santacombanamemoria.eu\\\/sc\\\/\"},{\"@type\":\"ListItem\",\"position\":2,\"name\":\"Receitas de Cogumelos\"}]},{\"@type\":\"WebSite\",\"@id\":\"https:\\\/\\\/www.santacombanamemoria.eu\\\/sc\\\/#website\",\"url\":\"https:\\\/\\\/www.santacombanamemoria.eu\\\/sc\\\/\",\"name\":\"Santa Comba na Memoria\",\"description\":\"Unha fiestra ao pasado dende o ano 1900\",\"publisher\":{\"@id\":\"https:\\\/\\\/www.santacombanamemoria.eu\\\/sc\\\/#organization\"},\"alternateName\":\"Historia fotogr\u00e1fica do concello de Santa Comba\",\"potentialAction\":[{\"@type\":\"SearchAction\",\"target\":{\"@type\":\"EntryPoint\",\"urlTemplate\":\"https:\\\/\\\/www.santacombanamemoria.eu\\\/sc\\\/?s={search_term_string}\"},\"query-input\":{\"@type\":\"PropertyValueSpecification\",\"valueRequired\":true,\"valueName\":\"search_term_string\"}}],\"inLanguage\":\"es\"},{\"@type\":\"Organization\",\"@id\":\"https:\\\/\\\/www.santacombanamemoria.eu\\\/sc\\\/#organization\",\"name\":\"Santa Comba na Memoria\",\"alternateName\":\"Santa Comba na Memoria\",\"url\":\"https:\\\/\\\/www.santacombanamemoria.eu\\\/sc\\\/\",\"logo\":{\"@type\":\"ImageObject\",\"inLanguage\":\"es\",\"@id\":\"https:\\\/\\\/www.santacombanamemoria.eu\\\/sc\\\/#\\\/schema\\\/logo\\\/image\\\/\",\"url\":\"https:\\\/\\\/www.santacombanamemoria.eu\\\/sc\\\/wp-content\\\/uploads\\\/slider2\\\/Editorg_design_05-12-17--25.jpeg\",\"contentUrl\":\"https:\\\/\\\/www.santacombanamemoria.eu\\\/sc\\\/wp-content\\\/uploads\\\/slider2\\\/Editorg_design_05-12-17--25.jpeg\",\"width\":1702,\"height\":680,\"caption\":\"Santa Comba na Memoria\"},\"image\":{\"@id\":\"https:\\\/\\\/www.santacombanamemoria.eu\\\/sc\\\/#\\\/schema\\\/logo\\\/image\\\/\"}}]}<\/script>\n<!-- \/ Yoast SEO plugin. -->","yoast_head_json":{"title":"Receitas de Cogumelos - Santa Comba na Memoria","robots":{"index":"index","follow":"follow","max-snippet":"max-snippet:-1","max-image-preview":"max-image-preview:large","max-video-preview":"max-video-preview:-1"},"canonical":"https:\/\/www.santacombanamemoria.eu\/sc\/index.php\/receitas-de-cogumelos\/","og_locale":"es_ES","og_type":"article","og_title":"Receitas de Cogumelos - Santa Comba na Memoria","og_description":"Receitas de Cogomelos COCINAR CON HONGOS Y SETAS LA CONSERVA DE LAS SETAS: Congelaci\u00f3n al natural: Antes de nada debemos tener el congelador por debajo de -18 \u00ba, siendo el&nbsp;tiempo m\u00e1ximo aconsejado de congelaci\u00f3n de 6 a9 meses. Las setas se congelan enteras. Utilizaremos ejemplares j\u00f3venes y medianos, muy frescos y&nbsp;sanos, desechando las setas que LEER M\u00c1S","og_url":"https:\/\/www.santacombanamemoria.eu\/sc\/index.php\/receitas-de-cogumelos\/","og_site_name":"Santa Comba na Memoria","article_modified_time":"2024-09-22T11:30:46+00:00","og_image":[{"width":1702,"height":680,"url":"https:\/\/www.santacombanamemoria.eu\/sc\/wp-content\/uploads\/slider2\/Editorg_design_05-12-17--25.jpeg","type":"image\/jpeg"}],"twitter_card":"summary_large_image","twitter_misc":{"Tiempo de lectura":"4 minutos"},"schema":{"@context":"https:\/\/schema.org","@graph":[{"@type":"WebPage","@id":"https:\/\/www.santacombanamemoria.eu\/sc\/index.php\/receitas-de-cogumelos\/","url":"https:\/\/www.santacombanamemoria.eu\/sc\/index.php\/receitas-de-cogumelos\/","name":"Receitas de Cogumelos - Santa Comba na Memoria","isPartOf":{"@id":"https:\/\/www.santacombanamemoria.eu\/sc\/#website"},"datePublished":"2024-09-20T19:39:44+00:00","dateModified":"2024-09-22T11:30:46+00:00","breadcrumb":{"@id":"https:\/\/www.santacombanamemoria.eu\/sc\/index.php\/receitas-de-cogumelos\/#breadcrumb"},"inLanguage":"es","potentialAction":[{"@type":"ReadAction","target":["https:\/\/www.santacombanamemoria.eu\/sc\/index.php\/receitas-de-cogumelos\/"]}]},{"@type":"BreadcrumbList","@id":"https:\/\/www.santacombanamemoria.eu\/sc\/index.php\/receitas-de-cogumelos\/#breadcrumb","itemListElement":[{"@type":"ListItem","position":1,"name":"Portada","item":"https:\/\/www.santacombanamemoria.eu\/sc\/"},{"@type":"ListItem","position":2,"name":"Receitas de Cogumelos"}]},{"@type":"WebSite","@id":"https:\/\/www.santacombanamemoria.eu\/sc\/#website","url":"https:\/\/www.santacombanamemoria.eu\/sc\/","name":"Santa Comba na Memoria","description":"Unha fiestra ao pasado dende o ano 1900","publisher":{"@id":"https:\/\/www.santacombanamemoria.eu\/sc\/#organization"},"alternateName":"Historia fotogr\u00e1fica do concello de Santa Comba","potentialAction":[{"@type":"SearchAction","target":{"@type":"EntryPoint","urlTemplate":"https:\/\/www.santacombanamemoria.eu\/sc\/?s={search_term_string}"},"query-input":{"@type":"PropertyValueSpecification","valueRequired":true,"valueName":"search_term_string"}}],"inLanguage":"es"},{"@type":"Organization","@id":"https:\/\/www.santacombanamemoria.eu\/sc\/#organization","name":"Santa Comba na Memoria","alternateName":"Santa Comba na Memoria","url":"https:\/\/www.santacombanamemoria.eu\/sc\/","logo":{"@type":"ImageObject","inLanguage":"es","@id":"https:\/\/www.santacombanamemoria.eu\/sc\/#\/schema\/logo\/image\/","url":"https:\/\/www.santacombanamemoria.eu\/sc\/wp-content\/uploads\/slider2\/Editorg_design_05-12-17--25.jpeg","contentUrl":"https:\/\/www.santacombanamemoria.eu\/sc\/wp-content\/uploads\/slider2\/Editorg_design_05-12-17--25.jpeg","width":1702,"height":680,"caption":"Santa Comba na Memoria"},"image":{"@id":"https:\/\/www.santacombanamemoria.eu\/sc\/#\/schema\/logo\/image\/"}}]}},"jetpack_sharing_enabled":true,"_links":{"self":[{"href":"https:\/\/www.santacombanamemoria.eu\/sc\/index.php\/wp-json\/wp\/v2\/pages\/222","targetHints":{"allow":["GET"]}}],"collection":[{"href":"https:\/\/www.santacombanamemoria.eu\/sc\/index.php\/wp-json\/wp\/v2\/pages"}],"about":[{"href":"https:\/\/www.santacombanamemoria.eu\/sc\/index.php\/wp-json\/wp\/v2\/types\/page"}],"author":[{"embeddable":true,"href":"https:\/\/www.santacombanamemoria.eu\/sc\/index.php\/wp-json\/wp\/v2\/users\/1"}],"replies":[{"embeddable":true,"href":"https:\/\/www.santacombanamemoria.eu\/sc\/index.php\/wp-json\/wp\/v2\/comments?post=222"}],"version-history":[{"count":3,"href":"https:\/\/www.santacombanamemoria.eu\/sc\/index.php\/wp-json\/wp\/v2\/pages\/222\/revisions"}],"predecessor-version":[{"id":474,"href":"https:\/\/www.santacombanamemoria.eu\/sc\/index.php\/wp-json\/wp\/v2\/pages\/222\/revisions\/474"}],"wp:attachment":[{"href":"https:\/\/www.santacombanamemoria.eu\/sc\/index.php\/wp-json\/wp\/v2\/media?parent=222"}],"curies":[{"name":"wp","href":"https:\/\/api.w.org\/{rel}","templated":true}]}}