{"id":269,"date":"2024-09-21T12:02:35","date_gmt":"2024-09-21T12:02:35","guid":{"rendered":"https:\/\/anxovarela.es\/sc\/?page_id=269"},"modified":"2024-10-07T07:24:14","modified_gmt":"2024-10-07T07:24:14","slug":"antonio-landeira-landeira","status":"publish","type":"page","link":"https:\/\/www.santacombanamemoria.eu\/sc\/index.php\/antonio-landeira-landeira\/","title":{"rendered":"Antonio Landeira Landeira"},"content":{"rendered":"\n<p>Con Carb\u00f3nicas Landeira creou un pequeno imperio familiar ao abeiro do, por aquel ent\u00f3n, boiante negocio da mina de volframio, que hoxe vai pola cuarta xeraci\u00f3n e compite no mercado nacional e luso con outras multinacionais. Toda a bisbarra do Xallas e a Costa da Morte medrou coas gasesosas de Landeira e a marca \u00abA Pitusa\u00bb. Foi galardoado coa insignia de ouro da Asociaci\u00f3n de Empresarios local e o Concello de Santa Comba concedeulle a primeira medalla de ouro \u00f3 Xalleiro do Ano que outorga a un veci\u00f1o. No momento do seu falecemento ti\u00f1a a honra de ser o m\u00e1is veterano bataneiro de Espa\u00f1a, o \u00faltimo dunha estirpe dun oficio xa desaparecido.<br>Empresario e bataneiro<\/p>\n\n\n\n<p>Con Carb\u00f3nicas Landeira creou un pequeno imperio familiar ao abeiro do, por aquel ent\u00f3n, boiante negocio da mina de volframio, que hoxe vai pola cuarta xeraci\u00f3n e compite no mercado nacional e luso con outras multinacionais.<br>Toda a bisbarra do Xallas e a Costa da Morte medrou coas gasesosas de Landeira e a marca \u201cA Pitusa\u201d. Foi galardoado coa insignia de ouro da Asociaci\u00f3n de Empresarios local e o Concello de Santa Comba concedeulle a primeira<br>medalla de ouro \u00f3 Xalleiro do Ano que outorga a un veci\u00f1o. No momento do seu falecemento ti\u00f1a a honra de ser o m\u00e1is veterano bataneiro de Espa\u00f1a, o \u00faltimo dunha estirpe dun oficio xa desaparecido.<br>Naceu o 18 de marzo de 1.917 na aldea de Oa, parroquia de Xavestre (Trazo). Comezou xunto coa s\u00faa familia como<br>bataneiro no actual conxunto de bat\u00e1ns de Neiro, os mellores bat\u00e1ns de las e li\u00f1o cos que conta Galicia, documentados en<br>1.750 e que son propiedade da s\u00faa familia, no mesmo lugar no que naceu, compaxinando as tarefas de moer millo e trigo<br>para panadeiros da Mah\u00eda e Berganti\u00f1os coa produci\u00f3n de luz el\u00e9ctrica para a zona.<br>En 1.942 e con 7.000 pesetas, fundou en Val do Dubra a s\u00faa primeira empresa: Gasosas Landeira, \u201cpara facer algo,<br>se un non quer\u00eda emigrar\u201d que se convertir\u00eda no baluarte do seu pequeno imperio familiar, con sede en Santa Comba,<br>que hoxe en d\u00eda compite no mercado nacional e luso con outras multinacionais. A produci\u00f3n era manual e reduc\u00edase \u00e1<br>venda dunha vintena de caixas de 24 unidades diarias, que eran transportadas polo empresario nun carro de cabalos,<br>percorrendo ata 50 km. Sete anos despois, en 1.949, un golpe de fortuna levouno a Santa Comba, onde a familia<br>Ord\u00f3\u00f1ez, que explotaba o barrac\u00f3n da mina de volframio de Varilongo, lle arrendou un baixo de 60 m2 onde aumentou<br>considerablemente a demanda de gasosas, oranges e sif\u00f3n. Nese intre, a empresa pasou a chamarse Carb\u00f3nicas<br>Landeira, nome que conserva na actualidade.<br>A primeira gran modernizaci\u00f3n da empresa chegou cos envases retornables. Na d\u00e9cada dos 60, a botella familiar dun<br>litro permitiulle introducirse no mercado provincial na d\u00e9cada dos 60, e nos 90 deu o salto nacional, chegando a Madrid,<br>C\u00e1ceres ou Bilbao e tam\u00e9n se abre paso no mercado luso. Hoxe en d\u00eda Carb\u00f3nicas Landeira \u00e9 unha empresa familiar na<br>que se dan a man catro xeraci\u00f3ns, nunha f\u00e1brica de 4.000 m2 e unha produci\u00f3n de 6.000 botellas hora de todo tipo de<br>bebidas refrescantes, as\u00ed como a comercializaci\u00f3n e distribuci\u00f3n de diversas marcas de vi\u00f1os e da cervexa Estrella Galicia<br>para toda a bisbarra do Xallas e practicamente toda a Costa d\u00e1 Morte.<br>Antonio Landeira Landeira estivo traballando d\u00eda a d\u00eda na s\u00faa f\u00e1brica ata ou seu falecemento o 24 de xullo de 2004 cando<br>contaba con 87 anos, e meses antes foi galardoado coa insignia de ouro d\u00e1 Asociaci\u00f3n de Empresarios local e o Concello<br>de Santa Comba concedeulle a primeira medalla de ouro \u00f3 Xalleiro do Ano que outorga a un veci\u00f1o.<br>No momento do seu falecemento ti\u00f1a a honra de ser o m\u00e1is veterano bataneiro de Espa\u00f1a, o \u00faltimo dunha estirpe dun<br>oficio xa desaparecido.<\/p>\n\n\n\nngg_shortcode_0_placeholder\n","protected":false},"excerpt":{"rendered":"<p>Con Carb\u00f3nicas Landeira creou un pequeno imperio familiar ao abeiro do, por aquel ent\u00f3n, boiante negocio da mina de volframio, que hoxe vai pola cuarta xeraci\u00f3n e compite no mercado nacional e luso con outras multinacionais. Toda a bisbarra do Xallas e a Costa da Morte medrou coas gasesosas de Landeira e a marca \u00abA <a class=\"read-more\" href=\"https:\/\/www.santacombanamemoria.eu\/sc\/index.php\/antonio-landeira-landeira\/\">LEER M\u00c1S<\/a><\/p>\n","protected":false},"author":1,"featured_media":0,"parent":0,"menu_order":0,"comment_status":"closed","ping_status":"closed","template":"","meta":{"_eb_attr":"","ngg_post_thumbnail":0,"footnotes":""},"class_list":["post-269","page","type-page","status-publish","hentry"],"yoast_head":"<!-- This site is optimized with the Yoast SEO plugin v27.3 - https:\/\/yoast.com\/product\/yoast-seo-wordpress\/ -->\n<title>Antonio Landeira Landeira - Santa Comba na Memoria<\/title>\n<meta name=\"robots\" content=\"index, follow, max-snippet:-1, max-image-preview:large, max-video-preview:-1\" \/>\n<link rel=\"canonical\" href=\"https:\/\/www.santacombanamemoria.eu\/sc\/index.php\/antonio-landeira-landeira\/\" \/>\n<meta property=\"og:locale\" content=\"es_ES\" \/>\n<meta property=\"og:type\" content=\"article\" \/>\n<meta property=\"og:title\" content=\"Antonio Landeira Landeira - Santa Comba na Memoria\" \/>\n<meta property=\"og:description\" content=\"Con Carb\u00f3nicas Landeira creou un pequeno imperio familiar ao abeiro do, por aquel ent\u00f3n, boiante negocio da mina de volframio, que hoxe vai pola cuarta xeraci\u00f3n e compite no mercado nacional e luso con outras multinacionais. Toda a bisbarra do Xallas e a Costa da Morte medrou coas gasesosas de Landeira e a marca \u00abA LEER M\u00c1S\" \/>\n<meta property=\"og:url\" content=\"https:\/\/www.santacombanamemoria.eu\/sc\/index.php\/antonio-landeira-landeira\/\" \/>\n<meta property=\"og:site_name\" content=\"Santa Comba na Memoria\" \/>\n<meta property=\"article:modified_time\" content=\"2024-10-07T07:24:14+00:00\" \/>\n<meta property=\"og:image\" content=\"https:\/\/www.santacombanamemoria.eu\/sc\/wp-content\/uploads\/slider2\/Editorg_design_05-12-17--25.jpeg\" \/>\n\t<meta property=\"og:image:width\" content=\"1702\" \/>\n\t<meta property=\"og:image:height\" content=\"680\" \/>\n\t<meta property=\"og:image:type\" content=\"image\/jpeg\" \/>\n<meta name=\"twitter:card\" content=\"summary_large_image\" \/>\n<meta name=\"twitter:label1\" content=\"Tiempo de lectura\" \/>\n\t<meta name=\"twitter:data1\" content=\"3 minutos\" \/>\n<script type=\"application\/ld+json\" class=\"yoast-schema-graph\">{\"@context\":\"https:\\\/\\\/schema.org\",\"@graph\":[{\"@type\":\"WebPage\",\"@id\":\"https:\\\/\\\/www.santacombanamemoria.eu\\\/sc\\\/index.php\\\/antonio-landeira-landeira\\\/\",\"url\":\"https:\\\/\\\/www.santacombanamemoria.eu\\\/sc\\\/index.php\\\/antonio-landeira-landeira\\\/\",\"name\":\"Antonio Landeira Landeira - Santa Comba na Memoria\",\"isPartOf\":{\"@id\":\"https:\\\/\\\/www.santacombanamemoria.eu\\\/sc\\\/#website\"},\"datePublished\":\"2024-09-21T12:02:35+00:00\",\"dateModified\":\"2024-10-07T07:24:14+00:00\",\"breadcrumb\":{\"@id\":\"https:\\\/\\\/www.santacombanamemoria.eu\\\/sc\\\/index.php\\\/antonio-landeira-landeira\\\/#breadcrumb\"},\"inLanguage\":\"es\",\"potentialAction\":[{\"@type\":\"ReadAction\",\"target\":[\"https:\\\/\\\/www.santacombanamemoria.eu\\\/sc\\\/index.php\\\/antonio-landeira-landeira\\\/\"]}]},{\"@type\":\"BreadcrumbList\",\"@id\":\"https:\\\/\\\/www.santacombanamemoria.eu\\\/sc\\\/index.php\\\/antonio-landeira-landeira\\\/#breadcrumb\",\"itemListElement\":[{\"@type\":\"ListItem\",\"position\":1,\"name\":\"Portada\",\"item\":\"https:\\\/\\\/www.santacombanamemoria.eu\\\/sc\\\/\"},{\"@type\":\"ListItem\",\"position\":2,\"name\":\"Antonio Landeira Landeira\"}]},{\"@type\":\"WebSite\",\"@id\":\"https:\\\/\\\/www.santacombanamemoria.eu\\\/sc\\\/#website\",\"url\":\"https:\\\/\\\/www.santacombanamemoria.eu\\\/sc\\\/\",\"name\":\"Santa Comba na Memoria\",\"description\":\"Unha fiestra ao pasado dende o ano 1900\",\"publisher\":{\"@id\":\"https:\\\/\\\/www.santacombanamemoria.eu\\\/sc\\\/#organization\"},\"alternateName\":\"Historia fotogr\u00e1fica do concello de Santa Comba\",\"potentialAction\":[{\"@type\":\"SearchAction\",\"target\":{\"@type\":\"EntryPoint\",\"urlTemplate\":\"https:\\\/\\\/www.santacombanamemoria.eu\\\/sc\\\/?s={search_term_string}\"},\"query-input\":{\"@type\":\"PropertyValueSpecification\",\"valueRequired\":true,\"valueName\":\"search_term_string\"}}],\"inLanguage\":\"es\"},{\"@type\":\"Organization\",\"@id\":\"https:\\\/\\\/www.santacombanamemoria.eu\\\/sc\\\/#organization\",\"name\":\"Santa Comba na Memoria\",\"alternateName\":\"Santa Comba na Memoria\",\"url\":\"https:\\\/\\\/www.santacombanamemoria.eu\\\/sc\\\/\",\"logo\":{\"@type\":\"ImageObject\",\"inLanguage\":\"es\",\"@id\":\"https:\\\/\\\/www.santacombanamemoria.eu\\\/sc\\\/#\\\/schema\\\/logo\\\/image\\\/\",\"url\":\"https:\\\/\\\/www.santacombanamemoria.eu\\\/sc\\\/wp-content\\\/uploads\\\/slider2\\\/Editorg_design_05-12-17--25.jpeg\",\"contentUrl\":\"https:\\\/\\\/www.santacombanamemoria.eu\\\/sc\\\/wp-content\\\/uploads\\\/slider2\\\/Editorg_design_05-12-17--25.jpeg\",\"width\":1702,\"height\":680,\"caption\":\"Santa Comba na Memoria\"},\"image\":{\"@id\":\"https:\\\/\\\/www.santacombanamemoria.eu\\\/sc\\\/#\\\/schema\\\/logo\\\/image\\\/\"}}]}<\/script>\n<!-- \/ Yoast SEO plugin. -->","yoast_head_json":{"title":"Antonio Landeira Landeira - Santa Comba na Memoria","robots":{"index":"index","follow":"follow","max-snippet":"max-snippet:-1","max-image-preview":"max-image-preview:large","max-video-preview":"max-video-preview:-1"},"canonical":"https:\/\/www.santacombanamemoria.eu\/sc\/index.php\/antonio-landeira-landeira\/","og_locale":"es_ES","og_type":"article","og_title":"Antonio Landeira Landeira - Santa Comba na Memoria","og_description":"Con Carb\u00f3nicas Landeira creou un pequeno imperio familiar ao abeiro do, por aquel ent\u00f3n, boiante negocio da mina de volframio, que hoxe vai pola cuarta xeraci\u00f3n e compite no mercado nacional e luso con outras multinacionais. Toda a bisbarra do Xallas e a Costa da Morte medrou coas gasesosas de Landeira e a marca \u00abA LEER M\u00c1S","og_url":"https:\/\/www.santacombanamemoria.eu\/sc\/index.php\/antonio-landeira-landeira\/","og_site_name":"Santa Comba na Memoria","article_modified_time":"2024-10-07T07:24:14+00:00","og_image":[{"width":1702,"height":680,"url":"https:\/\/www.santacombanamemoria.eu\/sc\/wp-content\/uploads\/slider2\/Editorg_design_05-12-17--25.jpeg","type":"image\/jpeg"}],"twitter_card":"summary_large_image","twitter_misc":{"Tiempo de lectura":"3 minutos"},"schema":{"@context":"https:\/\/schema.org","@graph":[{"@type":"WebPage","@id":"https:\/\/www.santacombanamemoria.eu\/sc\/index.php\/antonio-landeira-landeira\/","url":"https:\/\/www.santacombanamemoria.eu\/sc\/index.php\/antonio-landeira-landeira\/","name":"Antonio Landeira Landeira - Santa Comba na Memoria","isPartOf":{"@id":"https:\/\/www.santacombanamemoria.eu\/sc\/#website"},"datePublished":"2024-09-21T12:02:35+00:00","dateModified":"2024-10-07T07:24:14+00:00","breadcrumb":{"@id":"https:\/\/www.santacombanamemoria.eu\/sc\/index.php\/antonio-landeira-landeira\/#breadcrumb"},"inLanguage":"es","potentialAction":[{"@type":"ReadAction","target":["https:\/\/www.santacombanamemoria.eu\/sc\/index.php\/antonio-landeira-landeira\/"]}]},{"@type":"BreadcrumbList","@id":"https:\/\/www.santacombanamemoria.eu\/sc\/index.php\/antonio-landeira-landeira\/#breadcrumb","itemListElement":[{"@type":"ListItem","position":1,"name":"Portada","item":"https:\/\/www.santacombanamemoria.eu\/sc\/"},{"@type":"ListItem","position":2,"name":"Antonio Landeira Landeira"}]},{"@type":"WebSite","@id":"https:\/\/www.santacombanamemoria.eu\/sc\/#website","url":"https:\/\/www.santacombanamemoria.eu\/sc\/","name":"Santa Comba na Memoria","description":"Unha fiestra ao pasado dende o ano 1900","publisher":{"@id":"https:\/\/www.santacombanamemoria.eu\/sc\/#organization"},"alternateName":"Historia fotogr\u00e1fica do concello de Santa Comba","potentialAction":[{"@type":"SearchAction","target":{"@type":"EntryPoint","urlTemplate":"https:\/\/www.santacombanamemoria.eu\/sc\/?s={search_term_string}"},"query-input":{"@type":"PropertyValueSpecification","valueRequired":true,"valueName":"search_term_string"}}],"inLanguage":"es"},{"@type":"Organization","@id":"https:\/\/www.santacombanamemoria.eu\/sc\/#organization","name":"Santa Comba na Memoria","alternateName":"Santa Comba na Memoria","url":"https:\/\/www.santacombanamemoria.eu\/sc\/","logo":{"@type":"ImageObject","inLanguage":"es","@id":"https:\/\/www.santacombanamemoria.eu\/sc\/#\/schema\/logo\/image\/","url":"https:\/\/www.santacombanamemoria.eu\/sc\/wp-content\/uploads\/slider2\/Editorg_design_05-12-17--25.jpeg","contentUrl":"https:\/\/www.santacombanamemoria.eu\/sc\/wp-content\/uploads\/slider2\/Editorg_design_05-12-17--25.jpeg","width":1702,"height":680,"caption":"Santa Comba na Memoria"},"image":{"@id":"https:\/\/www.santacombanamemoria.eu\/sc\/#\/schema\/logo\/image\/"}}]}},"jetpack_sharing_enabled":true,"_links":{"self":[{"href":"https:\/\/www.santacombanamemoria.eu\/sc\/index.php\/wp-json\/wp\/v2\/pages\/269","targetHints":{"allow":["GET"]}}],"collection":[{"href":"https:\/\/www.santacombanamemoria.eu\/sc\/index.php\/wp-json\/wp\/v2\/pages"}],"about":[{"href":"https:\/\/www.santacombanamemoria.eu\/sc\/index.php\/wp-json\/wp\/v2\/types\/page"}],"author":[{"embeddable":true,"href":"https:\/\/www.santacombanamemoria.eu\/sc\/index.php\/wp-json\/wp\/v2\/users\/1"}],"replies":[{"embeddable":true,"href":"https:\/\/www.santacombanamemoria.eu\/sc\/index.php\/wp-json\/wp\/v2\/comments?post=269"}],"version-history":[{"count":3,"href":"https:\/\/www.santacombanamemoria.eu\/sc\/index.php\/wp-json\/wp\/v2\/pages\/269\/revisions"}],"predecessor-version":[{"id":2558,"href":"https:\/\/www.santacombanamemoria.eu\/sc\/index.php\/wp-json\/wp\/v2\/pages\/269\/revisions\/2558"}],"wp:attachment":[{"href":"https:\/\/www.santacombanamemoria.eu\/sc\/index.php\/wp-json\/wp\/v2\/media?parent=269"}],"curies":[{"name":"wp","href":"https:\/\/api.w.org\/{rel}","templated":true}]}}