{"id":273,"date":"2024-09-21T12:03:37","date_gmt":"2024-09-21T12:03:37","guid":{"rendered":"https:\/\/anxovarela.es\/sc\/?page_id=273"},"modified":"2024-10-07T07:48:30","modified_gmt":"2024-10-07T07:48:30","slug":"david-blanco-rodriguez","status":"publish","type":"page","link":"https:\/\/www.santacombanamemoria.eu\/sc\/index.php\/david-blanco-rodriguez\/","title":{"rendered":"David Blanco Rodr\u00edguez"},"content":{"rendered":"\n<p>Ciclista. Corriu o Giro, a Volta, o Campeonato de Espa\u00f1a en Ruta o Campeonato de Espa\u00f1a contrareloxio e foi internacional por Espa\u00f1a disputando o Mundial de Ciclismo de 2005. En 2001 deixou o ciclismo para ser Broker en bolsa para posteriormente recuperar a bicicleta e converterse nunha celebridade do deporte en Portugal.<\/p>\n\n\n\nngg_shortcode_0_placeholder\n","protected":false},"excerpt":{"rendered":"<p>Ciclista. Corriu o Giro, a Volta, o Campeonato de Espa\u00f1a en Ruta o Campeonato de Espa\u00f1a contrareloxio e foi internacional por Espa\u00f1a disputando o Mundial de Ciclismo de 2005. En 2001 deixou o ciclismo para ser Broker en bolsa para posteriormente recuperar a bicicleta e converterse nunha celebridade do deporte en Portugal.<\/p>\n","protected":false},"author":1,"featured_media":0,"parent":0,"menu_order":0,"comment_status":"closed","ping_status":"closed","template":"","meta":{"_eb_attr":"","ngg_post_thumbnail":0,"footnotes":""},"class_list":["post-273","page","type-page","status-publish","hentry"],"yoast_head":"<!-- This site is optimized with the Yoast SEO plugin v27.3 - https:\/\/yoast.com\/product\/yoast-seo-wordpress\/ -->\n<title>David Blanco Rodr\u00edguez - Santa Comba na Memoria<\/title>\n<meta name=\"robots\" content=\"index, follow, max-snippet:-1, max-image-preview:large, max-video-preview:-1\" \/>\n<link rel=\"canonical\" href=\"https:\/\/www.santacombanamemoria.eu\/sc\/index.php\/david-blanco-rodriguez\/\" \/>\n<meta property=\"og:locale\" content=\"es_ES\" \/>\n<meta property=\"og:type\" content=\"article\" \/>\n<meta property=\"og:title\" content=\"David Blanco Rodr\u00edguez - Santa Comba na Memoria\" \/>\n<meta property=\"og:description\" content=\"Ciclista. Corriu o Giro, a Volta, o Campeonato de Espa\u00f1a en Ruta o Campeonato de Espa\u00f1a contrareloxio e foi internacional por Espa\u00f1a disputando o Mundial de Ciclismo de 2005. En 2001 deixou o ciclismo para ser Broker en bolsa para posteriormente recuperar a bicicleta e converterse nunha celebridade do deporte en Portugal.\" \/>\n<meta property=\"og:url\" content=\"https:\/\/www.santacombanamemoria.eu\/sc\/index.php\/david-blanco-rodriguez\/\" \/>\n<meta property=\"og:site_name\" content=\"Santa Comba na Memoria\" \/>\n<meta property=\"article:modified_time\" content=\"2024-10-07T07:48:30+00:00\" \/>\n<meta property=\"og:image\" content=\"https:\/\/www.santacombanamemoria.eu\/sc\/wp-content\/uploads\/slider2\/Editorg_design_05-12-17--25.jpeg\" \/>\n\t<meta property=\"og:image:width\" content=\"1702\" \/>\n\t<meta property=\"og:image:height\" content=\"680\" \/>\n\t<meta property=\"og:image:type\" content=\"image\/jpeg\" \/>\n<meta name=\"twitter:card\" content=\"summary_large_image\" \/>\n<meta name=\"twitter:label1\" content=\"Tiempo de lectura\" \/>\n\t<meta name=\"twitter:data1\" content=\"1 minuto\" \/>\n<script type=\"application\/ld+json\" class=\"yoast-schema-graph\">{\"@context\":\"https:\\\/\\\/schema.org\",\"@graph\":[{\"@type\":\"WebPage\",\"@id\":\"https:\\\/\\\/www.santacombanamemoria.eu\\\/sc\\\/index.php\\\/david-blanco-rodriguez\\\/\",\"url\":\"https:\\\/\\\/www.santacombanamemoria.eu\\\/sc\\\/index.php\\\/david-blanco-rodriguez\\\/\",\"name\":\"David Blanco Rodr\u00edguez - Santa Comba na Memoria\",\"isPartOf\":{\"@id\":\"https:\\\/\\\/www.santacombanamemoria.eu\\\/sc\\\/#website\"},\"datePublished\":\"2024-09-21T12:03:37+00:00\",\"dateModified\":\"2024-10-07T07:48:30+00:00\",\"breadcrumb\":{\"@id\":\"https:\\\/\\\/www.santacombanamemoria.eu\\\/sc\\\/index.php\\\/david-blanco-rodriguez\\\/#breadcrumb\"},\"inLanguage\":\"es\",\"potentialAction\":[{\"@type\":\"ReadAction\",\"target\":[\"https:\\\/\\\/www.santacombanamemoria.eu\\\/sc\\\/index.php\\\/david-blanco-rodriguez\\\/\"]}]},{\"@type\":\"BreadcrumbList\",\"@id\":\"https:\\\/\\\/www.santacombanamemoria.eu\\\/sc\\\/index.php\\\/david-blanco-rodriguez\\\/#breadcrumb\",\"itemListElement\":[{\"@type\":\"ListItem\",\"position\":1,\"name\":\"Portada\",\"item\":\"https:\\\/\\\/www.santacombanamemoria.eu\\\/sc\\\/\"},{\"@type\":\"ListItem\",\"position\":2,\"name\":\"David Blanco Rodr\u00edguez\"}]},{\"@type\":\"WebSite\",\"@id\":\"https:\\\/\\\/www.santacombanamemoria.eu\\\/sc\\\/#website\",\"url\":\"https:\\\/\\\/www.santacombanamemoria.eu\\\/sc\\\/\",\"name\":\"Santa Comba na Memoria\",\"description\":\"Unha fiestra ao pasado dende o ano 1900\",\"publisher\":{\"@id\":\"https:\\\/\\\/www.santacombanamemoria.eu\\\/sc\\\/#organization\"},\"alternateName\":\"Historia fotogr\u00e1fica do concello de Santa Comba\",\"potentialAction\":[{\"@type\":\"SearchAction\",\"target\":{\"@type\":\"EntryPoint\",\"urlTemplate\":\"https:\\\/\\\/www.santacombanamemoria.eu\\\/sc\\\/?s={search_term_string}\"},\"query-input\":{\"@type\":\"PropertyValueSpecification\",\"valueRequired\":true,\"valueName\":\"search_term_string\"}}],\"inLanguage\":\"es\"},{\"@type\":\"Organization\",\"@id\":\"https:\\\/\\\/www.santacombanamemoria.eu\\\/sc\\\/#organization\",\"name\":\"Santa Comba na Memoria\",\"alternateName\":\"Santa Comba na Memoria\",\"url\":\"https:\\\/\\\/www.santacombanamemoria.eu\\\/sc\\\/\",\"logo\":{\"@type\":\"ImageObject\",\"inLanguage\":\"es\",\"@id\":\"https:\\\/\\\/www.santacombanamemoria.eu\\\/sc\\\/#\\\/schema\\\/logo\\\/image\\\/\",\"url\":\"https:\\\/\\\/www.santacombanamemoria.eu\\\/sc\\\/wp-content\\\/uploads\\\/slider2\\\/Editorg_design_05-12-17--25.jpeg\",\"contentUrl\":\"https:\\\/\\\/www.santacombanamemoria.eu\\\/sc\\\/wp-content\\\/uploads\\\/slider2\\\/Editorg_design_05-12-17--25.jpeg\",\"width\":1702,\"height\":680,\"caption\":\"Santa Comba na Memoria\"},\"image\":{\"@id\":\"https:\\\/\\\/www.santacombanamemoria.eu\\\/sc\\\/#\\\/schema\\\/logo\\\/image\\\/\"}}]}<\/script>\n<!-- \/ Yoast SEO plugin. -->","yoast_head_json":{"title":"David Blanco Rodr\u00edguez - Santa Comba na Memoria","robots":{"index":"index","follow":"follow","max-snippet":"max-snippet:-1","max-image-preview":"max-image-preview:large","max-video-preview":"max-video-preview:-1"},"canonical":"https:\/\/www.santacombanamemoria.eu\/sc\/index.php\/david-blanco-rodriguez\/","og_locale":"es_ES","og_type":"article","og_title":"David Blanco Rodr\u00edguez - Santa Comba na Memoria","og_description":"Ciclista. Corriu o Giro, a Volta, o Campeonato de Espa\u00f1a en Ruta o Campeonato de Espa\u00f1a contrareloxio e foi internacional por Espa\u00f1a disputando o Mundial de Ciclismo de 2005. En 2001 deixou o ciclismo para ser Broker en bolsa para posteriormente recuperar a bicicleta e converterse nunha celebridade do deporte en Portugal.","og_url":"https:\/\/www.santacombanamemoria.eu\/sc\/index.php\/david-blanco-rodriguez\/","og_site_name":"Santa Comba na Memoria","article_modified_time":"2024-10-07T07:48:30+00:00","og_image":[{"width":1702,"height":680,"url":"https:\/\/www.santacombanamemoria.eu\/sc\/wp-content\/uploads\/slider2\/Editorg_design_05-12-17--25.jpeg","type":"image\/jpeg"}],"twitter_card":"summary_large_image","twitter_misc":{"Tiempo de lectura":"1 minuto"},"schema":{"@context":"https:\/\/schema.org","@graph":[{"@type":"WebPage","@id":"https:\/\/www.santacombanamemoria.eu\/sc\/index.php\/david-blanco-rodriguez\/","url":"https:\/\/www.santacombanamemoria.eu\/sc\/index.php\/david-blanco-rodriguez\/","name":"David Blanco Rodr\u00edguez - Santa Comba na Memoria","isPartOf":{"@id":"https:\/\/www.santacombanamemoria.eu\/sc\/#website"},"datePublished":"2024-09-21T12:03:37+00:00","dateModified":"2024-10-07T07:48:30+00:00","breadcrumb":{"@id":"https:\/\/www.santacombanamemoria.eu\/sc\/index.php\/david-blanco-rodriguez\/#breadcrumb"},"inLanguage":"es","potentialAction":[{"@type":"ReadAction","target":["https:\/\/www.santacombanamemoria.eu\/sc\/index.php\/david-blanco-rodriguez\/"]}]},{"@type":"BreadcrumbList","@id":"https:\/\/www.santacombanamemoria.eu\/sc\/index.php\/david-blanco-rodriguez\/#breadcrumb","itemListElement":[{"@type":"ListItem","position":1,"name":"Portada","item":"https:\/\/www.santacombanamemoria.eu\/sc\/"},{"@type":"ListItem","position":2,"name":"David Blanco Rodr\u00edguez"}]},{"@type":"WebSite","@id":"https:\/\/www.santacombanamemoria.eu\/sc\/#website","url":"https:\/\/www.santacombanamemoria.eu\/sc\/","name":"Santa Comba na Memoria","description":"Unha fiestra ao pasado dende o ano 1900","publisher":{"@id":"https:\/\/www.santacombanamemoria.eu\/sc\/#organization"},"alternateName":"Historia fotogr\u00e1fica do concello de Santa Comba","potentialAction":[{"@type":"SearchAction","target":{"@type":"EntryPoint","urlTemplate":"https:\/\/www.santacombanamemoria.eu\/sc\/?s={search_term_string}"},"query-input":{"@type":"PropertyValueSpecification","valueRequired":true,"valueName":"search_term_string"}}],"inLanguage":"es"},{"@type":"Organization","@id":"https:\/\/www.santacombanamemoria.eu\/sc\/#organization","name":"Santa Comba na Memoria","alternateName":"Santa Comba na Memoria","url":"https:\/\/www.santacombanamemoria.eu\/sc\/","logo":{"@type":"ImageObject","inLanguage":"es","@id":"https:\/\/www.santacombanamemoria.eu\/sc\/#\/schema\/logo\/image\/","url":"https:\/\/www.santacombanamemoria.eu\/sc\/wp-content\/uploads\/slider2\/Editorg_design_05-12-17--25.jpeg","contentUrl":"https:\/\/www.santacombanamemoria.eu\/sc\/wp-content\/uploads\/slider2\/Editorg_design_05-12-17--25.jpeg","width":1702,"height":680,"caption":"Santa Comba na Memoria"},"image":{"@id":"https:\/\/www.santacombanamemoria.eu\/sc\/#\/schema\/logo\/image\/"}}]}},"jetpack_sharing_enabled":true,"_links":{"self":[{"href":"https:\/\/www.santacombanamemoria.eu\/sc\/index.php\/wp-json\/wp\/v2\/pages\/273","targetHints":{"allow":["GET"]}}],"collection":[{"href":"https:\/\/www.santacombanamemoria.eu\/sc\/index.php\/wp-json\/wp\/v2\/pages"}],"about":[{"href":"https:\/\/www.santacombanamemoria.eu\/sc\/index.php\/wp-json\/wp\/v2\/types\/page"}],"author":[{"embeddable":true,"href":"https:\/\/www.santacombanamemoria.eu\/sc\/index.php\/wp-json\/wp\/v2\/users\/1"}],"replies":[{"embeddable":true,"href":"https:\/\/www.santacombanamemoria.eu\/sc\/index.php\/wp-json\/wp\/v2\/comments?post=273"}],"version-history":[{"count":4,"href":"https:\/\/www.santacombanamemoria.eu\/sc\/index.php\/wp-json\/wp\/v2\/pages\/273\/revisions"}],"predecessor-version":[{"id":3263,"href":"https:\/\/www.santacombanamemoria.eu\/sc\/index.php\/wp-json\/wp\/v2\/pages\/273\/revisions\/3263"}],"wp:attachment":[{"href":"https:\/\/www.santacombanamemoria.eu\/sc\/index.php\/wp-json\/wp\/v2\/media?parent=273"}],"curies":[{"name":"wp","href":"https:\/\/api.w.org\/{rel}","templated":true}]}}