{"id":277,"date":"2024-09-21T12:04:26","date_gmt":"2024-09-21T12:04:26","guid":{"rendered":"https:\/\/anxovarela.es\/sc\/?page_id=277"},"modified":"2025-01-09T16:38:24","modified_gmt":"2025-01-09T15:38:24","slug":"esperanza-calvo-vazquez","status":"publish","type":"page","link":"https:\/\/www.santacombanamemoria.eu\/sc\/index.php\/esperanza-calvo-vazquez\/","title":{"rendered":"Esperanza Calvo V\u00e1zquez"},"content":{"rendered":"\r\n<p>Conta con ampla experiencia en t\u00f3dolos campos relacionados co xornalismo: televisi\u00f3n, prensa e internet, que a levaron a percorrer medio mundo realizando numerosas reportaxes, alg\u00fans deles premiados, para reco\u00f1ecidos medios informativos de todo o pa\u00eds. Traballou como redactora, presentadora, colaboradora, guionista ou produtora para numerosos medios informativos, entre os que destacan a Televisi\u00f3n de Galicia, Tele 5, CNN+ ou Mediaset Espa\u00f1a. Compartiu noites con prostitutas, bandas organizadas e todo tipo de delicuentes, ao lado dos servizos especiais de diversas polic\u00edas do pa\u00eds. Entre outras coberturas informativas estivo presente na intervenci\u00f3n dun alixo de 4.000 quilos de coca\u00edna en Punta da Buitra (Muxia) en 2009; no accidente do voo 5022 da compa\u00f1\u00eda Spanair no que faleceron 154 persoas en agosto de 2008; na operaci\u00f3n das forzas especiais antinarc\u00f3ticos da polic\u00eda Colombiana para a destruci\u00f3n dun laboratorio de coca\u00edna na selva de C\u00facuta (Colombia) en Novembro de 2010; na incautaci\u00f3n dun alixo de 700 quilos de hachix coa Garda Civil de Alxeciras en Agosto de 2006 ou nos atentados do 11 M. As\u00ed mesmo, en 2008 cubriu en Austria e Suiza a Eurocopa de f\u00fatbol que ga\u00f1ou Espa\u00f1a. \u00c9 Premio do Ministerio de Defensa pola reportaxe \u00abAprendices de Soldado\u00bb sobre a loita contra a Piratar\u00eda en Somali,. entregado pola Ministra de Defensa Carme Chac\u00f3n en Xu\u00f1o de 2011. Tres das s\u00faas reportaxes relacionadas con temas de narcotr\u00e1fico obtiveron a N\u00e9cora de Ouro, o m\u00e1ximo galard\u00f3n que cada ano outorga a Fundaci\u00f3n Galega contra o Narcotr\u00e1fico en Outubro de 2007. Despois de que Informativos Telecinco a destinase \u00e1 secci\u00f3n de reportaxes en coberturas internacionais, vive China dende 2011 onde exerce de correspondente de Mediaset Espa\u00f1a e Informativos Tele 5 para As\u00eda-Pac\u00edfico.<\/p>\r\n\r\n\r\n\r\nngg_shortcode_0_placeholder\r\n","protected":false},"excerpt":{"rendered":"<p>Conta con ampla experiencia en t\u00f3dolos campos relacionados co xornalismo: televisi\u00f3n, prensa e internet, que a levaron a percorrer medio mundo realizando numerosas reportaxes, alg\u00fans deles premiados, para reco\u00f1ecidos medios informativos de todo o pa\u00eds. Traballou como redactora, presentadora, colaboradora, guionista ou produtora para numerosos medios informativos, entre os que destacan a Televisi\u00f3n de Galicia, <a class=\"read-more\" href=\"https:\/\/www.santacombanamemoria.eu\/sc\/index.php\/esperanza-calvo-vazquez\/\">LEER M\u00c1S<\/a><\/p>\n","protected":false},"author":1,"featured_media":0,"parent":0,"menu_order":0,"comment_status":"closed","ping_status":"closed","template":"","meta":{"_eb_attr":"","ngg_post_thumbnail":0,"footnotes":""},"class_list":["post-277","page","type-page","status-publish","hentry"],"yoast_head":"<!-- This site is optimized with the Yoast SEO plugin v27.3 - https:\/\/yoast.com\/product\/yoast-seo-wordpress\/ -->\n<title>Esperanza Calvo V\u00e1zquez - Santa Comba na Memoria<\/title>\n<meta name=\"robots\" content=\"index, follow, max-snippet:-1, max-image-preview:large, max-video-preview:-1\" \/>\n<link rel=\"canonical\" href=\"https:\/\/www.santacombanamemoria.eu\/sc\/index.php\/esperanza-calvo-vazquez\/\" \/>\n<meta property=\"og:locale\" content=\"es_ES\" \/>\n<meta property=\"og:type\" content=\"article\" \/>\n<meta property=\"og:title\" content=\"Esperanza Calvo V\u00e1zquez - Santa Comba na Memoria\" \/>\n<meta property=\"og:description\" content=\"Conta con ampla experiencia en t\u00f3dolos campos relacionados co xornalismo: televisi\u00f3n, prensa e internet, que a levaron a percorrer medio mundo realizando numerosas reportaxes, alg\u00fans deles premiados, para reco\u00f1ecidos medios informativos de todo o pa\u00eds. Traballou como redactora, presentadora, colaboradora, guionista ou produtora para numerosos medios informativos, entre os que destacan a Televisi\u00f3n de Galicia, LEER M\u00c1S\" \/>\n<meta property=\"og:url\" content=\"https:\/\/www.santacombanamemoria.eu\/sc\/index.php\/esperanza-calvo-vazquez\/\" \/>\n<meta property=\"og:site_name\" content=\"Santa Comba na Memoria\" \/>\n<meta property=\"article:modified_time\" content=\"2025-01-09T15:38:24+00:00\" \/>\n<meta property=\"og:image\" content=\"https:\/\/www.santacombanamemoria.eu\/sc\/wp-content\/uploads\/slider2\/Editorg_design_05-12-17--25.jpeg\" \/>\n\t<meta property=\"og:image:width\" content=\"1702\" \/>\n\t<meta property=\"og:image:height\" content=\"680\" \/>\n\t<meta property=\"og:image:type\" content=\"image\/jpeg\" \/>\n<meta name=\"twitter:card\" content=\"summary_large_image\" \/>\n<meta name=\"twitter:label1\" content=\"Tiempo de lectura\" \/>\n\t<meta name=\"twitter:data1\" content=\"2 minutos\" \/>\n<script type=\"application\/ld+json\" class=\"yoast-schema-graph\">{\"@context\":\"https:\\\/\\\/schema.org\",\"@graph\":[{\"@type\":\"WebPage\",\"@id\":\"https:\\\/\\\/www.santacombanamemoria.eu\\\/sc\\\/index.php\\\/esperanza-calvo-vazquez\\\/\",\"url\":\"https:\\\/\\\/www.santacombanamemoria.eu\\\/sc\\\/index.php\\\/esperanza-calvo-vazquez\\\/\",\"name\":\"Esperanza Calvo V\u00e1zquez - Santa Comba na Memoria\",\"isPartOf\":{\"@id\":\"https:\\\/\\\/www.santacombanamemoria.eu\\\/sc\\\/#website\"},\"datePublished\":\"2024-09-21T12:04:26+00:00\",\"dateModified\":\"2025-01-09T15:38:24+00:00\",\"breadcrumb\":{\"@id\":\"https:\\\/\\\/www.santacombanamemoria.eu\\\/sc\\\/index.php\\\/esperanza-calvo-vazquez\\\/#breadcrumb\"},\"inLanguage\":\"es\",\"potentialAction\":[{\"@type\":\"ReadAction\",\"target\":[\"https:\\\/\\\/www.santacombanamemoria.eu\\\/sc\\\/index.php\\\/esperanza-calvo-vazquez\\\/\"]}]},{\"@type\":\"BreadcrumbList\",\"@id\":\"https:\\\/\\\/www.santacombanamemoria.eu\\\/sc\\\/index.php\\\/esperanza-calvo-vazquez\\\/#breadcrumb\",\"itemListElement\":[{\"@type\":\"ListItem\",\"position\":1,\"name\":\"Portada\",\"item\":\"https:\\\/\\\/www.santacombanamemoria.eu\\\/sc\\\/\"},{\"@type\":\"ListItem\",\"position\":2,\"name\":\"Esperanza Calvo V\u00e1zquez\"}]},{\"@type\":\"WebSite\",\"@id\":\"https:\\\/\\\/www.santacombanamemoria.eu\\\/sc\\\/#website\",\"url\":\"https:\\\/\\\/www.santacombanamemoria.eu\\\/sc\\\/\",\"name\":\"Santa Comba na Memoria\",\"description\":\"Unha fiestra ao pasado dende o ano 1900\",\"publisher\":{\"@id\":\"https:\\\/\\\/www.santacombanamemoria.eu\\\/sc\\\/#organization\"},\"alternateName\":\"Historia fotogr\u00e1fica do concello de Santa Comba\",\"potentialAction\":[{\"@type\":\"SearchAction\",\"target\":{\"@type\":\"EntryPoint\",\"urlTemplate\":\"https:\\\/\\\/www.santacombanamemoria.eu\\\/sc\\\/?s={search_term_string}\"},\"query-input\":{\"@type\":\"PropertyValueSpecification\",\"valueRequired\":true,\"valueName\":\"search_term_string\"}}],\"inLanguage\":\"es\"},{\"@type\":\"Organization\",\"@id\":\"https:\\\/\\\/www.santacombanamemoria.eu\\\/sc\\\/#organization\",\"name\":\"Santa Comba na Memoria\",\"alternateName\":\"Santa Comba na Memoria\",\"url\":\"https:\\\/\\\/www.santacombanamemoria.eu\\\/sc\\\/\",\"logo\":{\"@type\":\"ImageObject\",\"inLanguage\":\"es\",\"@id\":\"https:\\\/\\\/www.santacombanamemoria.eu\\\/sc\\\/#\\\/schema\\\/logo\\\/image\\\/\",\"url\":\"https:\\\/\\\/www.santacombanamemoria.eu\\\/sc\\\/wp-content\\\/uploads\\\/slider2\\\/Editorg_design_05-12-17--25.jpeg\",\"contentUrl\":\"https:\\\/\\\/www.santacombanamemoria.eu\\\/sc\\\/wp-content\\\/uploads\\\/slider2\\\/Editorg_design_05-12-17--25.jpeg\",\"width\":1702,\"height\":680,\"caption\":\"Santa Comba na Memoria\"},\"image\":{\"@id\":\"https:\\\/\\\/www.santacombanamemoria.eu\\\/sc\\\/#\\\/schema\\\/logo\\\/image\\\/\"}}]}<\/script>\n<!-- \/ Yoast SEO plugin. -->","yoast_head_json":{"title":"Esperanza Calvo V\u00e1zquez - Santa Comba na Memoria","robots":{"index":"index","follow":"follow","max-snippet":"max-snippet:-1","max-image-preview":"max-image-preview:large","max-video-preview":"max-video-preview:-1"},"canonical":"https:\/\/www.santacombanamemoria.eu\/sc\/index.php\/esperanza-calvo-vazquez\/","og_locale":"es_ES","og_type":"article","og_title":"Esperanza Calvo V\u00e1zquez - Santa Comba na Memoria","og_description":"Conta con ampla experiencia en t\u00f3dolos campos relacionados co xornalismo: televisi\u00f3n, prensa e internet, que a levaron a percorrer medio mundo realizando numerosas reportaxes, alg\u00fans deles premiados, para reco\u00f1ecidos medios informativos de todo o pa\u00eds. Traballou como redactora, presentadora, colaboradora, guionista ou produtora para numerosos medios informativos, entre os que destacan a Televisi\u00f3n de Galicia, LEER M\u00c1S","og_url":"https:\/\/www.santacombanamemoria.eu\/sc\/index.php\/esperanza-calvo-vazquez\/","og_site_name":"Santa Comba na Memoria","article_modified_time":"2025-01-09T15:38:24+00:00","og_image":[{"width":1702,"height":680,"url":"https:\/\/www.santacombanamemoria.eu\/sc\/wp-content\/uploads\/slider2\/Editorg_design_05-12-17--25.jpeg","type":"image\/jpeg"}],"twitter_card":"summary_large_image","twitter_misc":{"Tiempo de lectura":"2 minutos"},"schema":{"@context":"https:\/\/schema.org","@graph":[{"@type":"WebPage","@id":"https:\/\/www.santacombanamemoria.eu\/sc\/index.php\/esperanza-calvo-vazquez\/","url":"https:\/\/www.santacombanamemoria.eu\/sc\/index.php\/esperanza-calvo-vazquez\/","name":"Esperanza Calvo V\u00e1zquez - Santa Comba na Memoria","isPartOf":{"@id":"https:\/\/www.santacombanamemoria.eu\/sc\/#website"},"datePublished":"2024-09-21T12:04:26+00:00","dateModified":"2025-01-09T15:38:24+00:00","breadcrumb":{"@id":"https:\/\/www.santacombanamemoria.eu\/sc\/index.php\/esperanza-calvo-vazquez\/#breadcrumb"},"inLanguage":"es","potentialAction":[{"@type":"ReadAction","target":["https:\/\/www.santacombanamemoria.eu\/sc\/index.php\/esperanza-calvo-vazquez\/"]}]},{"@type":"BreadcrumbList","@id":"https:\/\/www.santacombanamemoria.eu\/sc\/index.php\/esperanza-calvo-vazquez\/#breadcrumb","itemListElement":[{"@type":"ListItem","position":1,"name":"Portada","item":"https:\/\/www.santacombanamemoria.eu\/sc\/"},{"@type":"ListItem","position":2,"name":"Esperanza Calvo V\u00e1zquez"}]},{"@type":"WebSite","@id":"https:\/\/www.santacombanamemoria.eu\/sc\/#website","url":"https:\/\/www.santacombanamemoria.eu\/sc\/","name":"Santa Comba na Memoria","description":"Unha fiestra ao pasado dende o ano 1900","publisher":{"@id":"https:\/\/www.santacombanamemoria.eu\/sc\/#organization"},"alternateName":"Historia fotogr\u00e1fica do concello de Santa Comba","potentialAction":[{"@type":"SearchAction","target":{"@type":"EntryPoint","urlTemplate":"https:\/\/www.santacombanamemoria.eu\/sc\/?s={search_term_string}"},"query-input":{"@type":"PropertyValueSpecification","valueRequired":true,"valueName":"search_term_string"}}],"inLanguage":"es"},{"@type":"Organization","@id":"https:\/\/www.santacombanamemoria.eu\/sc\/#organization","name":"Santa Comba na Memoria","alternateName":"Santa Comba na Memoria","url":"https:\/\/www.santacombanamemoria.eu\/sc\/","logo":{"@type":"ImageObject","inLanguage":"es","@id":"https:\/\/www.santacombanamemoria.eu\/sc\/#\/schema\/logo\/image\/","url":"https:\/\/www.santacombanamemoria.eu\/sc\/wp-content\/uploads\/slider2\/Editorg_design_05-12-17--25.jpeg","contentUrl":"https:\/\/www.santacombanamemoria.eu\/sc\/wp-content\/uploads\/slider2\/Editorg_design_05-12-17--25.jpeg","width":1702,"height":680,"caption":"Santa Comba na Memoria"},"image":{"@id":"https:\/\/www.santacombanamemoria.eu\/sc\/#\/schema\/logo\/image\/"}}]}},"jetpack_sharing_enabled":true,"_links":{"self":[{"href":"https:\/\/www.santacombanamemoria.eu\/sc\/index.php\/wp-json\/wp\/v2\/pages\/277","targetHints":{"allow":["GET"]}}],"collection":[{"href":"https:\/\/www.santacombanamemoria.eu\/sc\/index.php\/wp-json\/wp\/v2\/pages"}],"about":[{"href":"https:\/\/www.santacombanamemoria.eu\/sc\/index.php\/wp-json\/wp\/v2\/types\/page"}],"author":[{"embeddable":true,"href":"https:\/\/www.santacombanamemoria.eu\/sc\/index.php\/wp-json\/wp\/v2\/users\/1"}],"replies":[{"embeddable":true,"href":"https:\/\/www.santacombanamemoria.eu\/sc\/index.php\/wp-json\/wp\/v2\/comments?post=277"}],"version-history":[{"count":6,"href":"https:\/\/www.santacombanamemoria.eu\/sc\/index.php\/wp-json\/wp\/v2\/pages\/277\/revisions"}],"predecessor-version":[{"id":3262,"href":"https:\/\/www.santacombanamemoria.eu\/sc\/index.php\/wp-json\/wp\/v2\/pages\/277\/revisions\/3262"}],"wp:attachment":[{"href":"https:\/\/www.santacombanamemoria.eu\/sc\/index.php\/wp-json\/wp\/v2\/media?parent=277"}],"curies":[{"name":"wp","href":"https:\/\/api.w.org\/{rel}","templated":true}]}}