{"id":280,"date":"2024-09-21T12:05:06","date_gmt":"2024-09-21T12:05:06","guid":{"rendered":"https:\/\/anxovarela.es\/sc\/?page_id=280"},"modified":"2024-11-16T20:01:53","modified_gmt":"2024-11-16T20:01:53","slug":"frei-garcia-de-pardinas-villar-de-francos","status":"publish","type":"page","link":"https:\/\/www.santacombanamemoria.eu\/sc\/index.php\/frei-garcia-de-pardinas-villar-de-francos\/","title":{"rendered":"Frei Garc\u00eda de Pardi\u00f1as Villar de Francos"},"content":{"rendered":"\r\n<p>Foi un home relevante como escritor e membro da xerarqu\u00eda eclesi\u00e1stica cat\u00f3lica nos s\u00e9culos XVII e XVIII chegando a ser bispo mercenario de Tarazona, provincial da s\u00faa orde relixiosa e catedr\u00e1tico de Teolox\u00eda Moral na Universidade en Salamanca. Na s\u00faa parroquia natal de C\u00edcere, amais de reface-la igrexia e levanta-la capela de Nosa Se\u00f1ora da Mercede fixo valiosas doaz\u00f3ns.<\/p>\r\n<p>Naceu o 12 de xaneiro de 1.672 en C\u00edcere de Abaixo, que daquela dec\u00edase \u201cS\u00edser\u201d, e morreu en Tarazona (Zaragoza) o 29 de marzo de 1.741, sendo soterrado o seu corpo nesa catedral, a\u00ednda que posteriormente os seus restos mortais acabaron enterrados na Capela do Cristo do convento de Conxo. Foi un home relevante como escritor e membro da xerarqu\u00eda eclesi\u00e1stica cat\u00f3lica nos s\u00e9culos XVII e XVIII chegando a ser bispo mercenario de Tarazona, provincial da s\u00faa orde relixiosa e catedr\u00e1tico de Teolox\u00eda Moral en Salamanca. Garc\u00eda Pardi\u00f1as, que ti\u00f1a gran devoci\u00f3n pola Virxe Mar\u00eda, estudiou no colexio de Fonseca (centro de prestixio para as familias fidalgas) e entrou no convento mercenario de Conxo en 1.689 con 17 anos, despois de estudiar Artes e dous anos de Teolox\u00eda. Despois de superar a \u201cprobanza de sangre como era costume \u201cy probar que estaba limpio de sangre jud\u00eda o de cualquier otra mala raza\u201d continuou coa s\u00faa formaci\u00f3n en Tormes, Valladolid e \u00c1vila. Desde 1.700 foi catedr\u00e1tico na Universidade de Salamanca e do 1.703 \u00f3 1.706 ser\u00eda rector do col\u00e9xio da Vera Cruz. Logo foi nomeado Visitador Provincial \u201cde los conventos del reino de Galicia y principado de Asturias\u201d. Regresou \u00f3 seu convento de Salamanca, onde permaneceu ata se-lo bispo de Tarazona e no ano 1.718 ga\u00f1ou a c\u00e1tedra de Teolox\u00eda Moral. En 1.719&nbsp; foi elixido mercenario Superior provincial de Castela, e un ano despois o rei Felipe V present\u00e1bao para bispo de Tarazona, en Arag\u00f3n. Na s\u00faa parroquia natal de C\u00edcere, amais de reface-la igrexia e levanta-la capela de Nosa Se\u00f1ora da Mercede, puso no altar maior as imaxes de San Pedro Nolasco e San Ram\u00f3n Nonato, achegou l\u00e1mpadas de prata, alfaias para o templo e creou unha fundaci\u00f3n e capelan\u00eda da Mercede, que pasaron por diversas reviravoltas despois da s\u00faa morte. No exterior da s\u00faa casa colocou o escudo da s\u00faa orde mercenaria. En informes elaborados polo p\u00e1rroco da parroquia en 1.946 D. Jos\u00e9 Cabeza Docampo, figuran doaz\u00f3ns do Bispo Pardi\u00f1as consistentes nunha cruz parroquial de prata (gardada daquela na casa rectoral da capital xalleira) e un unha cadea de ouro que lle penduraba \u00e1 imaxe da virxe Mar\u00eda nas procesi\u00f3ns.<\/p>\r\n\r\n\r\n\r\nngg_shortcode_0_placeholder\r\n","protected":false},"excerpt":{"rendered":"<p>Foi un home relevante como escritor e membro da xerarqu\u00eda eclesi\u00e1stica cat\u00f3lica nos s\u00e9culos XVII e XVIII chegando a ser bispo mercenario de Tarazona, provincial da s\u00faa orde relixiosa e catedr\u00e1tico de Teolox\u00eda Moral na Universidade en Salamanca. Na s\u00faa parroquia natal de C\u00edcere, amais de reface-la igrexia e levanta-la capela de Nosa Se\u00f1ora da <a class=\"read-more\" href=\"https:\/\/www.santacombanamemoria.eu\/sc\/index.php\/frei-garcia-de-pardinas-villar-de-francos\/\">LEER M\u00c1S<\/a><\/p>\n","protected":false},"author":1,"featured_media":0,"parent":0,"menu_order":0,"comment_status":"closed","ping_status":"closed","template":"","meta":{"_eb_attr":"","ngg_post_thumbnail":0,"footnotes":""},"class_list":["post-280","page","type-page","status-publish","hentry"],"yoast_head":"<!-- This site is optimized with the Yoast SEO plugin v27.3 - https:\/\/yoast.com\/product\/yoast-seo-wordpress\/ -->\n<title>Frei Garc\u00eda de Pardi\u00f1as Villar de Francos - Santa Comba na Memoria<\/title>\n<meta name=\"robots\" content=\"index, follow, max-snippet:-1, max-image-preview:large, max-video-preview:-1\" \/>\n<link rel=\"canonical\" href=\"https:\/\/www.santacombanamemoria.eu\/sc\/index.php\/frei-garcia-de-pardinas-villar-de-francos\/\" \/>\n<meta property=\"og:locale\" content=\"es_ES\" \/>\n<meta property=\"og:type\" content=\"article\" \/>\n<meta property=\"og:title\" content=\"Frei Garc\u00eda de Pardi\u00f1as Villar de Francos - Santa Comba na Memoria\" \/>\n<meta property=\"og:description\" content=\"Foi un home relevante como escritor e membro da xerarqu\u00eda eclesi\u00e1stica cat\u00f3lica nos s\u00e9culos XVII e XVIII chegando a ser bispo mercenario de Tarazona, provincial da s\u00faa orde relixiosa e catedr\u00e1tico de Teolox\u00eda Moral na Universidade en Salamanca. Na s\u00faa parroquia natal de C\u00edcere, amais de reface-la igrexia e levanta-la capela de Nosa Se\u00f1ora da LEER M\u00c1S\" \/>\n<meta property=\"og:url\" content=\"https:\/\/www.santacombanamemoria.eu\/sc\/index.php\/frei-garcia-de-pardinas-villar-de-francos\/\" \/>\n<meta property=\"og:site_name\" content=\"Santa Comba na Memoria\" \/>\n<meta property=\"article:modified_time\" content=\"2024-11-16T20:01:53+00:00\" \/>\n<meta property=\"og:image\" content=\"https:\/\/www.santacombanamemoria.eu\/sc\/wp-content\/uploads\/slider2\/Editorg_design_05-12-17--25.jpeg\" \/>\n\t<meta property=\"og:image:width\" content=\"1702\" \/>\n\t<meta property=\"og:image:height\" content=\"680\" \/>\n\t<meta property=\"og:image:type\" content=\"image\/jpeg\" \/>\n<meta name=\"twitter:card\" content=\"summary_large_image\" \/>\n<meta name=\"twitter:label1\" content=\"Tiempo de lectura\" \/>\n\t<meta name=\"twitter:data1\" content=\"2 minutos\" \/>\n<script type=\"application\/ld+json\" class=\"yoast-schema-graph\">{\"@context\":\"https:\\\/\\\/schema.org\",\"@graph\":[{\"@type\":\"WebPage\",\"@id\":\"https:\\\/\\\/www.santacombanamemoria.eu\\\/sc\\\/index.php\\\/frei-garcia-de-pardinas-villar-de-francos\\\/\",\"url\":\"https:\\\/\\\/www.santacombanamemoria.eu\\\/sc\\\/index.php\\\/frei-garcia-de-pardinas-villar-de-francos\\\/\",\"name\":\"Frei Garc\u00eda de Pardi\u00f1as Villar de Francos - Santa Comba na Memoria\",\"isPartOf\":{\"@id\":\"https:\\\/\\\/www.santacombanamemoria.eu\\\/sc\\\/#website\"},\"datePublished\":\"2024-09-21T12:05:06+00:00\",\"dateModified\":\"2024-11-16T20:01:53+00:00\",\"breadcrumb\":{\"@id\":\"https:\\\/\\\/www.santacombanamemoria.eu\\\/sc\\\/index.php\\\/frei-garcia-de-pardinas-villar-de-francos\\\/#breadcrumb\"},\"inLanguage\":\"es\",\"potentialAction\":[{\"@type\":\"ReadAction\",\"target\":[\"https:\\\/\\\/www.santacombanamemoria.eu\\\/sc\\\/index.php\\\/frei-garcia-de-pardinas-villar-de-francos\\\/\"]}]},{\"@type\":\"BreadcrumbList\",\"@id\":\"https:\\\/\\\/www.santacombanamemoria.eu\\\/sc\\\/index.php\\\/frei-garcia-de-pardinas-villar-de-francos\\\/#breadcrumb\",\"itemListElement\":[{\"@type\":\"ListItem\",\"position\":1,\"name\":\"Portada\",\"item\":\"https:\\\/\\\/www.santacombanamemoria.eu\\\/sc\\\/\"},{\"@type\":\"ListItem\",\"position\":2,\"name\":\"Frei Garc\u00eda de Pardi\u00f1as Villar de Francos\"}]},{\"@type\":\"WebSite\",\"@id\":\"https:\\\/\\\/www.santacombanamemoria.eu\\\/sc\\\/#website\",\"url\":\"https:\\\/\\\/www.santacombanamemoria.eu\\\/sc\\\/\",\"name\":\"Santa Comba na Memoria\",\"description\":\"Unha fiestra ao pasado dende o ano 1900\",\"publisher\":{\"@id\":\"https:\\\/\\\/www.santacombanamemoria.eu\\\/sc\\\/#organization\"},\"alternateName\":\"Historia fotogr\u00e1fica do concello de Santa Comba\",\"potentialAction\":[{\"@type\":\"SearchAction\",\"target\":{\"@type\":\"EntryPoint\",\"urlTemplate\":\"https:\\\/\\\/www.santacombanamemoria.eu\\\/sc\\\/?s={search_term_string}\"},\"query-input\":{\"@type\":\"PropertyValueSpecification\",\"valueRequired\":true,\"valueName\":\"search_term_string\"}}],\"inLanguage\":\"es\"},{\"@type\":\"Organization\",\"@id\":\"https:\\\/\\\/www.santacombanamemoria.eu\\\/sc\\\/#organization\",\"name\":\"Santa Comba na Memoria\",\"alternateName\":\"Santa Comba na Memoria\",\"url\":\"https:\\\/\\\/www.santacombanamemoria.eu\\\/sc\\\/\",\"logo\":{\"@type\":\"ImageObject\",\"inLanguage\":\"es\",\"@id\":\"https:\\\/\\\/www.santacombanamemoria.eu\\\/sc\\\/#\\\/schema\\\/logo\\\/image\\\/\",\"url\":\"https:\\\/\\\/www.santacombanamemoria.eu\\\/sc\\\/wp-content\\\/uploads\\\/slider2\\\/Editorg_design_05-12-17--25.jpeg\",\"contentUrl\":\"https:\\\/\\\/www.santacombanamemoria.eu\\\/sc\\\/wp-content\\\/uploads\\\/slider2\\\/Editorg_design_05-12-17--25.jpeg\",\"width\":1702,\"height\":680,\"caption\":\"Santa Comba na Memoria\"},\"image\":{\"@id\":\"https:\\\/\\\/www.santacombanamemoria.eu\\\/sc\\\/#\\\/schema\\\/logo\\\/image\\\/\"}}]}<\/script>\n<!-- \/ Yoast SEO plugin. -->","yoast_head_json":{"title":"Frei Garc\u00eda de Pardi\u00f1as Villar de Francos - Santa Comba na Memoria","robots":{"index":"index","follow":"follow","max-snippet":"max-snippet:-1","max-image-preview":"max-image-preview:large","max-video-preview":"max-video-preview:-1"},"canonical":"https:\/\/www.santacombanamemoria.eu\/sc\/index.php\/frei-garcia-de-pardinas-villar-de-francos\/","og_locale":"es_ES","og_type":"article","og_title":"Frei Garc\u00eda de Pardi\u00f1as Villar de Francos - Santa Comba na Memoria","og_description":"Foi un home relevante como escritor e membro da xerarqu\u00eda eclesi\u00e1stica cat\u00f3lica nos s\u00e9culos XVII e XVIII chegando a ser bispo mercenario de Tarazona, provincial da s\u00faa orde relixiosa e catedr\u00e1tico de Teolox\u00eda Moral na Universidade en Salamanca. Na s\u00faa parroquia natal de C\u00edcere, amais de reface-la igrexia e levanta-la capela de Nosa Se\u00f1ora da LEER M\u00c1S","og_url":"https:\/\/www.santacombanamemoria.eu\/sc\/index.php\/frei-garcia-de-pardinas-villar-de-francos\/","og_site_name":"Santa Comba na Memoria","article_modified_time":"2024-11-16T20:01:53+00:00","og_image":[{"width":1702,"height":680,"url":"https:\/\/www.santacombanamemoria.eu\/sc\/wp-content\/uploads\/slider2\/Editorg_design_05-12-17--25.jpeg","type":"image\/jpeg"}],"twitter_card":"summary_large_image","twitter_misc":{"Tiempo de lectura":"2 minutos"},"schema":{"@context":"https:\/\/schema.org","@graph":[{"@type":"WebPage","@id":"https:\/\/www.santacombanamemoria.eu\/sc\/index.php\/frei-garcia-de-pardinas-villar-de-francos\/","url":"https:\/\/www.santacombanamemoria.eu\/sc\/index.php\/frei-garcia-de-pardinas-villar-de-francos\/","name":"Frei Garc\u00eda de Pardi\u00f1as Villar de Francos - Santa Comba na Memoria","isPartOf":{"@id":"https:\/\/www.santacombanamemoria.eu\/sc\/#website"},"datePublished":"2024-09-21T12:05:06+00:00","dateModified":"2024-11-16T20:01:53+00:00","breadcrumb":{"@id":"https:\/\/www.santacombanamemoria.eu\/sc\/index.php\/frei-garcia-de-pardinas-villar-de-francos\/#breadcrumb"},"inLanguage":"es","potentialAction":[{"@type":"ReadAction","target":["https:\/\/www.santacombanamemoria.eu\/sc\/index.php\/frei-garcia-de-pardinas-villar-de-francos\/"]}]},{"@type":"BreadcrumbList","@id":"https:\/\/www.santacombanamemoria.eu\/sc\/index.php\/frei-garcia-de-pardinas-villar-de-francos\/#breadcrumb","itemListElement":[{"@type":"ListItem","position":1,"name":"Portada","item":"https:\/\/www.santacombanamemoria.eu\/sc\/"},{"@type":"ListItem","position":2,"name":"Frei Garc\u00eda de Pardi\u00f1as Villar de Francos"}]},{"@type":"WebSite","@id":"https:\/\/www.santacombanamemoria.eu\/sc\/#website","url":"https:\/\/www.santacombanamemoria.eu\/sc\/","name":"Santa Comba na Memoria","description":"Unha fiestra ao pasado dende o ano 1900","publisher":{"@id":"https:\/\/www.santacombanamemoria.eu\/sc\/#organization"},"alternateName":"Historia fotogr\u00e1fica do concello de Santa Comba","potentialAction":[{"@type":"SearchAction","target":{"@type":"EntryPoint","urlTemplate":"https:\/\/www.santacombanamemoria.eu\/sc\/?s={search_term_string}"},"query-input":{"@type":"PropertyValueSpecification","valueRequired":true,"valueName":"search_term_string"}}],"inLanguage":"es"},{"@type":"Organization","@id":"https:\/\/www.santacombanamemoria.eu\/sc\/#organization","name":"Santa Comba na Memoria","alternateName":"Santa Comba na Memoria","url":"https:\/\/www.santacombanamemoria.eu\/sc\/","logo":{"@type":"ImageObject","inLanguage":"es","@id":"https:\/\/www.santacombanamemoria.eu\/sc\/#\/schema\/logo\/image\/","url":"https:\/\/www.santacombanamemoria.eu\/sc\/wp-content\/uploads\/slider2\/Editorg_design_05-12-17--25.jpeg","contentUrl":"https:\/\/www.santacombanamemoria.eu\/sc\/wp-content\/uploads\/slider2\/Editorg_design_05-12-17--25.jpeg","width":1702,"height":680,"caption":"Santa Comba na Memoria"},"image":{"@id":"https:\/\/www.santacombanamemoria.eu\/sc\/#\/schema\/logo\/image\/"}}]}},"jetpack_sharing_enabled":true,"_links":{"self":[{"href":"https:\/\/www.santacombanamemoria.eu\/sc\/index.php\/wp-json\/wp\/v2\/pages\/280","targetHints":{"allow":["GET"]}}],"collection":[{"href":"https:\/\/www.santacombanamemoria.eu\/sc\/index.php\/wp-json\/wp\/v2\/pages"}],"about":[{"href":"https:\/\/www.santacombanamemoria.eu\/sc\/index.php\/wp-json\/wp\/v2\/types\/page"}],"author":[{"embeddable":true,"href":"https:\/\/www.santacombanamemoria.eu\/sc\/index.php\/wp-json\/wp\/v2\/users\/1"}],"replies":[{"embeddable":true,"href":"https:\/\/www.santacombanamemoria.eu\/sc\/index.php\/wp-json\/wp\/v2\/comments?post=280"}],"version-history":[{"count":4,"href":"https:\/\/www.santacombanamemoria.eu\/sc\/index.php\/wp-json\/wp\/v2\/pages\/280\/revisions"}],"predecessor-version":[{"id":3049,"href":"https:\/\/www.santacombanamemoria.eu\/sc\/index.php\/wp-json\/wp\/v2\/pages\/280\/revisions\/3049"}],"wp:attachment":[{"href":"https:\/\/www.santacombanamemoria.eu\/sc\/index.php\/wp-json\/wp\/v2\/media?parent=280"}],"curies":[{"name":"wp","href":"https:\/\/api.w.org\/{rel}","templated":true}]}}