{"id":282,"date":"2024-09-21T12:05:28","date_gmt":"2024-09-21T12:05:28","guid":{"rendered":"https:\/\/anxovarela.es\/sc\/?page_id=282"},"modified":"2024-11-17T10:15:25","modified_gmt":"2024-11-17T10:15:25","slug":"jose-antonio-anido-martinez","status":"publish","type":"page","link":"https:\/\/www.santacombanamemoria.eu\/sc\/index.php\/jose-antonio-anido-martinez\/","title":{"rendered":"Jos\u00e9 Antonio Anido Mart\u00ednez"},"content":{"rendered":"\r\n<p>Membro das corpos e forzas de seguridade do estado infiltrado en ETA<\/p>\r\n<p>Natural de Santa Comba, de profesi\u00f3n Garda Civil, foi o \u00faltimo \u201ctopo\u201d que o CESID (Organismo estatal encargado de co\u00f1ecer e informar \u00f3 Goberno de todo aquilo que puidese afectar \u00e1 seguridade, estabilidade e defensa do Estado, na actualidade denom\u00ednase Centro Nacional de Intelixencia) logrou infiltrar na c\u00fapula da banda terrorista ETA ata converterse en ch\u00f3fer do por aquel ent\u00f3n n\u00famero un da banda, Mikel Albitzu Iriarte, alias \u201cMikel Antza\u201d. A\u00ednda que naceu en 1968 en Estrasburgo (Francia), onde estaba emigrada a s\u00faa familia, nunca foi un obst\u00e1culo para que se considerase Xalleiro como o que m\u00e1is, e en Santa Comba pasou grandes tempadas facendo grandes amigos cos que agora, por raz\u00f3ns obvias, non ten ning\u00fan tipo de contacto. En 1989 e cando s\u00f3 contaba con 21 anos infiltrouse en ETA a trav\u00e9s de c\u00edrculos antimilitaristas de Baiona (Francia), present\u00e1ndose ante o mundo \u201cabertzale\u201d como desertor do servizo militar. Pouco a pouco foi ga\u00f1ando a confianza dos terroristas ata tal punto de converterse, seis anos m\u00e1is tarde, en chofer do por aquel ent\u00f3n n\u00famero un da banda, Mikel Albitzu Iriarte, alias \u201cMikel Antza\u201d.<br>En maio de 1995, foi descuberto cando outro etarra que se aloxaba na casa de seus pais, en Estrasburgo, viu un \u00e1lbum de fotos no que Anido aparec\u00eda vestido co uniforme da Garda Civil. Descuberta a s\u00faa verdadeira identidade desapareceu sen deixar rastro, xa que o avisaron a tempo e puido desaparecer, escapando dunha morte segura. Ata ese intre, o personaxe de Anido era desco\u00f1ecido para todos, pero despois deste feito, a s\u00faa cara comezou a facerse moi popular, xa que o diario Egin, ligado a c\u00edrculos terroristas e co que colaboraba \u201cMikel Antza\u201d fixo p\u00fablica a verdadeira identidade do \u201ctopo\u201d galego con todo luxo de detalles, co obxectivo de que todo o mundo \u201cabertzale\u201d tivese claro quen era Anido. Novamente, converteuse nun desco\u00f1ecido, e ningu\u00e9n volveu saber del, nin siquera a s\u00faa familia. A s\u00faa cabeza ti\u00f1a un prezo e era buscada.<br>O 26 de novembro de 1998 dous Gardas Civ\u00eds, Antonio Cabana e Xulio Domingo G\u00f3mez Franco, adscritos \u00e1 embaixada espa\u00f1ola en Colombia, sufriron un atentado nunha c\u00e9ntrica r\u00faa de Bogot\u00e1. \u00c1mbolos dous sa\u00edan dunha entidade bancaria onde retiraran 50 mill\u00f3ns das antigas pesetas (300 mil euros) en cumprimento dunha orde da embaixada espa\u00f1ola en Colombia. Cando se dispo\u00f1\u00edan a subir a un veh\u00edculo Mazda gris, foron abordados por catro homes a bordo de d\u00faas motocicletas. O axente Cabana, sacou a s\u00faa pistola e abriu fogo contra eles produc\u00edndose un violento tiroteo, no que faleceu o seu compa\u00f1eiro<br>e el quedou ferido de gravidade, a\u00ednda que puido escapar con vida.<br>Este feito converteuse en noticia destacada en diferentes diarios do noso pa\u00eds, e a polic\u00eda colombiana informou de que se trataba dun atraco por parte de delincuentes com\u00fans, versi\u00f3n avalada pola embaixada, que tam\u00e9n de inmediato difundiu a versi\u00f3n oficial do atraco. Pero posteriormente s\u00f3ubose que detr\u00e1s da identidade do axente Cabana se escond\u00eda a de Jos\u00e9 Antonio Anido,&nbsp; e non se descarta a hip\u00f3tese do atentado. Como xa sucedera anteriormente, un diario ligado \u00f3 mundo \u201cabertzale\u201d, neste caso Euskadi informaci\u00f3n, que xa substitu\u00edra a Egin, e que traballaba cunha precariedade de medios, sen apenas correspondentes internacionais, publicou en primicia e en exclusiva este feito e a verdadeira nova identidade de Anido.<br>Como \u00e9 l\u00f3xico dentro dos servizos de intelixencia de calquera pa\u00eds, os responsables antiterroristas, nin o Ministerio do interior, falan do tema, pero os froitos de Anido dentro de ETA deberon ser extraordinarios, xa que estivo seis anos dentro da banda, traballando man a man co seu l\u00edder, cuxa capacidade de decisi\u00f3n era das m\u00e1is altas en toda a historia do grupo armado, posto que desde a desarticulaci\u00f3n do \u2018colectivo Artapalo\u2019 en Bidart, o 29 de marzo de 1992, encarg\u00e1base de elaborar as directrices pol\u00edticas e ideol\u00f3xicas da organizaci\u00f3n, de determinar a s\u00faa estratexia, de establecer a coordinaci\u00f3n coas demais formaci\u00f3ns da s\u00faa \u00f3rbita e de manter relaci\u00f3ns no \u00e1mbito internacional. A \u201cMikel Antza\u201d mentres tivo como chofer o axente Anido como infiltrado, atrib\u00faeselle un papel determinante nas conversas mantidas en 1998<br>co PNV, EA e HB que desembocaron nos acordos de Lizarra-Garazi e no alto o fogo m\u00e1is prolongado e respectado ata a data por ETA. Crese que foi un dos contactos en Bruxelas co ent\u00f3n eurodiputado do PNV<br>e actual presidente deste partido, Josu Jon Imaz, para iniciar o proceso.<br>Secundado por Bel\u00e9n Gonz\u00e1lez Pe\u00f1alva, \u2018Carmen\u2019, o 19 de maio de 1999 reuniuse nun hotel de Zurich (Su\u00edza) con tres emisarios de Jos\u00e9 Mar\u00eda Aznar, no \u00fanico contacto directo co Goberno espa\u00f1ol producido no marco da tregua. \u201cAntza\u201d impulsou a estratexia de atentados contra os representantes pol\u00edticos do PP e do PSOE acompa\u00f1ada dunha intensificaci\u00f3n da violencia da r\u00faa, foi o art\u00edfice da frustrada doutrina da fronte nacionalista para a consecuci\u00f3n da independencia, e sempre co infiltrado axente Anido \u00f3 seu lado. Finalmente \u201cAntza\u201d foi detido en compa\u00f1a da presunta dirixente Soledad Iparragirre Genetxea, \u2018Anboto\u2019, coa que tivo un fillo.<br>Actualmente \u201cAntza\u201d est\u00e1 encarcerado e de Anido, por cuesti\u00f3ns de seguridade, non se sabe nada, a s\u00faa actual cara, identidade e paradoiro \u00e9 todo un misterio, nin siquera se sabe se est\u00e1 vivo.<br>Como sucede en t\u00f3dalas informaci\u00f3ns sobre axentes secretos, non se sabe a ciencia certa e con seguridade nada sobre o Axente Anido, nin tampouco existe ningunha historia nin versi\u00f3n oficial sobre o seu personaxe. Por iso, toda a informaci\u00f3n contida nesta biograf\u00eda procede das informaci\u00f3ns publicadas por diarios de tiraxe nacional, historia da vida real doutros infiltrados levadas \u00f3 cine e investigaci\u00f3ns period\u00edsticas.<br>A vida dun dos seus compa\u00f1eiros, Mikel Lejarza \u201cO Lobo\u201d, foi levada \u00f3 cine no ano 2004, como o topo m\u00e1is importante na historia de ETA, cuxo arriscado traballo propiciou a ca\u00edda da c\u00fapula da banda terrorista no ano 75, a dos Comandos Madrid e Barcelona e levou \u00e1 detenci\u00f3n de 75 activistas, dixo nunha charla directa con internautas que \u201cETA non esquece, sei que seguirei sendo o seu obxectivo, a\u00ednda que se consiga a paz\u2026 Anido ter\u00e1 que someterse a cirurx\u00eda est\u00e9tica, a s\u00faa cara \u00e9 xa moi co\u00f1ecida en c\u00edrculos etarras\u201d. De feito, Mikel Lejarza cambiou varias veces de identidade e someteuse a varias operaci\u00f3ns de cirurx\u00eda est\u00e9tica, ata o punto de po\u00f1erse \u00f3 lado de seus pais e non ser reco\u00f1ecido.<br>O personaxe de Anido vai cobrando m\u00e1is importancia a medida que se van co\u00f1ecendo m\u00e1is datos sobre as infiltraci\u00f3ns de axentes secretos en redes terroristas. O periodista Jorge Cabezas, no seu libro \u201cInfiltrados\u201d, describe \u00f3 longo de 300 p\u00e1xinas o labor de infiltraci\u00f3n das Forzas e Corpos de Seguridade do Estado na organizaci\u00f3n terrorista ETA, que describe como un dos \u201cpiares\u201d da loita antiterrorista, e asevera que no 98% dos casos os intentos de infiltraci\u00f3n fracasan, o que reforza a\u00ednda m\u00e1is o labor e o traballo de Anido na seguridade nacional de Espa\u00f1a; a\u00ednda que fracasou, f\u00edxoo despois de seis anos ,cando xa fixera un extraordinario traballo en prol da loita antiterrorista.<br>No libro \u2018Infiltrados. De ETA a Al-Qaeda\u2019, Cabezas repasa os casos que van desde Mikel Lejarza, \u2018Lobo\u2019, ata o comezo da loita contra o terrorismo islamista en Espa\u00f1a e destaca o caso da polic\u00eda Arantzazu Berradre, que logrou formar parte do \u2018comando Donosti\u2019 e o caso de Jos\u00e9 Antonio Anido, que di del que chegou a converterse en chofer do \u2018n\u00famero un\u2019 do aparato pol\u00edtico de ETA, Mikel \u2018Antza\u2019. Chegando a Francia como un obxector de conciencia, que dos c\u00edrculos antimilitaristas do sur do pa\u00eds veci\u00f1o pasou \u00f3 contorno de ETA<\/p>\r\n\r\n\r\n\r\nngg_shortcode_0_placeholder\r\n","protected":false},"excerpt":{"rendered":"<p>Membro das corpos e forzas de seguridade do estado infiltrado en ETA Natural de Santa Comba, de profesi\u00f3n Garda Civil, foi o \u00faltimo \u201ctopo\u201d que o CESID (Organismo estatal encargado de co\u00f1ecer e informar \u00f3 Goberno de todo aquilo que puidese afectar \u00e1 seguridade, estabilidade e defensa do Estado, na actualidade denom\u00ednase Centro Nacional de <a class=\"read-more\" href=\"https:\/\/www.santacombanamemoria.eu\/sc\/index.php\/jose-antonio-anido-martinez\/\">LEER M\u00c1S<\/a><\/p>\n","protected":false},"author":1,"featured_media":0,"parent":0,"menu_order":0,"comment_status":"closed","ping_status":"closed","template":"","meta":{"_eb_attr":"","ngg_post_thumbnail":0,"footnotes":""},"class_list":["post-282","page","type-page","status-publish","hentry"],"yoast_head":"<!-- This site is optimized with the Yoast SEO plugin v27.3 - https:\/\/yoast.com\/product\/yoast-seo-wordpress\/ -->\n<title>Jos\u00e9 Antonio Anido Mart\u00ednez - Santa Comba na Memoria<\/title>\n<meta name=\"robots\" content=\"index, follow, max-snippet:-1, max-image-preview:large, max-video-preview:-1\" \/>\n<link rel=\"canonical\" href=\"https:\/\/www.santacombanamemoria.eu\/sc\/index.php\/jose-antonio-anido-martinez\/\" \/>\n<meta property=\"og:locale\" content=\"es_ES\" \/>\n<meta property=\"og:type\" content=\"article\" \/>\n<meta property=\"og:title\" content=\"Jos\u00e9 Antonio Anido Mart\u00ednez - Santa Comba na Memoria\" \/>\n<meta property=\"og:description\" content=\"Membro das corpos e forzas de seguridade do estado infiltrado en ETA Natural de Santa Comba, de profesi\u00f3n Garda Civil, foi o \u00faltimo \u201ctopo\u201d que o CESID (Organismo estatal encargado de co\u00f1ecer e informar \u00f3 Goberno de todo aquilo que puidese afectar \u00e1 seguridade, estabilidade e defensa do Estado, na actualidade denom\u00ednase Centro Nacional de LEER M\u00c1S\" \/>\n<meta property=\"og:url\" content=\"https:\/\/www.santacombanamemoria.eu\/sc\/index.php\/jose-antonio-anido-martinez\/\" \/>\n<meta property=\"og:site_name\" content=\"Santa Comba na Memoria\" \/>\n<meta property=\"article:modified_time\" content=\"2024-11-17T10:15:25+00:00\" \/>\n<meta property=\"og:image\" content=\"https:\/\/www.santacombanamemoria.eu\/sc\/wp-content\/uploads\/slider2\/Editorg_design_05-12-17--25.jpeg\" \/>\n\t<meta property=\"og:image:width\" content=\"1702\" \/>\n\t<meta property=\"og:image:height\" content=\"680\" \/>\n\t<meta property=\"og:image:type\" content=\"image\/jpeg\" \/>\n<meta name=\"twitter:card\" content=\"summary_large_image\" \/>\n<meta name=\"twitter:label1\" content=\"Tiempo de lectura\" \/>\n\t<meta name=\"twitter:data1\" content=\"6 minutos\" \/>\n<script type=\"application\/ld+json\" class=\"yoast-schema-graph\">{\"@context\":\"https:\\\/\\\/schema.org\",\"@graph\":[{\"@type\":\"WebPage\",\"@id\":\"https:\\\/\\\/www.santacombanamemoria.eu\\\/sc\\\/index.php\\\/jose-antonio-anido-martinez\\\/\",\"url\":\"https:\\\/\\\/www.santacombanamemoria.eu\\\/sc\\\/index.php\\\/jose-antonio-anido-martinez\\\/\",\"name\":\"Jos\u00e9 Antonio Anido Mart\u00ednez - Santa Comba na Memoria\",\"isPartOf\":{\"@id\":\"https:\\\/\\\/www.santacombanamemoria.eu\\\/sc\\\/#website\"},\"datePublished\":\"2024-09-21T12:05:28+00:00\",\"dateModified\":\"2024-11-17T10:15:25+00:00\",\"breadcrumb\":{\"@id\":\"https:\\\/\\\/www.santacombanamemoria.eu\\\/sc\\\/index.php\\\/jose-antonio-anido-martinez\\\/#breadcrumb\"},\"inLanguage\":\"es\",\"potentialAction\":[{\"@type\":\"ReadAction\",\"target\":[\"https:\\\/\\\/www.santacombanamemoria.eu\\\/sc\\\/index.php\\\/jose-antonio-anido-martinez\\\/\"]}]},{\"@type\":\"BreadcrumbList\",\"@id\":\"https:\\\/\\\/www.santacombanamemoria.eu\\\/sc\\\/index.php\\\/jose-antonio-anido-martinez\\\/#breadcrumb\",\"itemListElement\":[{\"@type\":\"ListItem\",\"position\":1,\"name\":\"Portada\",\"item\":\"https:\\\/\\\/www.santacombanamemoria.eu\\\/sc\\\/\"},{\"@type\":\"ListItem\",\"position\":2,\"name\":\"Jos\u00e9 Antonio Anido Mart\u00ednez\"}]},{\"@type\":\"WebSite\",\"@id\":\"https:\\\/\\\/www.santacombanamemoria.eu\\\/sc\\\/#website\",\"url\":\"https:\\\/\\\/www.santacombanamemoria.eu\\\/sc\\\/\",\"name\":\"Santa Comba na Memoria\",\"description\":\"Unha fiestra ao pasado dende o ano 1900\",\"publisher\":{\"@id\":\"https:\\\/\\\/www.santacombanamemoria.eu\\\/sc\\\/#organization\"},\"alternateName\":\"Historia fotogr\u00e1fica do concello de Santa Comba\",\"potentialAction\":[{\"@type\":\"SearchAction\",\"target\":{\"@type\":\"EntryPoint\",\"urlTemplate\":\"https:\\\/\\\/www.santacombanamemoria.eu\\\/sc\\\/?s={search_term_string}\"},\"query-input\":{\"@type\":\"PropertyValueSpecification\",\"valueRequired\":true,\"valueName\":\"search_term_string\"}}],\"inLanguage\":\"es\"},{\"@type\":\"Organization\",\"@id\":\"https:\\\/\\\/www.santacombanamemoria.eu\\\/sc\\\/#organization\",\"name\":\"Santa Comba na Memoria\",\"alternateName\":\"Santa Comba na Memoria\",\"url\":\"https:\\\/\\\/www.santacombanamemoria.eu\\\/sc\\\/\",\"logo\":{\"@type\":\"ImageObject\",\"inLanguage\":\"es\",\"@id\":\"https:\\\/\\\/www.santacombanamemoria.eu\\\/sc\\\/#\\\/schema\\\/logo\\\/image\\\/\",\"url\":\"https:\\\/\\\/www.santacombanamemoria.eu\\\/sc\\\/wp-content\\\/uploads\\\/slider2\\\/Editorg_design_05-12-17--25.jpeg\",\"contentUrl\":\"https:\\\/\\\/www.santacombanamemoria.eu\\\/sc\\\/wp-content\\\/uploads\\\/slider2\\\/Editorg_design_05-12-17--25.jpeg\",\"width\":1702,\"height\":680,\"caption\":\"Santa Comba na Memoria\"},\"image\":{\"@id\":\"https:\\\/\\\/www.santacombanamemoria.eu\\\/sc\\\/#\\\/schema\\\/logo\\\/image\\\/\"}}]}<\/script>\n<!-- \/ Yoast SEO plugin. -->","yoast_head_json":{"title":"Jos\u00e9 Antonio Anido Mart\u00ednez - Santa Comba na Memoria","robots":{"index":"index","follow":"follow","max-snippet":"max-snippet:-1","max-image-preview":"max-image-preview:large","max-video-preview":"max-video-preview:-1"},"canonical":"https:\/\/www.santacombanamemoria.eu\/sc\/index.php\/jose-antonio-anido-martinez\/","og_locale":"es_ES","og_type":"article","og_title":"Jos\u00e9 Antonio Anido Mart\u00ednez - Santa Comba na Memoria","og_description":"Membro das corpos e forzas de seguridade do estado infiltrado en ETA Natural de Santa Comba, de profesi\u00f3n Garda Civil, foi o \u00faltimo \u201ctopo\u201d que o CESID (Organismo estatal encargado de co\u00f1ecer e informar \u00f3 Goberno de todo aquilo que puidese afectar \u00e1 seguridade, estabilidade e defensa do Estado, na actualidade denom\u00ednase Centro Nacional de LEER M\u00c1S","og_url":"https:\/\/www.santacombanamemoria.eu\/sc\/index.php\/jose-antonio-anido-martinez\/","og_site_name":"Santa Comba na Memoria","article_modified_time":"2024-11-17T10:15:25+00:00","og_image":[{"width":1702,"height":680,"url":"https:\/\/www.santacombanamemoria.eu\/sc\/wp-content\/uploads\/slider2\/Editorg_design_05-12-17--25.jpeg","type":"image\/jpeg"}],"twitter_card":"summary_large_image","twitter_misc":{"Tiempo de lectura":"6 minutos"},"schema":{"@context":"https:\/\/schema.org","@graph":[{"@type":"WebPage","@id":"https:\/\/www.santacombanamemoria.eu\/sc\/index.php\/jose-antonio-anido-martinez\/","url":"https:\/\/www.santacombanamemoria.eu\/sc\/index.php\/jose-antonio-anido-martinez\/","name":"Jos\u00e9 Antonio Anido Mart\u00ednez - Santa Comba na Memoria","isPartOf":{"@id":"https:\/\/www.santacombanamemoria.eu\/sc\/#website"},"datePublished":"2024-09-21T12:05:28+00:00","dateModified":"2024-11-17T10:15:25+00:00","breadcrumb":{"@id":"https:\/\/www.santacombanamemoria.eu\/sc\/index.php\/jose-antonio-anido-martinez\/#breadcrumb"},"inLanguage":"es","potentialAction":[{"@type":"ReadAction","target":["https:\/\/www.santacombanamemoria.eu\/sc\/index.php\/jose-antonio-anido-martinez\/"]}]},{"@type":"BreadcrumbList","@id":"https:\/\/www.santacombanamemoria.eu\/sc\/index.php\/jose-antonio-anido-martinez\/#breadcrumb","itemListElement":[{"@type":"ListItem","position":1,"name":"Portada","item":"https:\/\/www.santacombanamemoria.eu\/sc\/"},{"@type":"ListItem","position":2,"name":"Jos\u00e9 Antonio Anido Mart\u00ednez"}]},{"@type":"WebSite","@id":"https:\/\/www.santacombanamemoria.eu\/sc\/#website","url":"https:\/\/www.santacombanamemoria.eu\/sc\/","name":"Santa Comba na Memoria","description":"Unha fiestra ao pasado dende o ano 1900","publisher":{"@id":"https:\/\/www.santacombanamemoria.eu\/sc\/#organization"},"alternateName":"Historia fotogr\u00e1fica do concello de Santa Comba","potentialAction":[{"@type":"SearchAction","target":{"@type":"EntryPoint","urlTemplate":"https:\/\/www.santacombanamemoria.eu\/sc\/?s={search_term_string}"},"query-input":{"@type":"PropertyValueSpecification","valueRequired":true,"valueName":"search_term_string"}}],"inLanguage":"es"},{"@type":"Organization","@id":"https:\/\/www.santacombanamemoria.eu\/sc\/#organization","name":"Santa Comba na Memoria","alternateName":"Santa Comba na Memoria","url":"https:\/\/www.santacombanamemoria.eu\/sc\/","logo":{"@type":"ImageObject","inLanguage":"es","@id":"https:\/\/www.santacombanamemoria.eu\/sc\/#\/schema\/logo\/image\/","url":"https:\/\/www.santacombanamemoria.eu\/sc\/wp-content\/uploads\/slider2\/Editorg_design_05-12-17--25.jpeg","contentUrl":"https:\/\/www.santacombanamemoria.eu\/sc\/wp-content\/uploads\/slider2\/Editorg_design_05-12-17--25.jpeg","width":1702,"height":680,"caption":"Santa Comba na Memoria"},"image":{"@id":"https:\/\/www.santacombanamemoria.eu\/sc\/#\/schema\/logo\/image\/"}}]}},"jetpack_sharing_enabled":true,"_links":{"self":[{"href":"https:\/\/www.santacombanamemoria.eu\/sc\/index.php\/wp-json\/wp\/v2\/pages\/282","targetHints":{"allow":["GET"]}}],"collection":[{"href":"https:\/\/www.santacombanamemoria.eu\/sc\/index.php\/wp-json\/wp\/v2\/pages"}],"about":[{"href":"https:\/\/www.santacombanamemoria.eu\/sc\/index.php\/wp-json\/wp\/v2\/types\/page"}],"author":[{"embeddable":true,"href":"https:\/\/www.santacombanamemoria.eu\/sc\/index.php\/wp-json\/wp\/v2\/users\/1"}],"replies":[{"embeddable":true,"href":"https:\/\/www.santacombanamemoria.eu\/sc\/index.php\/wp-json\/wp\/v2\/comments?post=282"}],"version-history":[{"count":5,"href":"https:\/\/www.santacombanamemoria.eu\/sc\/index.php\/wp-json\/wp\/v2\/pages\/282\/revisions"}],"predecessor-version":[{"id":3056,"href":"https:\/\/www.santacombanamemoria.eu\/sc\/index.php\/wp-json\/wp\/v2\/pages\/282\/revisions\/3056"}],"wp:attachment":[{"href":"https:\/\/www.santacombanamemoria.eu\/sc\/index.php\/wp-json\/wp\/v2\/media?parent=282"}],"curies":[{"name":"wp","href":"https:\/\/api.w.org\/{rel}","templated":true}]}}