{"id":2907,"date":"2024-11-09T17:52:28","date_gmt":"2024-11-09T17:52:28","guid":{"rendered":"https:\/\/anxovarela.es\/sc\/?page_id=2907"},"modified":"2024-11-09T17:56:15","modified_gmt":"2024-11-09T17:56:15","slug":"cogomelos-da-primavera","status":"publish","type":"page","link":"https:\/\/www.santacombanamemoria.eu\/sc\/index.php\/cogomelos-da-primavera\/","title":{"rendered":"Cogomelos calendarios de recollida no ano"},"content":{"rendered":"<p>Descubre el momento y lugar perfectos para recolectar setas. Consulta nuestro calendario de setas de primavera, donde encontrar\u00e1s informaci\u00f3n detallada sobre los per\u00edodos de crecimiento y los h\u00e1bitats preferidos de cada especie. Desde los prados y pastizales hasta los bosques de frondosas y con\u00edferas, conoce las mejores \u00e9pocas para buscar tus setas favoritas, identificando el <strong>inicio<\/strong> (violeta), <strong>apogeo<\/strong> (verde) y <strong>ocaso<\/strong> (rojo) de su crecimiento mes a mes, de marzo a junio. Ideal para aficionados y expertos seteros que buscan aprovechar al m\u00e1ximo la temporada.<\/p>\n<p><img decoding=\"async\" src=\"https:\/\/anxovarela.es\/sc\/wp-content\/uploads\/2024\/11\/CALENDARIO-DEL-SETERO-1.jpg\"><\/p>\n<p><img decoding=\"async\" src=\"https:\/\/anxovarela.es\/sc\/wp-content\/uploads\/2024\/11\/CALENDARIO-DEL-SETERO-2.jpg\"><\/p>\n<p><img decoding=\"async\" src=\"https:\/\/anxovarela.es\/sc\/wp-content\/uploads\/2024\/11\/CALENDARIO-DEL-SETERO-3.jpg\"><\/p>\n<p><img decoding=\"async\" src=\"https:\/\/anxovarela.es\/sc\/wp-content\/uploads\/2024\/11\/CALENDARIO-DEL-SETERO-4.jpg\"><\/p>\n<p><img decoding=\"async\" src=\"https:\/\/anxovarela.es\/sc\/wp-content\/uploads\/2024\/11\/CALENDARIO-DEL-SETERO-5.jpg\"><\/p>\n","protected":false},"excerpt":{"rendered":"<p>Descubre el momento y lugar perfectos para recolectar setas. Consulta nuestro calendario de setas de primavera, donde encontrar\u00e1s informaci\u00f3n detallada sobre los per\u00edodos de crecimiento y los h\u00e1bitats preferidos de cada especie. Desde los prados y pastizales hasta los bosques de frondosas y con\u00edferas, conoce las mejores \u00e9pocas para buscar tus setas favoritas, identificando el <a class=\"read-more\" href=\"https:\/\/www.santacombanamemoria.eu\/sc\/index.php\/cogomelos-da-primavera\/\">LEER M\u00c1S<\/a><\/p>\n","protected":false},"author":1,"featured_media":0,"parent":0,"menu_order":0,"comment_status":"closed","ping_status":"closed","template":"","meta":{"_eb_attr":"","ngg_post_thumbnail":0,"footnotes":""},"class_list":["post-2907","page","type-page","status-publish","hentry"],"yoast_head":"<!-- This site is optimized with the Yoast SEO plugin v27.3 - https:\/\/yoast.com\/product\/yoast-seo-wordpress\/ -->\n<title>Cogomelos calendarios de recollida no ano - Santa Comba na Memoria<\/title>\n<meta name=\"robots\" content=\"index, follow, max-snippet:-1, max-image-preview:large, max-video-preview:-1\" \/>\n<link rel=\"canonical\" href=\"https:\/\/www.santacombanamemoria.eu\/sc\/index.php\/cogomelos-da-primavera\/\" \/>\n<meta property=\"og:locale\" content=\"es_ES\" \/>\n<meta property=\"og:type\" content=\"article\" \/>\n<meta property=\"og:title\" content=\"Cogomelos calendarios de recollida no ano - Santa Comba na Memoria\" \/>\n<meta property=\"og:description\" content=\"Descubre el momento y lugar perfectos para recolectar setas. Consulta nuestro calendario de setas de primavera, donde encontrar\u00e1s informaci\u00f3n detallada sobre los per\u00edodos de crecimiento y los h\u00e1bitats preferidos de cada especie. Desde los prados y pastizales hasta los bosques de frondosas y con\u00edferas, conoce las mejores \u00e9pocas para buscar tus setas favoritas, identificando el LEER M\u00c1S\" \/>\n<meta property=\"og:url\" content=\"https:\/\/www.santacombanamemoria.eu\/sc\/index.php\/cogomelos-da-primavera\/\" \/>\n<meta property=\"og:site_name\" content=\"Santa Comba na Memoria\" \/>\n<meta property=\"article:modified_time\" content=\"2024-11-09T17:56:15+00:00\" \/>\n<meta property=\"og:image\" content=\"https:\/\/anxovarela.es\/sc\/wp-content\/uploads\/2024\/11\/CALENDARIO-DEL-SETERO-1.jpg\" \/>\n<meta name=\"twitter:card\" content=\"summary_large_image\" \/>\n<meta name=\"twitter:label1\" content=\"Tiempo de lectura\" \/>\n\t<meta name=\"twitter:data1\" content=\"2 minutos\" \/>\n<script type=\"application\/ld+json\" class=\"yoast-schema-graph\">{\"@context\":\"https:\\\/\\\/schema.org\",\"@graph\":[{\"@type\":\"WebPage\",\"@id\":\"https:\\\/\\\/www.santacombanamemoria.eu\\\/sc\\\/index.php\\\/cogomelos-da-primavera\\\/\",\"url\":\"https:\\\/\\\/www.santacombanamemoria.eu\\\/sc\\\/index.php\\\/cogomelos-da-primavera\\\/\",\"name\":\"Cogomelos calendarios de recollida no ano - Santa Comba na Memoria\",\"isPartOf\":{\"@id\":\"https:\\\/\\\/www.santacombanamemoria.eu\\\/sc\\\/#website\"},\"primaryImageOfPage\":{\"@id\":\"https:\\\/\\\/www.santacombanamemoria.eu\\\/sc\\\/index.php\\\/cogomelos-da-primavera\\\/#primaryimage\"},\"image\":{\"@id\":\"https:\\\/\\\/www.santacombanamemoria.eu\\\/sc\\\/index.php\\\/cogomelos-da-primavera\\\/#primaryimage\"},\"thumbnailUrl\":\"https:\\\/\\\/anxovarela.es\\\/sc\\\/wp-content\\\/uploads\\\/2024\\\/11\\\/CALENDARIO-DEL-SETERO-1.jpg\",\"datePublished\":\"2024-11-09T17:52:28+00:00\",\"dateModified\":\"2024-11-09T17:56:15+00:00\",\"breadcrumb\":{\"@id\":\"https:\\\/\\\/www.santacombanamemoria.eu\\\/sc\\\/index.php\\\/cogomelos-da-primavera\\\/#breadcrumb\"},\"inLanguage\":\"es\",\"potentialAction\":[{\"@type\":\"ReadAction\",\"target\":[\"https:\\\/\\\/www.santacombanamemoria.eu\\\/sc\\\/index.php\\\/cogomelos-da-primavera\\\/\"]}]},{\"@type\":\"ImageObject\",\"inLanguage\":\"es\",\"@id\":\"https:\\\/\\\/www.santacombanamemoria.eu\\\/sc\\\/index.php\\\/cogomelos-da-primavera\\\/#primaryimage\",\"url\":\"https:\\\/\\\/anxovarela.es\\\/sc\\\/wp-content\\\/uploads\\\/2024\\\/11\\\/CALENDARIO-DEL-SETERO-1.jpg\",\"contentUrl\":\"https:\\\/\\\/anxovarela.es\\\/sc\\\/wp-content\\\/uploads\\\/2024\\\/11\\\/CALENDARIO-DEL-SETERO-1.jpg\"},{\"@type\":\"BreadcrumbList\",\"@id\":\"https:\\\/\\\/www.santacombanamemoria.eu\\\/sc\\\/index.php\\\/cogomelos-da-primavera\\\/#breadcrumb\",\"itemListElement\":[{\"@type\":\"ListItem\",\"position\":1,\"name\":\"Portada\",\"item\":\"https:\\\/\\\/www.santacombanamemoria.eu\\\/sc\\\/\"},{\"@type\":\"ListItem\",\"position\":2,\"name\":\"Cogomelos calendarios de recollida no ano\"}]},{\"@type\":\"WebSite\",\"@id\":\"https:\\\/\\\/www.santacombanamemoria.eu\\\/sc\\\/#website\",\"url\":\"https:\\\/\\\/www.santacombanamemoria.eu\\\/sc\\\/\",\"name\":\"Santa Comba na Memoria\",\"description\":\"Unha fiestra ao pasado dende o ano 1900\",\"publisher\":{\"@id\":\"https:\\\/\\\/www.santacombanamemoria.eu\\\/sc\\\/#organization\"},\"alternateName\":\"Historia fotogr\u00e1fica do concello de Santa Comba\",\"potentialAction\":[{\"@type\":\"SearchAction\",\"target\":{\"@type\":\"EntryPoint\",\"urlTemplate\":\"https:\\\/\\\/www.santacombanamemoria.eu\\\/sc\\\/?s={search_term_string}\"},\"query-input\":{\"@type\":\"PropertyValueSpecification\",\"valueRequired\":true,\"valueName\":\"search_term_string\"}}],\"inLanguage\":\"es\"},{\"@type\":\"Organization\",\"@id\":\"https:\\\/\\\/www.santacombanamemoria.eu\\\/sc\\\/#organization\",\"name\":\"Santa Comba na Memoria\",\"alternateName\":\"Santa Comba na Memoria\",\"url\":\"https:\\\/\\\/www.santacombanamemoria.eu\\\/sc\\\/\",\"logo\":{\"@type\":\"ImageObject\",\"inLanguage\":\"es\",\"@id\":\"https:\\\/\\\/www.santacombanamemoria.eu\\\/sc\\\/#\\\/schema\\\/logo\\\/image\\\/\",\"url\":\"https:\\\/\\\/www.santacombanamemoria.eu\\\/sc\\\/wp-content\\\/uploads\\\/slider2\\\/Editorg_design_05-12-17--25.jpeg\",\"contentUrl\":\"https:\\\/\\\/www.santacombanamemoria.eu\\\/sc\\\/wp-content\\\/uploads\\\/slider2\\\/Editorg_design_05-12-17--25.jpeg\",\"width\":1702,\"height\":680,\"caption\":\"Santa Comba na Memoria\"},\"image\":{\"@id\":\"https:\\\/\\\/www.santacombanamemoria.eu\\\/sc\\\/#\\\/schema\\\/logo\\\/image\\\/\"}}]}<\/script>\n<!-- \/ Yoast SEO plugin. -->","yoast_head_json":{"title":"Cogomelos calendarios de recollida no ano - Santa Comba na Memoria","robots":{"index":"index","follow":"follow","max-snippet":"max-snippet:-1","max-image-preview":"max-image-preview:large","max-video-preview":"max-video-preview:-1"},"canonical":"https:\/\/www.santacombanamemoria.eu\/sc\/index.php\/cogomelos-da-primavera\/","og_locale":"es_ES","og_type":"article","og_title":"Cogomelos calendarios de recollida no ano - Santa Comba na Memoria","og_description":"Descubre el momento y lugar perfectos para recolectar setas. Consulta nuestro calendario de setas de primavera, donde encontrar\u00e1s informaci\u00f3n detallada sobre los per\u00edodos de crecimiento y los h\u00e1bitats preferidos de cada especie. Desde los prados y pastizales hasta los bosques de frondosas y con\u00edferas, conoce las mejores \u00e9pocas para buscar tus setas favoritas, identificando el LEER M\u00c1S","og_url":"https:\/\/www.santacombanamemoria.eu\/sc\/index.php\/cogomelos-da-primavera\/","og_site_name":"Santa Comba na Memoria","article_modified_time":"2024-11-09T17:56:15+00:00","og_image":[{"url":"https:\/\/anxovarela.es\/sc\/wp-content\/uploads\/2024\/11\/CALENDARIO-DEL-SETERO-1.jpg","type":"","width":"","height":""}],"twitter_card":"summary_large_image","twitter_misc":{"Tiempo de lectura":"2 minutos"},"schema":{"@context":"https:\/\/schema.org","@graph":[{"@type":"WebPage","@id":"https:\/\/www.santacombanamemoria.eu\/sc\/index.php\/cogomelos-da-primavera\/","url":"https:\/\/www.santacombanamemoria.eu\/sc\/index.php\/cogomelos-da-primavera\/","name":"Cogomelos calendarios de recollida no ano - Santa Comba na Memoria","isPartOf":{"@id":"https:\/\/www.santacombanamemoria.eu\/sc\/#website"},"primaryImageOfPage":{"@id":"https:\/\/www.santacombanamemoria.eu\/sc\/index.php\/cogomelos-da-primavera\/#primaryimage"},"image":{"@id":"https:\/\/www.santacombanamemoria.eu\/sc\/index.php\/cogomelos-da-primavera\/#primaryimage"},"thumbnailUrl":"https:\/\/anxovarela.es\/sc\/wp-content\/uploads\/2024\/11\/CALENDARIO-DEL-SETERO-1.jpg","datePublished":"2024-11-09T17:52:28+00:00","dateModified":"2024-11-09T17:56:15+00:00","breadcrumb":{"@id":"https:\/\/www.santacombanamemoria.eu\/sc\/index.php\/cogomelos-da-primavera\/#breadcrumb"},"inLanguage":"es","potentialAction":[{"@type":"ReadAction","target":["https:\/\/www.santacombanamemoria.eu\/sc\/index.php\/cogomelos-da-primavera\/"]}]},{"@type":"ImageObject","inLanguage":"es","@id":"https:\/\/www.santacombanamemoria.eu\/sc\/index.php\/cogomelos-da-primavera\/#primaryimage","url":"https:\/\/anxovarela.es\/sc\/wp-content\/uploads\/2024\/11\/CALENDARIO-DEL-SETERO-1.jpg","contentUrl":"https:\/\/anxovarela.es\/sc\/wp-content\/uploads\/2024\/11\/CALENDARIO-DEL-SETERO-1.jpg"},{"@type":"BreadcrumbList","@id":"https:\/\/www.santacombanamemoria.eu\/sc\/index.php\/cogomelos-da-primavera\/#breadcrumb","itemListElement":[{"@type":"ListItem","position":1,"name":"Portada","item":"https:\/\/www.santacombanamemoria.eu\/sc\/"},{"@type":"ListItem","position":2,"name":"Cogomelos calendarios de recollida no ano"}]},{"@type":"WebSite","@id":"https:\/\/www.santacombanamemoria.eu\/sc\/#website","url":"https:\/\/www.santacombanamemoria.eu\/sc\/","name":"Santa Comba na Memoria","description":"Unha fiestra ao pasado dende o ano 1900","publisher":{"@id":"https:\/\/www.santacombanamemoria.eu\/sc\/#organization"},"alternateName":"Historia fotogr\u00e1fica do concello de Santa Comba","potentialAction":[{"@type":"SearchAction","target":{"@type":"EntryPoint","urlTemplate":"https:\/\/www.santacombanamemoria.eu\/sc\/?s={search_term_string}"},"query-input":{"@type":"PropertyValueSpecification","valueRequired":true,"valueName":"search_term_string"}}],"inLanguage":"es"},{"@type":"Organization","@id":"https:\/\/www.santacombanamemoria.eu\/sc\/#organization","name":"Santa Comba na Memoria","alternateName":"Santa Comba na Memoria","url":"https:\/\/www.santacombanamemoria.eu\/sc\/","logo":{"@type":"ImageObject","inLanguage":"es","@id":"https:\/\/www.santacombanamemoria.eu\/sc\/#\/schema\/logo\/image\/","url":"https:\/\/www.santacombanamemoria.eu\/sc\/wp-content\/uploads\/slider2\/Editorg_design_05-12-17--25.jpeg","contentUrl":"https:\/\/www.santacombanamemoria.eu\/sc\/wp-content\/uploads\/slider2\/Editorg_design_05-12-17--25.jpeg","width":1702,"height":680,"caption":"Santa Comba na Memoria"},"image":{"@id":"https:\/\/www.santacombanamemoria.eu\/sc\/#\/schema\/logo\/image\/"}}]}},"jetpack_sharing_enabled":true,"_links":{"self":[{"href":"https:\/\/www.santacombanamemoria.eu\/sc\/index.php\/wp-json\/wp\/v2\/pages\/2907","targetHints":{"allow":["GET"]}}],"collection":[{"href":"https:\/\/www.santacombanamemoria.eu\/sc\/index.php\/wp-json\/wp\/v2\/pages"}],"about":[{"href":"https:\/\/www.santacombanamemoria.eu\/sc\/index.php\/wp-json\/wp\/v2\/types\/page"}],"author":[{"embeddable":true,"href":"https:\/\/www.santacombanamemoria.eu\/sc\/index.php\/wp-json\/wp\/v2\/users\/1"}],"replies":[{"embeddable":true,"href":"https:\/\/www.santacombanamemoria.eu\/sc\/index.php\/wp-json\/wp\/v2\/comments?post=2907"}],"version-history":[{"count":3,"href":"https:\/\/www.santacombanamemoria.eu\/sc\/index.php\/wp-json\/wp\/v2\/pages\/2907\/revisions"}],"predecessor-version":[{"id":2916,"href":"https:\/\/www.santacombanamemoria.eu\/sc\/index.php\/wp-json\/wp\/v2\/pages\/2907\/revisions\/2916"}],"wp:attachment":[{"href":"https:\/\/www.santacombanamemoria.eu\/sc\/index.php\/wp-json\/wp\/v2\/media?parent=2907"}],"curies":[{"name":"wp","href":"https:\/\/api.w.org\/{rel}","templated":true}]}}