{"id":324,"date":"2024-09-21T12:06:44","date_gmt":"2024-09-21T12:06:44","guid":{"rendered":"https:\/\/anxovarela.es\/sc\/?page_id=324"},"modified":"2024-09-22T11:29:47","modified_gmt":"2024-09-22T11:29:47","slug":"maria-luz-vidal-sanjuan-e-jose-gomez-rubio","status":"publish","type":"page","link":"https:\/\/www.santacombanamemoria.eu\/sc\/index.php\/maria-luz-vidal-sanjuan-e-jose-gomez-rubio\/","title":{"rendered":"M\u00e1ria Luz Vidal Sanjuan e Jos\u00e9 G\u00f3mez Rubio"},"content":{"rendered":"\n<p><strong>M\u00aa Luz Vidal Sanju\u00e1n e Jos\u00e9 Gomez Rubio.<\/strong><\/p>\n\n\n\n<p><strong><em>Chegaron a estas terras o seu destino profesional como maestros, aqu\u00ed votaron m\u00e1s de 40 anos. A M\u00aa Luz&nbsp;<\/em><\/strong><strong><em>rei Juan Carlos concedeulle a a Cruz de Alfonso X o Sabio pola s\u00faa laboura docente, e a Jos\u00e9 a Corporaci\u00f3n Municipal de Santa Comba doulle o seu nome a unha r\u00faa da localidade.<\/em><\/strong><\/p>\n\n\n\n<p>M\u00aa Luz naceu en Fene o 23 de abril de 1.914 e casou con Jos\u00e9. Os dous chegaron a Santa Comba, \u00f3 seu destino profesional como maestros en 1.944, e aqu\u00ed vivir\u00edan desde aquela ata as datas dos seus respectivos pasamentos. M\u00aa Luz foi destinada primeiramente a Arant\u00f3n, e pasou a formar parte do cadro de profesores do novo col\u00e9xio comarcal Barrie de la Maza no ano 1.973. Xubilouse unha d\u00e9cada m\u00e1is tarde, en 1.983, despois de botar 39 anos en Santa Comba. Jos\u00e9 foi destinado inicialmente a San Cristovo de Mall\u00f3n, logo pasou \u00e1 Agrupaci\u00f3n Mixta de Santa Comba, onde foi director e secretario da Xunta Municipal ata que no ano 1.973 e tam\u00e9n se integrou no novo Col\u00e9xio P\u00fablico Barrie de la Maza. Pola s\u00faa labor docence de tantos anos, a M\u00aa Luz foille concedida o 29 de xaneiro de 1.996, polo rei Juan Carlos, a Cruz de Alfonso X o Sabio. A Jos\u00e9 polos 35 anos adicados enteiramente \u00f3 ensino, a Corporaci\u00f3n Municipal de Santa Comba doulle o seu nome a unha r\u00faa da localidade.<\/p>\n","protected":false},"excerpt":{"rendered":"<p>M\u00aa Luz Vidal Sanju\u00e1n e Jos\u00e9 Gomez Rubio. Chegaron a estas terras o seu destino profesional como maestros, aqu\u00ed votaron m\u00e1s de 40 anos. A M\u00aa Luz&nbsp;rei Juan Carlos concedeulle a a Cruz de Alfonso X o Sabio pola s\u00faa laboura docente, e a Jos\u00e9 a Corporaci\u00f3n Municipal de Santa Comba doulle o seu nome <a class=\"read-more\" href=\"https:\/\/www.santacombanamemoria.eu\/sc\/index.php\/maria-luz-vidal-sanjuan-e-jose-gomez-rubio\/\">LEER M\u00c1S<\/a><\/p>\n","protected":false},"author":1,"featured_media":0,"parent":0,"menu_order":0,"comment_status":"closed","ping_status":"closed","template":"","meta":{"_eb_attr":"","ngg_post_thumbnail":0,"footnotes":""},"class_list":["post-324","page","type-page","status-publish","hentry"],"yoast_head":"<!-- This site is optimized with the Yoast SEO plugin v27.3 - https:\/\/yoast.com\/product\/yoast-seo-wordpress\/ -->\n<title>M\u00e1ria Luz Vidal Sanjuan e Jos\u00e9 G\u00f3mez Rubio - Santa Comba na Memoria<\/title>\n<meta name=\"robots\" content=\"index, follow, max-snippet:-1, max-image-preview:large, max-video-preview:-1\" \/>\n<link rel=\"canonical\" href=\"https:\/\/www.santacombanamemoria.eu\/sc\/index.php\/maria-luz-vidal-sanjuan-e-jose-gomez-rubio\/\" \/>\n<meta property=\"og:locale\" content=\"es_ES\" \/>\n<meta property=\"og:type\" content=\"article\" \/>\n<meta property=\"og:title\" content=\"M\u00e1ria Luz Vidal Sanjuan e Jos\u00e9 G\u00f3mez Rubio - Santa Comba na Memoria\" \/>\n<meta property=\"og:description\" content=\"M\u00aa Luz Vidal Sanju\u00e1n e Jos\u00e9 Gomez Rubio. Chegaron a estas terras o seu destino profesional como maestros, aqu\u00ed votaron m\u00e1s de 40 anos. A M\u00aa Luz&nbsp;rei Juan Carlos concedeulle a a Cruz de Alfonso X o Sabio pola s\u00faa laboura docente, e a Jos\u00e9 a Corporaci\u00f3n Municipal de Santa Comba doulle o seu nome LEER M\u00c1S\" \/>\n<meta property=\"og:url\" content=\"https:\/\/www.santacombanamemoria.eu\/sc\/index.php\/maria-luz-vidal-sanjuan-e-jose-gomez-rubio\/\" \/>\n<meta property=\"og:site_name\" content=\"Santa Comba na Memoria\" \/>\n<meta property=\"article:modified_time\" content=\"2024-09-22T11:29:47+00:00\" \/>\n<meta property=\"og:image\" content=\"https:\/\/www.santacombanamemoria.eu\/sc\/wp-content\/uploads\/slider2\/Editorg_design_05-12-17--25.jpeg\" \/>\n\t<meta property=\"og:image:width\" content=\"1702\" \/>\n\t<meta property=\"og:image:height\" content=\"680\" \/>\n\t<meta property=\"og:image:type\" content=\"image\/jpeg\" \/>\n<meta name=\"twitter:card\" content=\"summary_large_image\" \/>\n<script type=\"application\/ld+json\" class=\"yoast-schema-graph\">{\"@context\":\"https:\\\/\\\/schema.org\",\"@graph\":[{\"@type\":\"WebPage\",\"@id\":\"https:\\\/\\\/www.santacombanamemoria.eu\\\/sc\\\/index.php\\\/maria-luz-vidal-sanjuan-e-jose-gomez-rubio\\\/\",\"url\":\"https:\\\/\\\/www.santacombanamemoria.eu\\\/sc\\\/index.php\\\/maria-luz-vidal-sanjuan-e-jose-gomez-rubio\\\/\",\"name\":\"M\u00e1ria Luz Vidal Sanjuan e Jos\u00e9 G\u00f3mez Rubio - Santa Comba na Memoria\",\"isPartOf\":{\"@id\":\"https:\\\/\\\/www.santacombanamemoria.eu\\\/sc\\\/#website\"},\"datePublished\":\"2024-09-21T12:06:44+00:00\",\"dateModified\":\"2024-09-22T11:29:47+00:00\",\"breadcrumb\":{\"@id\":\"https:\\\/\\\/www.santacombanamemoria.eu\\\/sc\\\/index.php\\\/maria-luz-vidal-sanjuan-e-jose-gomez-rubio\\\/#breadcrumb\"},\"inLanguage\":\"es\",\"potentialAction\":[{\"@type\":\"ReadAction\",\"target\":[\"https:\\\/\\\/www.santacombanamemoria.eu\\\/sc\\\/index.php\\\/maria-luz-vidal-sanjuan-e-jose-gomez-rubio\\\/\"]}]},{\"@type\":\"BreadcrumbList\",\"@id\":\"https:\\\/\\\/www.santacombanamemoria.eu\\\/sc\\\/index.php\\\/maria-luz-vidal-sanjuan-e-jose-gomez-rubio\\\/#breadcrumb\",\"itemListElement\":[{\"@type\":\"ListItem\",\"position\":1,\"name\":\"Portada\",\"item\":\"https:\\\/\\\/www.santacombanamemoria.eu\\\/sc\\\/\"},{\"@type\":\"ListItem\",\"position\":2,\"name\":\"M\u00e1ria Luz Vidal Sanjuan e Jos\u00e9 G\u00f3mez Rubio\"}]},{\"@type\":\"WebSite\",\"@id\":\"https:\\\/\\\/www.santacombanamemoria.eu\\\/sc\\\/#website\",\"url\":\"https:\\\/\\\/www.santacombanamemoria.eu\\\/sc\\\/\",\"name\":\"Santa Comba na Memoria\",\"description\":\"Unha fiestra ao pasado dende o ano 1900\",\"publisher\":{\"@id\":\"https:\\\/\\\/www.santacombanamemoria.eu\\\/sc\\\/#organization\"},\"alternateName\":\"Historia fotogr\u00e1fica do concello de Santa Comba\",\"potentialAction\":[{\"@type\":\"SearchAction\",\"target\":{\"@type\":\"EntryPoint\",\"urlTemplate\":\"https:\\\/\\\/www.santacombanamemoria.eu\\\/sc\\\/?s={search_term_string}\"},\"query-input\":{\"@type\":\"PropertyValueSpecification\",\"valueRequired\":true,\"valueName\":\"search_term_string\"}}],\"inLanguage\":\"es\"},{\"@type\":\"Organization\",\"@id\":\"https:\\\/\\\/www.santacombanamemoria.eu\\\/sc\\\/#organization\",\"name\":\"Santa Comba na Memoria\",\"alternateName\":\"Santa Comba na Memoria\",\"url\":\"https:\\\/\\\/www.santacombanamemoria.eu\\\/sc\\\/\",\"logo\":{\"@type\":\"ImageObject\",\"inLanguage\":\"es\",\"@id\":\"https:\\\/\\\/www.santacombanamemoria.eu\\\/sc\\\/#\\\/schema\\\/logo\\\/image\\\/\",\"url\":\"https:\\\/\\\/www.santacombanamemoria.eu\\\/sc\\\/wp-content\\\/uploads\\\/slider2\\\/Editorg_design_05-12-17--25.jpeg\",\"contentUrl\":\"https:\\\/\\\/www.santacombanamemoria.eu\\\/sc\\\/wp-content\\\/uploads\\\/slider2\\\/Editorg_design_05-12-17--25.jpeg\",\"width\":1702,\"height\":680,\"caption\":\"Santa Comba na Memoria\"},\"image\":{\"@id\":\"https:\\\/\\\/www.santacombanamemoria.eu\\\/sc\\\/#\\\/schema\\\/logo\\\/image\\\/\"}}]}<\/script>\n<!-- \/ Yoast SEO plugin. -->","yoast_head_json":{"title":"M\u00e1ria Luz Vidal Sanjuan e Jos\u00e9 G\u00f3mez Rubio - Santa Comba na Memoria","robots":{"index":"index","follow":"follow","max-snippet":"max-snippet:-1","max-image-preview":"max-image-preview:large","max-video-preview":"max-video-preview:-1"},"canonical":"https:\/\/www.santacombanamemoria.eu\/sc\/index.php\/maria-luz-vidal-sanjuan-e-jose-gomez-rubio\/","og_locale":"es_ES","og_type":"article","og_title":"M\u00e1ria Luz Vidal Sanjuan e Jos\u00e9 G\u00f3mez Rubio - Santa Comba na Memoria","og_description":"M\u00aa Luz Vidal Sanju\u00e1n e Jos\u00e9 Gomez Rubio. Chegaron a estas terras o seu destino profesional como maestros, aqu\u00ed votaron m\u00e1s de 40 anos. A M\u00aa Luz&nbsp;rei Juan Carlos concedeulle a a Cruz de Alfonso X o Sabio pola s\u00faa laboura docente, e a Jos\u00e9 a Corporaci\u00f3n Municipal de Santa Comba doulle o seu nome LEER M\u00c1S","og_url":"https:\/\/www.santacombanamemoria.eu\/sc\/index.php\/maria-luz-vidal-sanjuan-e-jose-gomez-rubio\/","og_site_name":"Santa Comba na Memoria","article_modified_time":"2024-09-22T11:29:47+00:00","og_image":[{"width":1702,"height":680,"url":"https:\/\/www.santacombanamemoria.eu\/sc\/wp-content\/uploads\/slider2\/Editorg_design_05-12-17--25.jpeg","type":"image\/jpeg"}],"twitter_card":"summary_large_image","schema":{"@context":"https:\/\/schema.org","@graph":[{"@type":"WebPage","@id":"https:\/\/www.santacombanamemoria.eu\/sc\/index.php\/maria-luz-vidal-sanjuan-e-jose-gomez-rubio\/","url":"https:\/\/www.santacombanamemoria.eu\/sc\/index.php\/maria-luz-vidal-sanjuan-e-jose-gomez-rubio\/","name":"M\u00e1ria Luz Vidal Sanjuan e Jos\u00e9 G\u00f3mez Rubio - Santa Comba na Memoria","isPartOf":{"@id":"https:\/\/www.santacombanamemoria.eu\/sc\/#website"},"datePublished":"2024-09-21T12:06:44+00:00","dateModified":"2024-09-22T11:29:47+00:00","breadcrumb":{"@id":"https:\/\/www.santacombanamemoria.eu\/sc\/index.php\/maria-luz-vidal-sanjuan-e-jose-gomez-rubio\/#breadcrumb"},"inLanguage":"es","potentialAction":[{"@type":"ReadAction","target":["https:\/\/www.santacombanamemoria.eu\/sc\/index.php\/maria-luz-vidal-sanjuan-e-jose-gomez-rubio\/"]}]},{"@type":"BreadcrumbList","@id":"https:\/\/www.santacombanamemoria.eu\/sc\/index.php\/maria-luz-vidal-sanjuan-e-jose-gomez-rubio\/#breadcrumb","itemListElement":[{"@type":"ListItem","position":1,"name":"Portada","item":"https:\/\/www.santacombanamemoria.eu\/sc\/"},{"@type":"ListItem","position":2,"name":"M\u00e1ria Luz Vidal Sanjuan e Jos\u00e9 G\u00f3mez Rubio"}]},{"@type":"WebSite","@id":"https:\/\/www.santacombanamemoria.eu\/sc\/#website","url":"https:\/\/www.santacombanamemoria.eu\/sc\/","name":"Santa Comba na Memoria","description":"Unha fiestra ao pasado dende o ano 1900","publisher":{"@id":"https:\/\/www.santacombanamemoria.eu\/sc\/#organization"},"alternateName":"Historia fotogr\u00e1fica do concello de Santa Comba","potentialAction":[{"@type":"SearchAction","target":{"@type":"EntryPoint","urlTemplate":"https:\/\/www.santacombanamemoria.eu\/sc\/?s={search_term_string}"},"query-input":{"@type":"PropertyValueSpecification","valueRequired":true,"valueName":"search_term_string"}}],"inLanguage":"es"},{"@type":"Organization","@id":"https:\/\/www.santacombanamemoria.eu\/sc\/#organization","name":"Santa Comba na Memoria","alternateName":"Santa Comba na Memoria","url":"https:\/\/www.santacombanamemoria.eu\/sc\/","logo":{"@type":"ImageObject","inLanguage":"es","@id":"https:\/\/www.santacombanamemoria.eu\/sc\/#\/schema\/logo\/image\/","url":"https:\/\/www.santacombanamemoria.eu\/sc\/wp-content\/uploads\/slider2\/Editorg_design_05-12-17--25.jpeg","contentUrl":"https:\/\/www.santacombanamemoria.eu\/sc\/wp-content\/uploads\/slider2\/Editorg_design_05-12-17--25.jpeg","width":1702,"height":680,"caption":"Santa Comba na Memoria"},"image":{"@id":"https:\/\/www.santacombanamemoria.eu\/sc\/#\/schema\/logo\/image\/"}}]}},"jetpack_sharing_enabled":true,"_links":{"self":[{"href":"https:\/\/www.santacombanamemoria.eu\/sc\/index.php\/wp-json\/wp\/v2\/pages\/324","targetHints":{"allow":["GET"]}}],"collection":[{"href":"https:\/\/www.santacombanamemoria.eu\/sc\/index.php\/wp-json\/wp\/v2\/pages"}],"about":[{"href":"https:\/\/www.santacombanamemoria.eu\/sc\/index.php\/wp-json\/wp\/v2\/types\/page"}],"author":[{"embeddable":true,"href":"https:\/\/www.santacombanamemoria.eu\/sc\/index.php\/wp-json\/wp\/v2\/users\/1"}],"replies":[{"embeddable":true,"href":"https:\/\/www.santacombanamemoria.eu\/sc\/index.php\/wp-json\/wp\/v2\/comments?post=324"}],"version-history":[{"count":2,"href":"https:\/\/www.santacombanamemoria.eu\/sc\/index.php\/wp-json\/wp\/v2\/pages\/324\/revisions"}],"predecessor-version":[{"id":464,"href":"https:\/\/www.santacombanamemoria.eu\/sc\/index.php\/wp-json\/wp\/v2\/pages\/324\/revisions\/464"}],"wp:attachment":[{"href":"https:\/\/www.santacombanamemoria.eu\/sc\/index.php\/wp-json\/wp\/v2\/media?parent=324"}],"curies":[{"name":"wp","href":"https:\/\/api.w.org\/{rel}","templated":true}]}}