{"id":327,"date":"2024-09-21T12:07:25","date_gmt":"2024-09-21T12:07:25","guid":{"rendered":"https:\/\/anxovarela.es\/sc\/?page_id=327"},"modified":"2025-01-09T16:34:41","modified_gmt":"2025-01-09T15:34:41","slug":"perfecto-pereira-barcia-pereirina","status":"publish","type":"page","link":"https:\/\/www.santacombanamemoria.eu\/sc\/index.php\/perfecto-pereira-barcia-pereirina\/","title":{"rendered":"Perfecto Pereira Barcia \u00abPereiri\u00f1a\u00bb"},"content":{"rendered":"\r\n<p>Nado no lugar de Montouto. Debutou como m\u00fasico \u00f3s 9 anos de idade nas festas de Bustelo, despois de subir sempre \u00f3s escenarios cando vi\u00f1an as orquestras \u00e1s festas da s\u00faa aldea. A partir dese intre, estivo tres d\u00e9cadas enriba dos escenarios. Pasou por c\u00e9lebres orquestras da \u00e9poca como foron a \u201cSanta Comba\u201d (na que debutou como cantante), \u201cLos Din\u00e1micos\u201d ou \u201cLos Panters\u201d, \u201ccobrando mil pesetas diarias cando non hab\u00eda estradas e os instrumentos lev\u00e1banse nos carros polos cami\u00f1os de terra\u201d. Acadou o cumio coa orquestra \u201cLos Seikos\u201d, na que levaba a direcci\u00f3n, era o vocalista. Durante os \u00faltimos oito anos alternaba dita funci\u00f3n coa de bater\u00eda. \u201cLos Seikos\u201d foron creados polo propio Perfecto Pereira xunto co seu veci\u00f1o Daniel, outro reco\u00f1ecido persoeiro no mundo das orquestras, nado no concello da A Ba\u00f1a pero afincado na nosa terra. Daniel aportou grandes cousas \u00e1 m\u00fasica xalleira. Formou parte doutra reco\u00f1ecida orquestra como \u201cXuntanza\u201d, e acadou a cima musical como pianista da orquestra \u201cCompostela\u201d.<\/p>\r\n\r\n\r\n\r\nngg_shortcode_0_placeholder\r\n<p>&nbsp;<\/p>\r\n<p>Escoita algunha das canci\u00f3n de este gran cantante<\/p>\r\n<pre>Un beso y un flor -Perfecto Pereira<\/pre>\r\n<audio class=\"wp-audio-shortcode\" id=\"audio-327-1\" preload=\"none\" style=\"width: 100%;\" controls=\"controls\"><source type=\"audio\/mpeg\" src=\"https:\/\/anxovarela.es\/sc\/wp-content\/uploads\/2024\/11\/Un-beso-y-un-flor-Perfecto-Pereira.mp3?_=1\" \/><a href=\"https:\/\/anxovarela.es\/sc\/wp-content\/uploads\/2024\/11\/Un-beso-y-un-flor-Perfecto-Pereira.mp3\">https:\/\/anxovarela.es\/sc\/wp-content\/uploads\/2024\/11\/Un-beso-y-un-flor-Perfecto-Pereira.mp3<\/a><\/audio>\r\n<pre>Si vas a Calatayud - El Hijo de la Dolores (Pasodoble) Perfecto Pereira<\/pre>\r\n<audio class=\"wp-audio-shortcode\" id=\"audio-327-2\" preload=\"none\" style=\"width: 100%;\" controls=\"controls\"><source type=\"audio\/mpeg\" src=\"https:\/\/anxovarela.es\/sc\/wp-content\/uploads\/2024\/11\/Si-Vas-a-Calatayud-El-Hijo-de-la-Dolores-Pasodoble-Perfecto-Pereira.mp3?_=2\" \/><a href=\"https:\/\/anxovarela.es\/sc\/wp-content\/uploads\/2024\/11\/Si-Vas-a-Calatayud-El-Hijo-de-la-Dolores-Pasodoble-Perfecto-Pereira.mp3\">https:\/\/anxovarela.es\/sc\/wp-content\/uploads\/2024\/11\/Si-Vas-a-Calatayud-El-Hijo-de-la-Dolores-Pasodoble-Perfecto-Pereira.mp3<\/a><\/audio>\r\n<pre>Triste Papel -Perfeto Pereira<\/pre>\r\n<audio class=\"wp-audio-shortcode\" id=\"audio-327-3\" preload=\"none\" style=\"width: 100%;\" controls=\"controls\"><source type=\"audio\/mpeg\" src=\"https:\/\/anxovarela.es\/sc\/wp-content\/uploads\/2024\/11\/Triste-Papel-Perfeto-Pereira.mp3?_=3\" \/><a href=\"https:\/\/anxovarela.es\/sc\/wp-content\/uploads\/2024\/11\/Triste-Papel-Perfeto-Pereira.mp3\">https:\/\/anxovarela.es\/sc\/wp-content\/uploads\/2024\/11\/Triste-Papel-Perfeto-Pereira.mp3<\/a><\/audio>\r\n<pre>Campanera - Perfecto Pereira<\/pre>\r\n<audio class=\"wp-audio-shortcode\" id=\"audio-327-4\" preload=\"none\" style=\"width: 100%;\" controls=\"controls\"><source type=\"audio\/mpeg\" src=\"https:\/\/anxovarela.es\/sc\/wp-content\/uploads\/2024\/11\/Campanera-Perfecto-Prereira.mp3?_=4\" \/><a href=\"https:\/\/anxovarela.es\/sc\/wp-content\/uploads\/2024\/11\/Campanera-Perfecto-Prereira.mp3\">https:\/\/anxovarela.es\/sc\/wp-content\/uploads\/2024\/11\/Campanera-Perfecto-Prereira.mp3<\/a><\/audio>\r\n<pre>Granada - Perfecto Pereira<\/pre>\r\n<audio class=\"wp-audio-shortcode\" id=\"audio-327-5\" preload=\"none\" style=\"width: 100%;\" controls=\"controls\"><source type=\"audio\/mpeg\" src=\"https:\/\/anxovarela.es\/sc\/wp-content\/uploads\/2024\/11\/Granada-Perfecto-Pereira.mp3?_=5\" \/><a href=\"https:\/\/anxovarela.es\/sc\/wp-content\/uploads\/2024\/11\/Granada-Perfecto-Pereira.mp3\">https:\/\/anxovarela.es\/sc\/wp-content\/uploads\/2024\/11\/Granada-Perfecto-Pereira.mp3<\/a><\/audio>\r\n<pre>A Jorge Negrete Ranchera - Perfeto Pereira<\/pre>\r\n<audio class=\"wp-audio-shortcode\" id=\"audio-327-6\" preload=\"none\" style=\"width: 100%;\" controls=\"controls\"><source type=\"audio\/mpeg\" src=\"https:\/\/anxovarela.es\/sc\/wp-content\/uploads\/2024\/11\/A-Jorgue-Negrete-Ranchera-Perfeto-Pereira.mp3?_=6\" \/><a href=\"https:\/\/anxovarela.es\/sc\/wp-content\/uploads\/2024\/11\/A-Jorgue-Negrete-Ranchera-Perfeto-Pereira.mp3\">https:\/\/anxovarela.es\/sc\/wp-content\/uploads\/2024\/11\/A-Jorgue-Negrete-Ranchera-Perfeto-Pereira.mp3<\/a><\/audio>\r\n<pre>La Resbalosa - Perfecto Pereira<\/pre>\r\n<audio class=\"wp-audio-shortcode\" id=\"audio-327-7\" preload=\"none\" style=\"width: 100%;\" controls=\"controls\"><source type=\"audio\/mpeg\" src=\"https:\/\/anxovarela.es\/sc\/wp-content\/uploads\/2024\/11\/La-Resbalosa-Perfecto-Pereira.mp3?_=7\" \/><a href=\"https:\/\/anxovarela.es\/sc\/wp-content\/uploads\/2024\/11\/La-Resbalosa-Perfecto-Pereira.mp3\">https:\/\/anxovarela.es\/sc\/wp-content\/uploads\/2024\/11\/La-Resbalosa-Perfecto-Pereira.mp3<\/a><\/audio>\r\n<p>\u00c9 un dos dos precursores vivos da m\u00fasica do municipio. Debutou como cantante \u00f3s 9 anos de idade nas festas de Bustelo, a s\u00faa parroquia. Na s\u00faa mocidade disfrutaba subindo \u00f3s escenarios cando vi\u00f1an as orquestras \u00e1s festas da s\u00faa aldea. A partir dese intre, estivo tres d\u00e9cadas enriba deles co obxectivo de divertir \u00f3 seu p\u00fablico. Cunha formaci\u00f3n practicamente autodidacta creou e formou parte de c\u00e9lebres orquestras xalleiras dos anos 60, 70 e 80 como a \u201cSanta Comba\u201d, \u201cLos Din\u00e1micos\u201d, \u201cLos Panters\u201d ou \u201cLos Seikos\u201d. \u201cPereiri\u00f1a\u201d non s\u00f3 contribu\u00edu \u00f3 entretemento e a diversi\u00f3n da xente, sen\u00f3n que tam\u00e9n foi o xerme para a creaci\u00f3n de varias empresas o amparo da m\u00fasica. Delas podemos citar a Dur\u00e1n Radio que nos seus comezos acompa\u00f1aba a \u201cLos Din\u00e1micos\u201d ou a \u201cLos Panters\u201d para darlle o servizo de son ou para levar os instrumentos da banda de m\u00fasica nunha DKW. Ou a Paco Romar, que como membro da Banda de M\u00fasica Municipal decidiu mercar unha furgoneta para o transporte dos m\u00fasicos.<\/p>\r\n<p>Foi Xallerio do ano 2014<\/p>\r\n<p><img fetchpriority=\"high\" decoding=\"async\" class=\"alignnone size-medium wp-image-2764\" src=\"https:\/\/anxovarela.es\/sc\/wp-content\/uploads\/2024\/11\/Gala-Xalleiros-2015-Perfecto-Pereira-236x333.jpg\" alt=\"\" width=\"236\" height=\"333\" srcset=\"https:\/\/www.santacombanamemoria.eu\/sc\/wp-content\/uploads\/2024\/11\/Gala-Xalleiros-2015-Perfecto-Pereira-236x333.jpg 236w, https:\/\/www.santacombanamemoria.eu\/sc\/wp-content\/uploads\/2024\/11\/Gala-Xalleiros-2015-Perfecto-Pereira.jpg 300w\" sizes=\"(max-width: 236px) 100vw, 236px\" \/><\/p>\r\n","protected":false},"excerpt":{"rendered":"<p>Nado no lugar de Montouto. Debutou como m\u00fasico \u00f3s 9 anos de idade nas festas de Bustelo, despois de subir sempre \u00f3s escenarios cando vi\u00f1an as orquestras \u00e1s festas da s\u00faa aldea. A partir dese intre, estivo tres d\u00e9cadas enriba dos escenarios. Pasou por c\u00e9lebres orquestras da \u00e9poca como foron a \u201cSanta Comba\u201d (na que <a class=\"read-more\" href=\"https:\/\/www.santacombanamemoria.eu\/sc\/index.php\/perfecto-pereira-barcia-pereirina\/\">LEER M\u00c1S<\/a><\/p>\n","protected":false},"author":1,"featured_media":0,"parent":0,"menu_order":0,"comment_status":"closed","ping_status":"closed","template":"template-full-width-no-bottom-margin.php","meta":{"_eb_attr":"","ngg_post_thumbnail":0,"footnotes":""},"class_list":["post-327","page","type-page","status-publish","hentry"],"yoast_head":"<!-- This site is optimized with the Yoast SEO plugin v27.3 - https:\/\/yoast.com\/product\/yoast-seo-wordpress\/ -->\n<title>Perfecto Pereira Barcia &quot;Pereiri\u00f1a&quot; - Santa Comba na Memoria<\/title>\n<meta name=\"robots\" content=\"index, follow, max-snippet:-1, max-image-preview:large, max-video-preview:-1\" \/>\n<link rel=\"canonical\" href=\"https:\/\/www.santacombanamemoria.eu\/sc\/index.php\/perfecto-pereira-barcia-pereirina\/\" \/>\n<meta property=\"og:locale\" content=\"es_ES\" \/>\n<meta property=\"og:type\" content=\"article\" \/>\n<meta property=\"og:title\" content=\"Perfecto Pereira Barcia &quot;Pereiri\u00f1a&quot; - Santa Comba na Memoria\" \/>\n<meta property=\"og:description\" content=\"Nado no lugar de Montouto. Debutou como m\u00fasico \u00f3s 9 anos de idade nas festas de Bustelo, despois de subir sempre \u00f3s escenarios cando vi\u00f1an as orquestras \u00e1s festas da s\u00faa aldea. A partir dese intre, estivo tres d\u00e9cadas enriba dos escenarios. Pasou por c\u00e9lebres orquestras da \u00e9poca como foron a \u201cSanta Comba\u201d (na que LEER M\u00c1S\" \/>\n<meta property=\"og:url\" content=\"https:\/\/www.santacombanamemoria.eu\/sc\/index.php\/perfecto-pereira-barcia-pereirina\/\" \/>\n<meta property=\"og:site_name\" content=\"Santa Comba na Memoria\" \/>\n<meta property=\"article:modified_time\" content=\"2025-01-09T15:34:41+00:00\" \/>\n<meta property=\"og:image\" content=\"https:\/\/anxovarela.es\/sc\/wp-content\/uploads\/2024\/11\/Gala-Xalleiros-2015-Perfecto-Pereira-236x333.jpg\" \/>\n<meta name=\"twitter:card\" content=\"summary_large_image\" \/>\n<meta name=\"twitter:label1\" content=\"Tiempo de lectura\" \/>\n\t<meta name=\"twitter:data1\" content=\"2 minutos\" \/>\n<script type=\"application\/ld+json\" class=\"yoast-schema-graph\">{\"@context\":\"https:\\\/\\\/schema.org\",\"@graph\":[{\"@type\":\"WebPage\",\"@id\":\"https:\\\/\\\/www.santacombanamemoria.eu\\\/sc\\\/index.php\\\/perfecto-pereira-barcia-pereirina\\\/\",\"url\":\"https:\\\/\\\/www.santacombanamemoria.eu\\\/sc\\\/index.php\\\/perfecto-pereira-barcia-pereirina\\\/\",\"name\":\"Perfecto Pereira Barcia \\\"Pereiri\u00f1a\\\" - Santa Comba na Memoria\",\"isPartOf\":{\"@id\":\"https:\\\/\\\/www.santacombanamemoria.eu\\\/sc\\\/#website\"},\"primaryImageOfPage\":{\"@id\":\"https:\\\/\\\/www.santacombanamemoria.eu\\\/sc\\\/index.php\\\/perfecto-pereira-barcia-pereirina\\\/#primaryimage\"},\"image\":{\"@id\":\"https:\\\/\\\/www.santacombanamemoria.eu\\\/sc\\\/index.php\\\/perfecto-pereira-barcia-pereirina\\\/#primaryimage\"},\"thumbnailUrl\":\"https:\\\/\\\/anxovarela.es\\\/sc\\\/wp-content\\\/uploads\\\/2024\\\/11\\\/Gala-Xalleiros-2015-Perfecto-Pereira-236x333.jpg\",\"datePublished\":\"2024-09-21T12:07:25+00:00\",\"dateModified\":\"2025-01-09T15:34:41+00:00\",\"breadcrumb\":{\"@id\":\"https:\\\/\\\/www.santacombanamemoria.eu\\\/sc\\\/index.php\\\/perfecto-pereira-barcia-pereirina\\\/#breadcrumb\"},\"inLanguage\":\"es\",\"potentialAction\":[{\"@type\":\"ReadAction\",\"target\":[\"https:\\\/\\\/www.santacombanamemoria.eu\\\/sc\\\/index.php\\\/perfecto-pereira-barcia-pereirina\\\/\"]}]},{\"@type\":\"ImageObject\",\"inLanguage\":\"es\",\"@id\":\"https:\\\/\\\/www.santacombanamemoria.eu\\\/sc\\\/index.php\\\/perfecto-pereira-barcia-pereirina\\\/#primaryimage\",\"url\":\"https:\\\/\\\/anxovarela.es\\\/sc\\\/wp-content\\\/uploads\\\/2024\\\/11\\\/Gala-Xalleiros-2015-Perfecto-Pereira-236x333.jpg\",\"contentUrl\":\"https:\\\/\\\/anxovarela.es\\\/sc\\\/wp-content\\\/uploads\\\/2024\\\/11\\\/Gala-Xalleiros-2015-Perfecto-Pereira-236x333.jpg\"},{\"@type\":\"BreadcrumbList\",\"@id\":\"https:\\\/\\\/www.santacombanamemoria.eu\\\/sc\\\/index.php\\\/perfecto-pereira-barcia-pereirina\\\/#breadcrumb\",\"itemListElement\":[{\"@type\":\"ListItem\",\"position\":1,\"name\":\"Portada\",\"item\":\"https:\\\/\\\/www.santacombanamemoria.eu\\\/sc\\\/\"},{\"@type\":\"ListItem\",\"position\":2,\"name\":\"Perfecto Pereira Barcia \u00abPereiri\u00f1a\u00bb\"}]},{\"@type\":\"WebSite\",\"@id\":\"https:\\\/\\\/www.santacombanamemoria.eu\\\/sc\\\/#website\",\"url\":\"https:\\\/\\\/www.santacombanamemoria.eu\\\/sc\\\/\",\"name\":\"Santa Comba na Memoria\",\"description\":\"Unha fiestra ao pasado dende o ano 1900\",\"publisher\":{\"@id\":\"https:\\\/\\\/www.santacombanamemoria.eu\\\/sc\\\/#organization\"},\"alternateName\":\"Historia fotogr\u00e1fica do concello de Santa Comba\",\"potentialAction\":[{\"@type\":\"SearchAction\",\"target\":{\"@type\":\"EntryPoint\",\"urlTemplate\":\"https:\\\/\\\/www.santacombanamemoria.eu\\\/sc\\\/?s={search_term_string}\"},\"query-input\":{\"@type\":\"PropertyValueSpecification\",\"valueRequired\":true,\"valueName\":\"search_term_string\"}}],\"inLanguage\":\"es\"},{\"@type\":\"Organization\",\"@id\":\"https:\\\/\\\/www.santacombanamemoria.eu\\\/sc\\\/#organization\",\"name\":\"Santa Comba na Memoria\",\"alternateName\":\"Santa Comba na Memoria\",\"url\":\"https:\\\/\\\/www.santacombanamemoria.eu\\\/sc\\\/\",\"logo\":{\"@type\":\"ImageObject\",\"inLanguage\":\"es\",\"@id\":\"https:\\\/\\\/www.santacombanamemoria.eu\\\/sc\\\/#\\\/schema\\\/logo\\\/image\\\/\",\"url\":\"https:\\\/\\\/www.santacombanamemoria.eu\\\/sc\\\/wp-content\\\/uploads\\\/slider2\\\/Editorg_design_05-12-17--25.jpeg\",\"contentUrl\":\"https:\\\/\\\/www.santacombanamemoria.eu\\\/sc\\\/wp-content\\\/uploads\\\/slider2\\\/Editorg_design_05-12-17--25.jpeg\",\"width\":1702,\"height\":680,\"caption\":\"Santa Comba na Memoria\"},\"image\":{\"@id\":\"https:\\\/\\\/www.santacombanamemoria.eu\\\/sc\\\/#\\\/schema\\\/logo\\\/image\\\/\"}}]}<\/script>\n<!-- \/ Yoast SEO plugin. -->","yoast_head_json":{"title":"Perfecto Pereira Barcia \"Pereiri\u00f1a\" - Santa Comba na Memoria","robots":{"index":"index","follow":"follow","max-snippet":"max-snippet:-1","max-image-preview":"max-image-preview:large","max-video-preview":"max-video-preview:-1"},"canonical":"https:\/\/www.santacombanamemoria.eu\/sc\/index.php\/perfecto-pereira-barcia-pereirina\/","og_locale":"es_ES","og_type":"article","og_title":"Perfecto Pereira Barcia \"Pereiri\u00f1a\" - Santa Comba na Memoria","og_description":"Nado no lugar de Montouto. Debutou como m\u00fasico \u00f3s 9 anos de idade nas festas de Bustelo, despois de subir sempre \u00f3s escenarios cando vi\u00f1an as orquestras \u00e1s festas da s\u00faa aldea. A partir dese intre, estivo tres d\u00e9cadas enriba dos escenarios. Pasou por c\u00e9lebres orquestras da \u00e9poca como foron a \u201cSanta Comba\u201d (na que LEER M\u00c1S","og_url":"https:\/\/www.santacombanamemoria.eu\/sc\/index.php\/perfecto-pereira-barcia-pereirina\/","og_site_name":"Santa Comba na Memoria","article_modified_time":"2025-01-09T15:34:41+00:00","og_image":[{"url":"https:\/\/anxovarela.es\/sc\/wp-content\/uploads\/2024\/11\/Gala-Xalleiros-2015-Perfecto-Pereira-236x333.jpg","type":"","width":"","height":""}],"twitter_card":"summary_large_image","twitter_misc":{"Tiempo de lectura":"2 minutos"},"schema":{"@context":"https:\/\/schema.org","@graph":[{"@type":"WebPage","@id":"https:\/\/www.santacombanamemoria.eu\/sc\/index.php\/perfecto-pereira-barcia-pereirina\/","url":"https:\/\/www.santacombanamemoria.eu\/sc\/index.php\/perfecto-pereira-barcia-pereirina\/","name":"Perfecto Pereira Barcia \"Pereiri\u00f1a\" - Santa Comba na Memoria","isPartOf":{"@id":"https:\/\/www.santacombanamemoria.eu\/sc\/#website"},"primaryImageOfPage":{"@id":"https:\/\/www.santacombanamemoria.eu\/sc\/index.php\/perfecto-pereira-barcia-pereirina\/#primaryimage"},"image":{"@id":"https:\/\/www.santacombanamemoria.eu\/sc\/index.php\/perfecto-pereira-barcia-pereirina\/#primaryimage"},"thumbnailUrl":"https:\/\/anxovarela.es\/sc\/wp-content\/uploads\/2024\/11\/Gala-Xalleiros-2015-Perfecto-Pereira-236x333.jpg","datePublished":"2024-09-21T12:07:25+00:00","dateModified":"2025-01-09T15:34:41+00:00","breadcrumb":{"@id":"https:\/\/www.santacombanamemoria.eu\/sc\/index.php\/perfecto-pereira-barcia-pereirina\/#breadcrumb"},"inLanguage":"es","potentialAction":[{"@type":"ReadAction","target":["https:\/\/www.santacombanamemoria.eu\/sc\/index.php\/perfecto-pereira-barcia-pereirina\/"]}]},{"@type":"ImageObject","inLanguage":"es","@id":"https:\/\/www.santacombanamemoria.eu\/sc\/index.php\/perfecto-pereira-barcia-pereirina\/#primaryimage","url":"https:\/\/anxovarela.es\/sc\/wp-content\/uploads\/2024\/11\/Gala-Xalleiros-2015-Perfecto-Pereira-236x333.jpg","contentUrl":"https:\/\/anxovarela.es\/sc\/wp-content\/uploads\/2024\/11\/Gala-Xalleiros-2015-Perfecto-Pereira-236x333.jpg"},{"@type":"BreadcrumbList","@id":"https:\/\/www.santacombanamemoria.eu\/sc\/index.php\/perfecto-pereira-barcia-pereirina\/#breadcrumb","itemListElement":[{"@type":"ListItem","position":1,"name":"Portada","item":"https:\/\/www.santacombanamemoria.eu\/sc\/"},{"@type":"ListItem","position":2,"name":"Perfecto Pereira Barcia \u00abPereiri\u00f1a\u00bb"}]},{"@type":"WebSite","@id":"https:\/\/www.santacombanamemoria.eu\/sc\/#website","url":"https:\/\/www.santacombanamemoria.eu\/sc\/","name":"Santa Comba na Memoria","description":"Unha fiestra ao pasado dende o ano 1900","publisher":{"@id":"https:\/\/www.santacombanamemoria.eu\/sc\/#organization"},"alternateName":"Historia fotogr\u00e1fica do concello de Santa Comba","potentialAction":[{"@type":"SearchAction","target":{"@type":"EntryPoint","urlTemplate":"https:\/\/www.santacombanamemoria.eu\/sc\/?s={search_term_string}"},"query-input":{"@type":"PropertyValueSpecification","valueRequired":true,"valueName":"search_term_string"}}],"inLanguage":"es"},{"@type":"Organization","@id":"https:\/\/www.santacombanamemoria.eu\/sc\/#organization","name":"Santa Comba na Memoria","alternateName":"Santa Comba na Memoria","url":"https:\/\/www.santacombanamemoria.eu\/sc\/","logo":{"@type":"ImageObject","inLanguage":"es","@id":"https:\/\/www.santacombanamemoria.eu\/sc\/#\/schema\/logo\/image\/","url":"https:\/\/www.santacombanamemoria.eu\/sc\/wp-content\/uploads\/slider2\/Editorg_design_05-12-17--25.jpeg","contentUrl":"https:\/\/www.santacombanamemoria.eu\/sc\/wp-content\/uploads\/slider2\/Editorg_design_05-12-17--25.jpeg","width":1702,"height":680,"caption":"Santa Comba na Memoria"},"image":{"@id":"https:\/\/www.santacombanamemoria.eu\/sc\/#\/schema\/logo\/image\/"}}]}},"jetpack_sharing_enabled":true,"_links":{"self":[{"href":"https:\/\/www.santacombanamemoria.eu\/sc\/index.php\/wp-json\/wp\/v2\/pages\/327","targetHints":{"allow":["GET"]}}],"collection":[{"href":"https:\/\/www.santacombanamemoria.eu\/sc\/index.php\/wp-json\/wp\/v2\/pages"}],"about":[{"href":"https:\/\/www.santacombanamemoria.eu\/sc\/index.php\/wp-json\/wp\/v2\/types\/page"}],"author":[{"embeddable":true,"href":"https:\/\/www.santacombanamemoria.eu\/sc\/index.php\/wp-json\/wp\/v2\/users\/1"}],"replies":[{"embeddable":true,"href":"https:\/\/www.santacombanamemoria.eu\/sc\/index.php\/wp-json\/wp\/v2\/comments?post=327"}],"version-history":[{"count":12,"href":"https:\/\/www.santacombanamemoria.eu\/sc\/index.php\/wp-json\/wp\/v2\/pages\/327\/revisions"}],"predecessor-version":[{"id":3254,"href":"https:\/\/www.santacombanamemoria.eu\/sc\/index.php\/wp-json\/wp\/v2\/pages\/327\/revisions\/3254"}],"wp:attachment":[{"href":"https:\/\/www.santacombanamemoria.eu\/sc\/index.php\/wp-json\/wp\/v2\/media?parent=327"}],"curies":[{"name":"wp","href":"https:\/\/api.w.org\/{rel}","templated":true}]}}