{"id":328,"date":"2024-09-21T12:07:33","date_gmt":"2024-09-21T12:07:33","guid":{"rendered":"https:\/\/anxovarela.es\/sc\/?page_id=328"},"modified":"2025-01-09T16:34:11","modified_gmt":"2025-01-09T15:34:11","slug":"victor-manuel-espasandin-facal","status":"publish","type":"page","link":"https:\/\/www.santacombanamemoria.eu\/sc\/index.php\/victor-manuel-espasandin-facal\/","title":{"rendered":"Victor Manuel Espasand\u00edn Facal"},"content":{"rendered":"\r\n<p>Futbolista<\/p>\r\n\r\n\r\n\r\n<p>Chegou o Bar\u00e7a por petici\u00f3n propia (e chamada persoal) de Pep Guardiola cando adestraba as categor\u00edas inferiores do clube catal\u00e1n. Adem\u00e1is estivo as ordes de Frank Rijjkaard e Luis Enrique. Foi capit\u00e1n do Bar\u00e7a B donde solo<br>acadou t\u00edtulos e ascensos compartindo vestiario e adestramentos con xogadores do m\u00edtico Barcelona de Guardiola como Thiago Alcantara, Pedrito, Messi, Etoo, Xavi Ronaldinho ou Iniesta. En 2008 foi convocado por primeira vez polo<br>primeiro equipo do FC Barcelona por Frank Rijkaard e ainda que non chegou a xogar compartiu banqui\u00f1o con Ronaldinho.<br>En 2009 durante a pretempada foi un dos elexidos para xogar dous partidos amistosos no m\u00edtico Estadio de Wembley de Londres, debutando ante o Tottenham e marcando o internacional ingl\u00e9s Aaron Lennon. Formou parte das<br>plantillas do Atl\u00e9tico Mineiro de Santa Comba, SD Compostela, Real Valladolid, SD Ponferradina, Barcelona B e o Omonia de Nicosia co que debutou en Champions League.<br>Naceu o 12 de xaneiro de 1.672 en C\u00edcere de Abaixo, que daquela dec\u00edase \u201cS\u00edser\u201d, e morreu en Tarazona (Zaragoza)<br>o 29 de marzo de 1.741, sendo soterrado o seu corpo nesa catedral, a\u00ednda que posteriormente os seus restos mortais<br>acabaron enterrados na Capela do Cristo do convento de Conxo.<br>Naceu o 16 de Marzo de 1.985 na parroquia de Santa Sabi\u00f1a municipio de Santa Comba. Como outros rapaces do<br>concello comenzou a xogar ao f\u00fatbol sala no Colexio Barri\u00e9 de la Maza de Santa Comba para incorporarse aos infantiles<br>dun dos equipos do municipio, o Atl\u00e9tico Mineiro.<br>SD COMPOSTELA 1999-2004<br>Posteriormente formouse nas categor\u00edas inferiores da SD Compostela (2\u00ba Divisi\u00f3n B). Co Compostela acadou os<br>primeiros contactos co f\u00fatbol nacional por medio da categor\u00eda xuvenil en divisi\u00f3n de honra e no primeiro equipo en 2\u00aaB.<br>(1999-2004).<br>REAL VALLADOLID 2004-2006<br>Enton fichouno o Real Valladolid de 2\u00aa divisi\u00f3n, que o incorporou o seu equipo filial, \u00f3 Valladolid B, onde tivo un alto<br>rendemento, o que o levou a ser convocado polo primeiro equipo, debutando as\u00ed por primeira vez en 2\u00aa divisi\u00f3n.<br>PONFERRADINA 2006-2007<br>Na tempada 2006\/07 foi cedido polo Real Valladolid a SD Ponferradina para xogar en Segunda Divisi\u00f3n.<br>FC BARCELONA 2007-2010<br>No veran de 2007, Pep Guardiola, por aquel ent\u00f3n novo entrenador do FC Barcelona B solicitou a s\u00faa fichaxe.<br>Co clube blaugrana acadou o t\u00edtulo de 3\u00aa divisi\u00f3n e o ascenso de categor\u00eda. Na 2\u00aaB, xa baixo a direcci\u00f3n de Luis<br>Enrique, como titular indiscutible, e co brazalete de capitan en moitas ocasi\u00f3ns, acadou novamente o ascenso de<br>categor\u00eda a segunda divisi\u00f3n nacional, nunha \u00e9poca na xa compart\u00eda vestiario con xogadores, a postre internacionais,<br>como Thiago Alcantara, Jonathan dos Santos ou Pedrito (un dos seus mellores amigos na sua etapa blaugrana) e<br>compartindo adestramentos con astros como Etoo, Messi, Xavi ou Iniesta.<br>O 9 de febreiro de 2008 foi convocado por primeira vez polo primeiro equipo do FC Barcelona, dirixido polo holand\u00e9s<br>Frank Rijkaard, para a disputa do encontro de Liga de Primeira Divisi\u00f3n contra o Sevilla FC, a\u00ednda que non chegou a<br>xogar, compartiu banqui\u00f1o con Ronaldinho.<br>Durante o veran de 2009 foi un dos 11 xogadores do filial azulgrana elexidos por Guardiola para realizar a<br>pretemporada en Inglaterra co primeiro equipo, chegando a xogar dous partidos amistosos no m\u00edtico Estadio de<br>Wembley de Londres. O seu debut ante o Tottenham e o seu duelo co internacional ingl\u00e9s Aaron Lennon, un 25 de<br>xullo (d\u00eda de Santiago Apostol Patr\u00f3n de Espa\u00f1a) foi seguido con atenci\u00f3n por todos os afeccionados xalleiros nunha<br>retransmisi\u00f3n televisiva en directo.<br>OMINIA NICOSIA CHIPRE 2010-2011:<br>O finalizar o seu contrato co equipo barcelonista, \u00f3 30 de xu\u00f1o de 2010, fichou polo AC Omonia de Nicosia, campe\u00f3n da<br>Primera Divisi\u00f3n de Chipre e equipo m\u00e1is laureado do pa\u00eds. O seu recibimento no aeroporto de Nicosia, como quedou constancia<br>na prensa do momento, foi digno das m\u00e1is grandes estrelas do f\u00fatbol. Con este clube, ainda que fora en fase previa, debutou en<br>Champions League xogando contra \u00f3 Renova FK de Macedonia e posteriormente contra Metaliste de Ucrania.<br>Traballou as ordes de adestradores como Guardiola, Luis Enrique, Marcos Alonso, Sergio Kresic, Mendilibar ou Gabi Leis.<\/p>\r\n\r\n\r\n\r\nngg_shortcode_0_placeholder\r\n","protected":false},"excerpt":{"rendered":"<p>Futbolista Chegou o Bar\u00e7a por petici\u00f3n propia (e chamada persoal) de Pep Guardiola cando adestraba as categor\u00edas inferiores do clube catal\u00e1n. Adem\u00e1is estivo as ordes de Frank Rijjkaard e Luis Enrique. Foi capit\u00e1n do Bar\u00e7a B donde soloacadou t\u00edtulos e ascensos compartindo vestiario e adestramentos con xogadores do m\u00edtico Barcelona de Guardiola como Thiago Alcantara, <a class=\"read-more\" href=\"https:\/\/www.santacombanamemoria.eu\/sc\/index.php\/victor-manuel-espasandin-facal\/\">LEER M\u00c1S<\/a><\/p>\n","protected":false},"author":1,"featured_media":0,"parent":0,"menu_order":0,"comment_status":"closed","ping_status":"closed","template":"","meta":{"_eb_attr":"","ngg_post_thumbnail":0,"footnotes":""},"class_list":["post-328","page","type-page","status-publish","hentry"],"yoast_head":"<!-- This site is optimized with the Yoast SEO plugin v27.3 - https:\/\/yoast.com\/product\/yoast-seo-wordpress\/ -->\n<title>Victor Manuel Espasand\u00edn Facal - Santa Comba na Memoria<\/title>\n<meta name=\"robots\" content=\"index, follow, max-snippet:-1, max-image-preview:large, max-video-preview:-1\" \/>\n<link rel=\"canonical\" href=\"https:\/\/www.santacombanamemoria.eu\/sc\/index.php\/victor-manuel-espasandin-facal\/\" \/>\n<meta property=\"og:locale\" content=\"es_ES\" \/>\n<meta property=\"og:type\" content=\"article\" \/>\n<meta property=\"og:title\" content=\"Victor Manuel Espasand\u00edn Facal - Santa Comba na Memoria\" \/>\n<meta property=\"og:description\" content=\"Futbolista Chegou o Bar\u00e7a por petici\u00f3n propia (e chamada persoal) de Pep Guardiola cando adestraba as categor\u00edas inferiores do clube catal\u00e1n. Adem\u00e1is estivo as ordes de Frank Rijjkaard e Luis Enrique. Foi capit\u00e1n do Bar\u00e7a B donde soloacadou t\u00edtulos e ascensos compartindo vestiario e adestramentos con xogadores do m\u00edtico Barcelona de Guardiola como Thiago Alcantara, LEER M\u00c1S\" \/>\n<meta property=\"og:url\" content=\"https:\/\/www.santacombanamemoria.eu\/sc\/index.php\/victor-manuel-espasandin-facal\/\" \/>\n<meta property=\"og:site_name\" content=\"Santa Comba na Memoria\" \/>\n<meta property=\"article:modified_time\" content=\"2025-01-09T15:34:11+00:00\" \/>\n<meta property=\"og:image\" content=\"https:\/\/www.santacombanamemoria.eu\/sc\/wp-content\/uploads\/slider2\/Editorg_design_05-12-17--25.jpeg\" \/>\n\t<meta property=\"og:image:width\" content=\"1702\" \/>\n\t<meta property=\"og:image:height\" content=\"680\" \/>\n\t<meta property=\"og:image:type\" content=\"image\/jpeg\" \/>\n<meta name=\"twitter:card\" content=\"summary_large_image\" \/>\n<meta name=\"twitter:label1\" content=\"Tiempo de lectura\" \/>\n\t<meta name=\"twitter:data1\" content=\"4 minutos\" \/>\n<script type=\"application\/ld+json\" class=\"yoast-schema-graph\">{\"@context\":\"https:\\\/\\\/schema.org\",\"@graph\":[{\"@type\":\"WebPage\",\"@id\":\"https:\\\/\\\/www.santacombanamemoria.eu\\\/sc\\\/index.php\\\/victor-manuel-espasandin-facal\\\/\",\"url\":\"https:\\\/\\\/www.santacombanamemoria.eu\\\/sc\\\/index.php\\\/victor-manuel-espasandin-facal\\\/\",\"name\":\"Victor Manuel Espasand\u00edn Facal - Santa Comba na Memoria\",\"isPartOf\":{\"@id\":\"https:\\\/\\\/www.santacombanamemoria.eu\\\/sc\\\/#website\"},\"datePublished\":\"2024-09-21T12:07:33+00:00\",\"dateModified\":\"2025-01-09T15:34:11+00:00\",\"breadcrumb\":{\"@id\":\"https:\\\/\\\/www.santacombanamemoria.eu\\\/sc\\\/index.php\\\/victor-manuel-espasandin-facal\\\/#breadcrumb\"},\"inLanguage\":\"es\",\"potentialAction\":[{\"@type\":\"ReadAction\",\"target\":[\"https:\\\/\\\/www.santacombanamemoria.eu\\\/sc\\\/index.php\\\/victor-manuel-espasandin-facal\\\/\"]}]},{\"@type\":\"BreadcrumbList\",\"@id\":\"https:\\\/\\\/www.santacombanamemoria.eu\\\/sc\\\/index.php\\\/victor-manuel-espasandin-facal\\\/#breadcrumb\",\"itemListElement\":[{\"@type\":\"ListItem\",\"position\":1,\"name\":\"Portada\",\"item\":\"https:\\\/\\\/www.santacombanamemoria.eu\\\/sc\\\/\"},{\"@type\":\"ListItem\",\"position\":2,\"name\":\"Victor Manuel Espasand\u00edn Facal\"}]},{\"@type\":\"WebSite\",\"@id\":\"https:\\\/\\\/www.santacombanamemoria.eu\\\/sc\\\/#website\",\"url\":\"https:\\\/\\\/www.santacombanamemoria.eu\\\/sc\\\/\",\"name\":\"Santa Comba na Memoria\",\"description\":\"Unha fiestra ao pasado dende o ano 1900\",\"publisher\":{\"@id\":\"https:\\\/\\\/www.santacombanamemoria.eu\\\/sc\\\/#organization\"},\"alternateName\":\"Historia fotogr\u00e1fica do concello de Santa Comba\",\"potentialAction\":[{\"@type\":\"SearchAction\",\"target\":{\"@type\":\"EntryPoint\",\"urlTemplate\":\"https:\\\/\\\/www.santacombanamemoria.eu\\\/sc\\\/?s={search_term_string}\"},\"query-input\":{\"@type\":\"PropertyValueSpecification\",\"valueRequired\":true,\"valueName\":\"search_term_string\"}}],\"inLanguage\":\"es\"},{\"@type\":\"Organization\",\"@id\":\"https:\\\/\\\/www.santacombanamemoria.eu\\\/sc\\\/#organization\",\"name\":\"Santa Comba na Memoria\",\"alternateName\":\"Santa Comba na Memoria\",\"url\":\"https:\\\/\\\/www.santacombanamemoria.eu\\\/sc\\\/\",\"logo\":{\"@type\":\"ImageObject\",\"inLanguage\":\"es\",\"@id\":\"https:\\\/\\\/www.santacombanamemoria.eu\\\/sc\\\/#\\\/schema\\\/logo\\\/image\\\/\",\"url\":\"https:\\\/\\\/www.santacombanamemoria.eu\\\/sc\\\/wp-content\\\/uploads\\\/slider2\\\/Editorg_design_05-12-17--25.jpeg\",\"contentUrl\":\"https:\\\/\\\/www.santacombanamemoria.eu\\\/sc\\\/wp-content\\\/uploads\\\/slider2\\\/Editorg_design_05-12-17--25.jpeg\",\"width\":1702,\"height\":680,\"caption\":\"Santa Comba na Memoria\"},\"image\":{\"@id\":\"https:\\\/\\\/www.santacombanamemoria.eu\\\/sc\\\/#\\\/schema\\\/logo\\\/image\\\/\"}}]}<\/script>\n<!-- \/ Yoast SEO plugin. -->","yoast_head_json":{"title":"Victor Manuel Espasand\u00edn Facal - Santa Comba na Memoria","robots":{"index":"index","follow":"follow","max-snippet":"max-snippet:-1","max-image-preview":"max-image-preview:large","max-video-preview":"max-video-preview:-1"},"canonical":"https:\/\/www.santacombanamemoria.eu\/sc\/index.php\/victor-manuel-espasandin-facal\/","og_locale":"es_ES","og_type":"article","og_title":"Victor Manuel Espasand\u00edn Facal - Santa Comba na Memoria","og_description":"Futbolista Chegou o Bar\u00e7a por petici\u00f3n propia (e chamada persoal) de Pep Guardiola cando adestraba as categor\u00edas inferiores do clube catal\u00e1n. Adem\u00e1is estivo as ordes de Frank Rijjkaard e Luis Enrique. Foi capit\u00e1n do Bar\u00e7a B donde soloacadou t\u00edtulos e ascensos compartindo vestiario e adestramentos con xogadores do m\u00edtico Barcelona de Guardiola como Thiago Alcantara, LEER M\u00c1S","og_url":"https:\/\/www.santacombanamemoria.eu\/sc\/index.php\/victor-manuel-espasandin-facal\/","og_site_name":"Santa Comba na Memoria","article_modified_time":"2025-01-09T15:34:11+00:00","og_image":[{"width":1702,"height":680,"url":"https:\/\/www.santacombanamemoria.eu\/sc\/wp-content\/uploads\/slider2\/Editorg_design_05-12-17--25.jpeg","type":"image\/jpeg"}],"twitter_card":"summary_large_image","twitter_misc":{"Tiempo de lectura":"4 minutos"},"schema":{"@context":"https:\/\/schema.org","@graph":[{"@type":"WebPage","@id":"https:\/\/www.santacombanamemoria.eu\/sc\/index.php\/victor-manuel-espasandin-facal\/","url":"https:\/\/www.santacombanamemoria.eu\/sc\/index.php\/victor-manuel-espasandin-facal\/","name":"Victor Manuel Espasand\u00edn Facal - Santa Comba na Memoria","isPartOf":{"@id":"https:\/\/www.santacombanamemoria.eu\/sc\/#website"},"datePublished":"2024-09-21T12:07:33+00:00","dateModified":"2025-01-09T15:34:11+00:00","breadcrumb":{"@id":"https:\/\/www.santacombanamemoria.eu\/sc\/index.php\/victor-manuel-espasandin-facal\/#breadcrumb"},"inLanguage":"es","potentialAction":[{"@type":"ReadAction","target":["https:\/\/www.santacombanamemoria.eu\/sc\/index.php\/victor-manuel-espasandin-facal\/"]}]},{"@type":"BreadcrumbList","@id":"https:\/\/www.santacombanamemoria.eu\/sc\/index.php\/victor-manuel-espasandin-facal\/#breadcrumb","itemListElement":[{"@type":"ListItem","position":1,"name":"Portada","item":"https:\/\/www.santacombanamemoria.eu\/sc\/"},{"@type":"ListItem","position":2,"name":"Victor Manuel Espasand\u00edn Facal"}]},{"@type":"WebSite","@id":"https:\/\/www.santacombanamemoria.eu\/sc\/#website","url":"https:\/\/www.santacombanamemoria.eu\/sc\/","name":"Santa Comba na Memoria","description":"Unha fiestra ao pasado dende o ano 1900","publisher":{"@id":"https:\/\/www.santacombanamemoria.eu\/sc\/#organization"},"alternateName":"Historia fotogr\u00e1fica do concello de Santa Comba","potentialAction":[{"@type":"SearchAction","target":{"@type":"EntryPoint","urlTemplate":"https:\/\/www.santacombanamemoria.eu\/sc\/?s={search_term_string}"},"query-input":{"@type":"PropertyValueSpecification","valueRequired":true,"valueName":"search_term_string"}}],"inLanguage":"es"},{"@type":"Organization","@id":"https:\/\/www.santacombanamemoria.eu\/sc\/#organization","name":"Santa Comba na Memoria","alternateName":"Santa Comba na Memoria","url":"https:\/\/www.santacombanamemoria.eu\/sc\/","logo":{"@type":"ImageObject","inLanguage":"es","@id":"https:\/\/www.santacombanamemoria.eu\/sc\/#\/schema\/logo\/image\/","url":"https:\/\/www.santacombanamemoria.eu\/sc\/wp-content\/uploads\/slider2\/Editorg_design_05-12-17--25.jpeg","contentUrl":"https:\/\/www.santacombanamemoria.eu\/sc\/wp-content\/uploads\/slider2\/Editorg_design_05-12-17--25.jpeg","width":1702,"height":680,"caption":"Santa Comba na Memoria"},"image":{"@id":"https:\/\/www.santacombanamemoria.eu\/sc\/#\/schema\/logo\/image\/"}}]}},"jetpack_sharing_enabled":true,"_links":{"self":[{"href":"https:\/\/www.santacombanamemoria.eu\/sc\/index.php\/wp-json\/wp\/v2\/pages\/328","targetHints":{"allow":["GET"]}}],"collection":[{"href":"https:\/\/www.santacombanamemoria.eu\/sc\/index.php\/wp-json\/wp\/v2\/pages"}],"about":[{"href":"https:\/\/www.santacombanamemoria.eu\/sc\/index.php\/wp-json\/wp\/v2\/types\/page"}],"author":[{"embeddable":true,"href":"https:\/\/www.santacombanamemoria.eu\/sc\/index.php\/wp-json\/wp\/v2\/users\/1"}],"replies":[{"embeddable":true,"href":"https:\/\/www.santacombanamemoria.eu\/sc\/index.php\/wp-json\/wp\/v2\/comments?post=328"}],"version-history":[{"count":4,"href":"https:\/\/www.santacombanamemoria.eu\/sc\/index.php\/wp-json\/wp\/v2\/pages\/328\/revisions"}],"predecessor-version":[{"id":3253,"href":"https:\/\/www.santacombanamemoria.eu\/sc\/index.php\/wp-json\/wp\/v2\/pages\/328\/revisions\/3253"}],"wp:attachment":[{"href":"https:\/\/www.santacombanamemoria.eu\/sc\/index.php\/wp-json\/wp\/v2\/media?parent=328"}],"curies":[{"name":"wp","href":"https:\/\/api.w.org\/{rel}","templated":true}]}}