{"id":437,"date":"2024-09-22T10:45:19","date_gmt":"2024-09-22T10:45:19","guid":{"rendered":"https:\/\/anxovarela.es\/sc\/?page_id=437"},"modified":"2024-09-22T10:45:20","modified_gmt":"2024-09-22T10:45:20","slug":"fauna-especies-invasoras","status":"publish","type":"page","link":"https:\/\/www.santacombanamemoria.eu\/sc\/index.php\/fauna-especies-invasoras\/","title":{"rendered":"Fauna especies Invasoras"},"content":{"rendered":"\n<h2 class=\"wp-block-heading\">Fauna especies invasoras<\/h2>\n\n\n\n<p><strong>Fauna invasora<\/strong><\/p>\n\n\n\n<p><strong>Aves<\/strong><br>(Amandava amandava) Bengal\u00ed vermello<br>(Estrilda astrild) Bico de coral<br>(Estrilda melpoda) Estrilda de cara laranxa<br>(Myiopsitta monachus) Cata da Argentina<br>(Poephila guttata) Diamante mandar\u00edn<br>(Psittacula krameri) Catorra de Kramer<\/p>\n\n\n\n<p><strong>Mam\u00edferos<\/strong><br>(Mustela vison) Vis\u00f3n americano<\/p>\n\n\n\n<p><strong>Peixes e Agnatos<\/strong><br>(Carassius auratus) Peixe vermello<br>(Cobitis calderoni) Lamprehuela<br>(Cobitis paludica) Colmilleja<br>(Cyprinus carpio) Carpa<br>Gambusia(Gambusia holbrooki)<br>(Gobio gobio) Gobio<br>(Micropterus salmoides) Perca americana<br>(Phoxinus phoxinus) Piscardo<br>(Tinca tinca) Tenca<\/p>\n\n\n\n<p><strong>R\u00e9ptiles<\/strong><br>(Tarentola boettgeri) Perenqu\u00e9n de Boettger<br>(Trachemys scripta) Gal\u00e1pago americano<\/p>\n\n\n\n<p><strong>Fauna naturalizada.<\/strong><\/p>\n\n\n\n<p><strong>Aves<\/strong><br>(Phasianus colchicus) Fais\u00e1n<\/p>\n\n\n\n<p><strong>Peixes e Agnatos<\/strong><br>(Oncorhynchus mykiss) Troita arco-iris<\/p>\n","protected":false},"excerpt":{"rendered":"<p>Fauna especies invasoras Fauna invasora Aves(Amandava amandava) Bengal\u00ed vermello(Estrilda astrild) Bico de coral(Estrilda melpoda) Estrilda de cara laranxa(Myiopsitta monachus) Cata da Argentina(Poephila guttata) Diamante mandar\u00edn(Psittacula krameri) Catorra de Kramer Mam\u00edferos(Mustela vison) Vis\u00f3n americano Peixes e Agnatos(Carassius auratus) Peixe vermello(Cobitis calderoni) Lamprehuela(Cobitis paludica) Colmilleja(Cyprinus carpio) CarpaGambusia(Gambusia holbrooki)(Gobio gobio) Gobio(Micropterus salmoides) Perca americana(Phoxinus phoxinus) Piscardo(Tinca tinca) Tenca <a class=\"read-more\" href=\"https:\/\/www.santacombanamemoria.eu\/sc\/index.php\/fauna-especies-invasoras\/\">LEER M\u00c1S<\/a><\/p>\n","protected":false},"author":1,"featured_media":0,"parent":0,"menu_order":0,"comment_status":"closed","ping_status":"closed","template":"","meta":{"_eb_attr":"","ngg_post_thumbnail":0,"footnotes":""},"class_list":["post-437","page","type-page","status-publish","hentry"],"yoast_head":"<!-- This site is optimized with the Yoast SEO plugin v27.3 - https:\/\/yoast.com\/product\/yoast-seo-wordpress\/ -->\n<title>Fauna especies Invasoras - Santa Comba na Memoria<\/title>\n<meta name=\"robots\" content=\"index, follow, max-snippet:-1, max-image-preview:large, max-video-preview:-1\" \/>\n<link rel=\"canonical\" href=\"https:\/\/www.santacombanamemoria.eu\/sc\/index.php\/fauna-especies-invasoras\/\" \/>\n<meta property=\"og:locale\" content=\"es_ES\" \/>\n<meta property=\"og:type\" content=\"article\" \/>\n<meta property=\"og:title\" content=\"Fauna especies Invasoras - Santa Comba na Memoria\" \/>\n<meta property=\"og:description\" content=\"Fauna especies invasoras Fauna invasora Aves(Amandava amandava) Bengal\u00ed vermello(Estrilda astrild) Bico de coral(Estrilda melpoda) Estrilda de cara laranxa(Myiopsitta monachus) Cata da Argentina(Poephila guttata) Diamante mandar\u00edn(Psittacula krameri) Catorra de Kramer Mam\u00edferos(Mustela vison) Vis\u00f3n americano Peixes e Agnatos(Carassius auratus) Peixe vermello(Cobitis calderoni) Lamprehuela(Cobitis paludica) Colmilleja(Cyprinus carpio) CarpaGambusia(Gambusia holbrooki)(Gobio gobio) Gobio(Micropterus salmoides) Perca americana(Phoxinus phoxinus) Piscardo(Tinca tinca) Tenca LEER M\u00c1S\" \/>\n<meta property=\"og:url\" content=\"https:\/\/www.santacombanamemoria.eu\/sc\/index.php\/fauna-especies-invasoras\/\" \/>\n<meta property=\"og:site_name\" content=\"Santa Comba na Memoria\" \/>\n<meta property=\"article:modified_time\" content=\"2024-09-22T10:45:20+00:00\" \/>\n<meta property=\"og:image\" content=\"https:\/\/www.santacombanamemoria.eu\/sc\/wp-content\/uploads\/slider2\/Editorg_design_05-12-17--25.jpeg\" \/>\n\t<meta property=\"og:image:width\" content=\"1702\" \/>\n\t<meta property=\"og:image:height\" content=\"680\" \/>\n\t<meta property=\"og:image:type\" content=\"image\/jpeg\" \/>\n<meta name=\"twitter:card\" content=\"summary_large_image\" \/>\n<meta name=\"twitter:label1\" content=\"Tiempo de lectura\" \/>\n\t<meta name=\"twitter:data1\" content=\"1 minuto\" \/>\n<script type=\"application\/ld+json\" class=\"yoast-schema-graph\">{\"@context\":\"https:\\\/\\\/schema.org\",\"@graph\":[{\"@type\":\"WebPage\",\"@id\":\"https:\\\/\\\/www.santacombanamemoria.eu\\\/sc\\\/index.php\\\/fauna-especies-invasoras\\\/\",\"url\":\"https:\\\/\\\/www.santacombanamemoria.eu\\\/sc\\\/index.php\\\/fauna-especies-invasoras\\\/\",\"name\":\"Fauna especies Invasoras - Santa Comba na Memoria\",\"isPartOf\":{\"@id\":\"https:\\\/\\\/www.santacombanamemoria.eu\\\/sc\\\/#website\"},\"datePublished\":\"2024-09-22T10:45:19+00:00\",\"dateModified\":\"2024-09-22T10:45:20+00:00\",\"breadcrumb\":{\"@id\":\"https:\\\/\\\/www.santacombanamemoria.eu\\\/sc\\\/index.php\\\/fauna-especies-invasoras\\\/#breadcrumb\"},\"inLanguage\":\"es\",\"potentialAction\":[{\"@type\":\"ReadAction\",\"target\":[\"https:\\\/\\\/www.santacombanamemoria.eu\\\/sc\\\/index.php\\\/fauna-especies-invasoras\\\/\"]}]},{\"@type\":\"BreadcrumbList\",\"@id\":\"https:\\\/\\\/www.santacombanamemoria.eu\\\/sc\\\/index.php\\\/fauna-especies-invasoras\\\/#breadcrumb\",\"itemListElement\":[{\"@type\":\"ListItem\",\"position\":1,\"name\":\"Portada\",\"item\":\"https:\\\/\\\/www.santacombanamemoria.eu\\\/sc\\\/\"},{\"@type\":\"ListItem\",\"position\":2,\"name\":\"Fauna especies Invasoras\"}]},{\"@type\":\"WebSite\",\"@id\":\"https:\\\/\\\/www.santacombanamemoria.eu\\\/sc\\\/#website\",\"url\":\"https:\\\/\\\/www.santacombanamemoria.eu\\\/sc\\\/\",\"name\":\"Santa Comba na Memoria\",\"description\":\"Unha fiestra ao pasado dende o ano 1900\",\"publisher\":{\"@id\":\"https:\\\/\\\/www.santacombanamemoria.eu\\\/sc\\\/#organization\"},\"alternateName\":\"Historia fotogr\u00e1fica do concello de Santa Comba\",\"potentialAction\":[{\"@type\":\"SearchAction\",\"target\":{\"@type\":\"EntryPoint\",\"urlTemplate\":\"https:\\\/\\\/www.santacombanamemoria.eu\\\/sc\\\/?s={search_term_string}\"},\"query-input\":{\"@type\":\"PropertyValueSpecification\",\"valueRequired\":true,\"valueName\":\"search_term_string\"}}],\"inLanguage\":\"es\"},{\"@type\":\"Organization\",\"@id\":\"https:\\\/\\\/www.santacombanamemoria.eu\\\/sc\\\/#organization\",\"name\":\"Santa Comba na Memoria\",\"alternateName\":\"Santa Comba na Memoria\",\"url\":\"https:\\\/\\\/www.santacombanamemoria.eu\\\/sc\\\/\",\"logo\":{\"@type\":\"ImageObject\",\"inLanguage\":\"es\",\"@id\":\"https:\\\/\\\/www.santacombanamemoria.eu\\\/sc\\\/#\\\/schema\\\/logo\\\/image\\\/\",\"url\":\"https:\\\/\\\/www.santacombanamemoria.eu\\\/sc\\\/wp-content\\\/uploads\\\/slider2\\\/Editorg_design_05-12-17--25.jpeg\",\"contentUrl\":\"https:\\\/\\\/www.santacombanamemoria.eu\\\/sc\\\/wp-content\\\/uploads\\\/slider2\\\/Editorg_design_05-12-17--25.jpeg\",\"width\":1702,\"height\":680,\"caption\":\"Santa Comba na Memoria\"},\"image\":{\"@id\":\"https:\\\/\\\/www.santacombanamemoria.eu\\\/sc\\\/#\\\/schema\\\/logo\\\/image\\\/\"}}]}<\/script>\n<!-- \/ Yoast SEO plugin. -->","yoast_head_json":{"title":"Fauna especies Invasoras - Santa Comba na Memoria","robots":{"index":"index","follow":"follow","max-snippet":"max-snippet:-1","max-image-preview":"max-image-preview:large","max-video-preview":"max-video-preview:-1"},"canonical":"https:\/\/www.santacombanamemoria.eu\/sc\/index.php\/fauna-especies-invasoras\/","og_locale":"es_ES","og_type":"article","og_title":"Fauna especies Invasoras - Santa Comba na Memoria","og_description":"Fauna especies invasoras Fauna invasora Aves(Amandava amandava) Bengal\u00ed vermello(Estrilda astrild) Bico de coral(Estrilda melpoda) Estrilda de cara laranxa(Myiopsitta monachus) Cata da Argentina(Poephila guttata) Diamante mandar\u00edn(Psittacula krameri) Catorra de Kramer Mam\u00edferos(Mustela vison) Vis\u00f3n americano Peixes e Agnatos(Carassius auratus) Peixe vermello(Cobitis calderoni) Lamprehuela(Cobitis paludica) Colmilleja(Cyprinus carpio) CarpaGambusia(Gambusia holbrooki)(Gobio gobio) Gobio(Micropterus salmoides) Perca americana(Phoxinus phoxinus) Piscardo(Tinca tinca) Tenca LEER M\u00c1S","og_url":"https:\/\/www.santacombanamemoria.eu\/sc\/index.php\/fauna-especies-invasoras\/","og_site_name":"Santa Comba na Memoria","article_modified_time":"2024-09-22T10:45:20+00:00","og_image":[{"width":1702,"height":680,"url":"https:\/\/www.santacombanamemoria.eu\/sc\/wp-content\/uploads\/slider2\/Editorg_design_05-12-17--25.jpeg","type":"image\/jpeg"}],"twitter_card":"summary_large_image","twitter_misc":{"Tiempo de lectura":"1 minuto"},"schema":{"@context":"https:\/\/schema.org","@graph":[{"@type":"WebPage","@id":"https:\/\/www.santacombanamemoria.eu\/sc\/index.php\/fauna-especies-invasoras\/","url":"https:\/\/www.santacombanamemoria.eu\/sc\/index.php\/fauna-especies-invasoras\/","name":"Fauna especies Invasoras - Santa Comba na Memoria","isPartOf":{"@id":"https:\/\/www.santacombanamemoria.eu\/sc\/#website"},"datePublished":"2024-09-22T10:45:19+00:00","dateModified":"2024-09-22T10:45:20+00:00","breadcrumb":{"@id":"https:\/\/www.santacombanamemoria.eu\/sc\/index.php\/fauna-especies-invasoras\/#breadcrumb"},"inLanguage":"es","potentialAction":[{"@type":"ReadAction","target":["https:\/\/www.santacombanamemoria.eu\/sc\/index.php\/fauna-especies-invasoras\/"]}]},{"@type":"BreadcrumbList","@id":"https:\/\/www.santacombanamemoria.eu\/sc\/index.php\/fauna-especies-invasoras\/#breadcrumb","itemListElement":[{"@type":"ListItem","position":1,"name":"Portada","item":"https:\/\/www.santacombanamemoria.eu\/sc\/"},{"@type":"ListItem","position":2,"name":"Fauna especies Invasoras"}]},{"@type":"WebSite","@id":"https:\/\/www.santacombanamemoria.eu\/sc\/#website","url":"https:\/\/www.santacombanamemoria.eu\/sc\/","name":"Santa Comba na Memoria","description":"Unha fiestra ao pasado dende o ano 1900","publisher":{"@id":"https:\/\/www.santacombanamemoria.eu\/sc\/#organization"},"alternateName":"Historia fotogr\u00e1fica do concello de Santa Comba","potentialAction":[{"@type":"SearchAction","target":{"@type":"EntryPoint","urlTemplate":"https:\/\/www.santacombanamemoria.eu\/sc\/?s={search_term_string}"},"query-input":{"@type":"PropertyValueSpecification","valueRequired":true,"valueName":"search_term_string"}}],"inLanguage":"es"},{"@type":"Organization","@id":"https:\/\/www.santacombanamemoria.eu\/sc\/#organization","name":"Santa Comba na Memoria","alternateName":"Santa Comba na Memoria","url":"https:\/\/www.santacombanamemoria.eu\/sc\/","logo":{"@type":"ImageObject","inLanguage":"es","@id":"https:\/\/www.santacombanamemoria.eu\/sc\/#\/schema\/logo\/image\/","url":"https:\/\/www.santacombanamemoria.eu\/sc\/wp-content\/uploads\/slider2\/Editorg_design_05-12-17--25.jpeg","contentUrl":"https:\/\/www.santacombanamemoria.eu\/sc\/wp-content\/uploads\/slider2\/Editorg_design_05-12-17--25.jpeg","width":1702,"height":680,"caption":"Santa Comba na Memoria"},"image":{"@id":"https:\/\/www.santacombanamemoria.eu\/sc\/#\/schema\/logo\/image\/"}}]}},"jetpack_sharing_enabled":true,"_links":{"self":[{"href":"https:\/\/www.santacombanamemoria.eu\/sc\/index.php\/wp-json\/wp\/v2\/pages\/437","targetHints":{"allow":["GET"]}}],"collection":[{"href":"https:\/\/www.santacombanamemoria.eu\/sc\/index.php\/wp-json\/wp\/v2\/pages"}],"about":[{"href":"https:\/\/www.santacombanamemoria.eu\/sc\/index.php\/wp-json\/wp\/v2\/types\/page"}],"author":[{"embeddable":true,"href":"https:\/\/www.santacombanamemoria.eu\/sc\/index.php\/wp-json\/wp\/v2\/users\/1"}],"replies":[{"embeddable":true,"href":"https:\/\/www.santacombanamemoria.eu\/sc\/index.php\/wp-json\/wp\/v2\/comments?post=437"}],"version-history":[{"count":1,"href":"https:\/\/www.santacombanamemoria.eu\/sc\/index.php\/wp-json\/wp\/v2\/pages\/437\/revisions"}],"predecessor-version":[{"id":450,"href":"https:\/\/www.santacombanamemoria.eu\/sc\/index.php\/wp-json\/wp\/v2\/pages\/437\/revisions\/450"}],"wp:attachment":[{"href":"https:\/\/www.santacombanamemoria.eu\/sc\/index.php\/wp-json\/wp\/v2\/media?parent=437"}],"curies":[{"name":"wp","href":"https:\/\/api.w.org\/{rel}","templated":true}]}}