{"id":438,"date":"2024-09-22T10:44:35","date_gmt":"2024-09-22T10:44:35","guid":{"rendered":"https:\/\/anxovarela.es\/sc\/?page_id=438"},"modified":"2024-09-22T10:44:36","modified_gmt":"2024-09-22T10:44:36","slug":"fauna-especies-en-perigo","status":"publish","type":"page","link":"https:\/\/www.santacombanamemoria.eu\/sc\/index.php\/fauna-especies-en-perigo\/","title":{"rendered":"Fauna especies en perigo"},"content":{"rendered":"\n<h2 class=\"wp-block-heading\">Fauna en perigo de extici\u00f3n<\/h2>\n\n\n\n<p>Especies do cat\u00e1logo da categor\u00eda de fauna en perigo de extici\u00f3n. Alg\u00fans exemplos:<\/p>\n\n\n\n<p>Artr\u00f3podos<br>(<em>Austropotamobius pallipes<\/em>) Caranguexo de r\u00edo<br>(<em>Gomphus graslini<\/em>) Gomphus graslini<br>(<em>Macromia splendens<\/em>) Macromia splendens<br>(<em>Zerynthia rumina<\/em>) Bolboreta arlequ\u00edn<\/p>\n\n\n\n<p>Aves<br>(<em>Anas crecca<\/em>) Cerceta (Poboaci\u00f3n nidificante)<br>(<em>Aquila chrysaetos<\/em>) Aguia real<br>(<em>Botaurus stellaris<\/em>) Abetouro<br>(<em>Burhinus oedicnemus<\/em>) Alcarav\u00e1n<br>(<em>Emberiza schoeniclus subsp. lusitanica<\/em>) Escribenta das canaveiras<br>(<em>Gallinago gallinago<\/em>) Becacina com\u00fan (Poboaci\u00f3n nidificante)<br>(<em>Milvus milvus<\/em>) Millafre real<br>(<em>Numenius arquata<\/em>) Mazarico real (Poboaci\u00f3n nidificante)<br>(<em>Puffinus mauretanicus<\/em>) Furabuchos balear<br>(<em>Tetrao urogallus subsp. cantabricus<\/em>) Pita do monte<br>(<em>Tetrax tetrax<\/em>) Sis\u00f3n<br>(<em>Uria aalge<\/em>) Arao (Poboaci\u00f3n nidificante)<br>(<em>Vanellus vanellus<\/em>) Avefr\u00eda (Poboaci\u00f3n nidificante)<\/p>\n\n\n\n<p>Mam\u00edferos<br>(<em>Ursus arctos<\/em>) Oso<\/p>\n\n\n\n<p>Moluscos<br>(<em>Bolma rugosa<\/em>) Bolma rugosa<br>(<em>Eastonia rugosa<\/em>) Eastonia rugosa<br>(<em>Elona quimperiana<\/em>) Caracol de Quimper<br>(<em>Margaritifera margaritifera<\/em>) Ameixa perl\u00edfera de r\u00edo<\/p>\n\n\n\n<p>R\u00e9ptiles<br>(<em>Chalcides bedriagai<\/em>) Esgonzo ib\u00e9rico (Poboaci\u00f3ns insulares e da provincia de A Coru\u00f1a)<br>(<em>Dermochelys coriacea<\/em>) Tartaruga de coiro<br>(<em>Emys orbicularis<\/em>) Sapo-concho com\u00fan<\/p>\n\n\n\n<h3 class=\"wp-block-heading\">Fauna vulnerable<\/h3>\n\n\n\n<p>Especies do cat\u00e1logo da categor\u00eda de fauna vulnerable. Alg\u00fans exemplos:<\/p>\n\n\n\n<p>Anfibios<br>(<em>Chioglossa lusitanica<\/em>) Saramaganta<br>(<em>Discoglossus galganoi<\/em>) Sapi\u00f1o pinto (Poboaci\u00f3ns insulares)<br>(<em>Hyla arborea<\/em>) Estroza<br>(<em>Lissotriton boscai<\/em>) Pintafontes com\u00fan (Poboaci\u00f3ns insulares)<br>(<em>Pelobates cultripes<\/em>) Sapo de espor\u00f3ns<br>(<em>Rana iberica<\/em>) Ra patilonga<br>(<em>Rana temporaria subsp. parvipalmata<\/em>) Ra vermella<br>(<em>Salamandra salamandra<\/em>) P\u00edntega com\u00fan (Poboaci\u00f3ns insulares)<\/p>\n\n\n\n<p>Artr\u00f3podos<br>(<em>Aricia morronensis<\/em>) Aricia morronensis<br>(<em>Cerambyx cerdo<\/em>) Capricornio das aci\u00f1eiras<\/p>\n\n\n\n<p>Aves<br>(<em>Bubo bubo<\/em>) Bufo real<br>(<em>Charadrius alexandrinus<\/em>) P\u00edllara das dunas<br>(<em>Circus cyaneus<\/em>) Gatafornela<br>(<em>Circus pygargus<\/em>) Tartara\u00f1a cincenta<br>(<em>Haematopus ostralegus<\/em>) Gavita (Poboaci\u00f3ns nidificantes)<br>(<em>Hieraaetus fasciatus<\/em>) Aguia perdigueira<br>(<em>Himantopus himantopus<\/em>) Pernalonga<br>(<em>Hydrobates pelagicus<\/em>) Pa\u00ed\u00f1o pequeno<br>(<em>Ixobrychus minutus<\/em>) Garza pequena<br>(<em>Luscinia svecica<\/em>) Papoazul<br>(<em>Neophron percnopterus<\/em>) Voitre branco<br>(<em>Perdix perdix<\/em>) Charrela<br>(<em>Phalacrocorax aristotelis<\/em>) Corvo mari\u00f1o cristado<br>(<em>Rissa tridactyla<\/em>) Gaivota trid\u00e1ctila<br>(<em>Scolopax rusticola<\/em>) Arcea (Poboaci\u00f3n nidificante)<\/p>\n\n\n\n<p>Cnidarios<br>(<em>Eunicella verrucosa<\/em>) Eunicella verrucosa<\/p>\n\n\n\n<p>Equinodermos<br>(<em>Echinus esculentus<\/em>) Ourizo de mar<\/p>\n\n\n\n<p>Mam\u00edferos<br>(<em>Galemys pyrenaicus<\/em>) Aguaneira<br>(<em>Miniopterus schreibersii<\/em>) Morcego das covas<br>(<em>Myotis bechsteinii<\/em>) Morcego de Bechstein<br>(<em>Myotis blythii<\/em>) Morcego de orellas de rato pequeno<br>(<em>Myotis emarginata<\/em>) Morcego de orellas fendidas<br>(<em>Myotis myotis<\/em>) Morcego de orellas de rato grande<br>(<em>Myotis mystacina<\/em>) Morcego de bigotes<br>(<em>Phocoena phocoena<\/em>) Toni\u00f1a<br>(<em>Rhinolophus euryale<\/em>) Morcego mediterr\u00e1neo de ferradura<br>(<em>Rhinolophus ferrumequinum<\/em>) Morcego grande de ferradura<br>(<em>Rhinolophus hipposideros<\/em>) Morcego pequeno de ferradura<br>(<em>Tursiops truncatus<\/em>) Arroaz real<\/p>\n\n\n\n<p>Moluscos<br>(<em>Anodonta cygnea<\/em>) Ameixa de r\u00edo<br>(<em>Geomalacus maculosus<\/em>) Lesma<br>(<em>Potomida littoralis<\/em>) Potomida littoralis<br>(<em>Unio pictorum<\/em>) Unio pictorum<\/p>\n\n\n\n<p>Peixes e Agnatos<br>(<em>Alosa alosa<\/em>) S\u00e1balo<br>(<em>Gasterosteus aculeatus<\/em>) Espin\u00f3s<br>(<em>Petromizon marinus<\/em>) Lamprea (Poboaci\u00f3n do Cant\u00e1brico e Arco \u00c1rtabro)<\/p>\n\n\n\n<p>R\u00e9ptiles<br>(<em>Anguis fragilis<\/em>) Esc\u00e1ncer com\u00fan<br>(<em>Caretta caretta<\/em>) Tartaruga mari\u00f1a com\u00fan<br>(<em>Iberolacerta galani<\/em>) Lagartixa leonesa<br>(<em>Iberolacerta monticola<\/em>) Lagartixa serrana (Poboaci\u00f3ns baixa altitude A Coru\u00f1a\/monta\u00f1a de Ourense)<br>(<em>Lacerta lepida<\/em>) Lagarto arnal (Poboaci\u00f3ns insulares)<br>(<em>Lacerta vivipara<\/em>) Lagartixa das bra\u00f1as<br>(<em>Natrix maura<\/em>) Cobra viperina (Poboaci\u00f3ns insulares)<br>(<em>Natrix natrix<\/em>) Cobra de colar (Poboaci\u00f3ns insulares)<br>(<em>Rhinechis scalaris<\/em>) Serpe riscada (Poboaci\u00f3ns insulares)<\/p>\n","protected":false},"excerpt":{"rendered":"<p>Fauna en perigo de extici\u00f3n Especies do cat\u00e1logo da categor\u00eda de fauna en perigo de extici\u00f3n. Alg\u00fans exemplos: Artr\u00f3podos(Austropotamobius pallipes) Caranguexo de r\u00edo(Gomphus graslini) Gomphus graslini(Macromia splendens) Macromia splendens(Zerynthia rumina) Bolboreta arlequ\u00edn Aves(Anas crecca) Cerceta (Poboaci\u00f3n nidificante)(Aquila chrysaetos) Aguia real(Botaurus stellaris) Abetouro(Burhinus oedicnemus) Alcarav\u00e1n(Emberiza schoeniclus subsp. lusitanica) Escribenta das canaveiras(Gallinago gallinago) Becacina com\u00fan (Poboaci\u00f3n nidificante)(Milvus <a class=\"read-more\" href=\"https:\/\/www.santacombanamemoria.eu\/sc\/index.php\/fauna-especies-en-perigo\/\">LEER M\u00c1S<\/a><\/p>\n","protected":false},"author":1,"featured_media":0,"parent":0,"menu_order":0,"comment_status":"closed","ping_status":"closed","template":"","meta":{"_eb_attr":"","ngg_post_thumbnail":0,"footnotes":""},"class_list":["post-438","page","type-page","status-publish","hentry"],"yoast_head":"<!-- This site is optimized with the Yoast SEO plugin v27.3 - https:\/\/yoast.com\/product\/yoast-seo-wordpress\/ -->\n<title>Fauna especies en perigo - Santa Comba na Memoria<\/title>\n<meta name=\"robots\" content=\"index, follow, max-snippet:-1, max-image-preview:large, max-video-preview:-1\" \/>\n<link rel=\"canonical\" href=\"https:\/\/www.santacombanamemoria.eu\/sc\/index.php\/fauna-especies-en-perigo\/\" \/>\n<meta property=\"og:locale\" content=\"es_ES\" \/>\n<meta property=\"og:type\" content=\"article\" \/>\n<meta property=\"og:title\" content=\"Fauna especies en perigo - Santa Comba na Memoria\" \/>\n<meta property=\"og:description\" content=\"Fauna en perigo de extici\u00f3n Especies do cat\u00e1logo da categor\u00eda de fauna en perigo de extici\u00f3n. Alg\u00fans exemplos: Artr\u00f3podos(Austropotamobius pallipes) Caranguexo de r\u00edo(Gomphus graslini) Gomphus graslini(Macromia splendens) Macromia splendens(Zerynthia rumina) Bolboreta arlequ\u00edn Aves(Anas crecca) Cerceta (Poboaci\u00f3n nidificante)(Aquila chrysaetos) Aguia real(Botaurus stellaris) Abetouro(Burhinus oedicnemus) Alcarav\u00e1n(Emberiza schoeniclus subsp. lusitanica) Escribenta das canaveiras(Gallinago gallinago) Becacina com\u00fan (Poboaci\u00f3n nidificante)(Milvus LEER M\u00c1S\" \/>\n<meta property=\"og:url\" content=\"https:\/\/www.santacombanamemoria.eu\/sc\/index.php\/fauna-especies-en-perigo\/\" \/>\n<meta property=\"og:site_name\" content=\"Santa Comba na Memoria\" \/>\n<meta property=\"article:modified_time\" content=\"2024-09-22T10:44:36+00:00\" \/>\n<meta property=\"og:image\" content=\"https:\/\/www.santacombanamemoria.eu\/sc\/wp-content\/uploads\/slider2\/Editorg_design_05-12-17--25.jpeg\" \/>\n\t<meta property=\"og:image:width\" content=\"1702\" \/>\n\t<meta property=\"og:image:height\" content=\"680\" \/>\n\t<meta property=\"og:image:type\" content=\"image\/jpeg\" \/>\n<meta name=\"twitter:card\" content=\"summary_large_image\" \/>\n<meta name=\"twitter:label1\" content=\"Tiempo de lectura\" \/>\n\t<meta name=\"twitter:data1\" content=\"2 minutos\" \/>\n<script type=\"application\/ld+json\" class=\"yoast-schema-graph\">{\"@context\":\"https:\\\/\\\/schema.org\",\"@graph\":[{\"@type\":\"WebPage\",\"@id\":\"https:\\\/\\\/www.santacombanamemoria.eu\\\/sc\\\/index.php\\\/fauna-especies-en-perigo\\\/\",\"url\":\"https:\\\/\\\/www.santacombanamemoria.eu\\\/sc\\\/index.php\\\/fauna-especies-en-perigo\\\/\",\"name\":\"Fauna especies en perigo - Santa Comba na Memoria\",\"isPartOf\":{\"@id\":\"https:\\\/\\\/www.santacombanamemoria.eu\\\/sc\\\/#website\"},\"datePublished\":\"2024-09-22T10:44:35+00:00\",\"dateModified\":\"2024-09-22T10:44:36+00:00\",\"breadcrumb\":{\"@id\":\"https:\\\/\\\/www.santacombanamemoria.eu\\\/sc\\\/index.php\\\/fauna-especies-en-perigo\\\/#breadcrumb\"},\"inLanguage\":\"es\",\"potentialAction\":[{\"@type\":\"ReadAction\",\"target\":[\"https:\\\/\\\/www.santacombanamemoria.eu\\\/sc\\\/index.php\\\/fauna-especies-en-perigo\\\/\"]}]},{\"@type\":\"BreadcrumbList\",\"@id\":\"https:\\\/\\\/www.santacombanamemoria.eu\\\/sc\\\/index.php\\\/fauna-especies-en-perigo\\\/#breadcrumb\",\"itemListElement\":[{\"@type\":\"ListItem\",\"position\":1,\"name\":\"Portada\",\"item\":\"https:\\\/\\\/www.santacombanamemoria.eu\\\/sc\\\/\"},{\"@type\":\"ListItem\",\"position\":2,\"name\":\"Fauna especies en perigo\"}]},{\"@type\":\"WebSite\",\"@id\":\"https:\\\/\\\/www.santacombanamemoria.eu\\\/sc\\\/#website\",\"url\":\"https:\\\/\\\/www.santacombanamemoria.eu\\\/sc\\\/\",\"name\":\"Santa Comba na Memoria\",\"description\":\"Unha fiestra ao pasado dende o ano 1900\",\"publisher\":{\"@id\":\"https:\\\/\\\/www.santacombanamemoria.eu\\\/sc\\\/#organization\"},\"alternateName\":\"Historia fotogr\u00e1fica do concello de Santa Comba\",\"potentialAction\":[{\"@type\":\"SearchAction\",\"target\":{\"@type\":\"EntryPoint\",\"urlTemplate\":\"https:\\\/\\\/www.santacombanamemoria.eu\\\/sc\\\/?s={search_term_string}\"},\"query-input\":{\"@type\":\"PropertyValueSpecification\",\"valueRequired\":true,\"valueName\":\"search_term_string\"}}],\"inLanguage\":\"es\"},{\"@type\":\"Organization\",\"@id\":\"https:\\\/\\\/www.santacombanamemoria.eu\\\/sc\\\/#organization\",\"name\":\"Santa Comba na Memoria\",\"alternateName\":\"Santa Comba na Memoria\",\"url\":\"https:\\\/\\\/www.santacombanamemoria.eu\\\/sc\\\/\",\"logo\":{\"@type\":\"ImageObject\",\"inLanguage\":\"es\",\"@id\":\"https:\\\/\\\/www.santacombanamemoria.eu\\\/sc\\\/#\\\/schema\\\/logo\\\/image\\\/\",\"url\":\"https:\\\/\\\/www.santacombanamemoria.eu\\\/sc\\\/wp-content\\\/uploads\\\/slider2\\\/Editorg_design_05-12-17--25.jpeg\",\"contentUrl\":\"https:\\\/\\\/www.santacombanamemoria.eu\\\/sc\\\/wp-content\\\/uploads\\\/slider2\\\/Editorg_design_05-12-17--25.jpeg\",\"width\":1702,\"height\":680,\"caption\":\"Santa Comba na Memoria\"},\"image\":{\"@id\":\"https:\\\/\\\/www.santacombanamemoria.eu\\\/sc\\\/#\\\/schema\\\/logo\\\/image\\\/\"}}]}<\/script>\n<!-- \/ Yoast SEO plugin. -->","yoast_head_json":{"title":"Fauna especies en perigo - Santa Comba na Memoria","robots":{"index":"index","follow":"follow","max-snippet":"max-snippet:-1","max-image-preview":"max-image-preview:large","max-video-preview":"max-video-preview:-1"},"canonical":"https:\/\/www.santacombanamemoria.eu\/sc\/index.php\/fauna-especies-en-perigo\/","og_locale":"es_ES","og_type":"article","og_title":"Fauna especies en perigo - Santa Comba na Memoria","og_description":"Fauna en perigo de extici\u00f3n Especies do cat\u00e1logo da categor\u00eda de fauna en perigo de extici\u00f3n. Alg\u00fans exemplos: Artr\u00f3podos(Austropotamobius pallipes) Caranguexo de r\u00edo(Gomphus graslini) Gomphus graslini(Macromia splendens) Macromia splendens(Zerynthia rumina) Bolboreta arlequ\u00edn Aves(Anas crecca) Cerceta (Poboaci\u00f3n nidificante)(Aquila chrysaetos) Aguia real(Botaurus stellaris) Abetouro(Burhinus oedicnemus) Alcarav\u00e1n(Emberiza schoeniclus subsp. lusitanica) Escribenta das canaveiras(Gallinago gallinago) Becacina com\u00fan (Poboaci\u00f3n nidificante)(Milvus LEER M\u00c1S","og_url":"https:\/\/www.santacombanamemoria.eu\/sc\/index.php\/fauna-especies-en-perigo\/","og_site_name":"Santa Comba na Memoria","article_modified_time":"2024-09-22T10:44:36+00:00","og_image":[{"width":1702,"height":680,"url":"https:\/\/www.santacombanamemoria.eu\/sc\/wp-content\/uploads\/slider2\/Editorg_design_05-12-17--25.jpeg","type":"image\/jpeg"}],"twitter_card":"summary_large_image","twitter_misc":{"Tiempo de lectura":"2 minutos"},"schema":{"@context":"https:\/\/schema.org","@graph":[{"@type":"WebPage","@id":"https:\/\/www.santacombanamemoria.eu\/sc\/index.php\/fauna-especies-en-perigo\/","url":"https:\/\/www.santacombanamemoria.eu\/sc\/index.php\/fauna-especies-en-perigo\/","name":"Fauna especies en perigo - Santa Comba na Memoria","isPartOf":{"@id":"https:\/\/www.santacombanamemoria.eu\/sc\/#website"},"datePublished":"2024-09-22T10:44:35+00:00","dateModified":"2024-09-22T10:44:36+00:00","breadcrumb":{"@id":"https:\/\/www.santacombanamemoria.eu\/sc\/index.php\/fauna-especies-en-perigo\/#breadcrumb"},"inLanguage":"es","potentialAction":[{"@type":"ReadAction","target":["https:\/\/www.santacombanamemoria.eu\/sc\/index.php\/fauna-especies-en-perigo\/"]}]},{"@type":"BreadcrumbList","@id":"https:\/\/www.santacombanamemoria.eu\/sc\/index.php\/fauna-especies-en-perigo\/#breadcrumb","itemListElement":[{"@type":"ListItem","position":1,"name":"Portada","item":"https:\/\/www.santacombanamemoria.eu\/sc\/"},{"@type":"ListItem","position":2,"name":"Fauna especies en perigo"}]},{"@type":"WebSite","@id":"https:\/\/www.santacombanamemoria.eu\/sc\/#website","url":"https:\/\/www.santacombanamemoria.eu\/sc\/","name":"Santa Comba na Memoria","description":"Unha fiestra ao pasado dende o ano 1900","publisher":{"@id":"https:\/\/www.santacombanamemoria.eu\/sc\/#organization"},"alternateName":"Historia fotogr\u00e1fica do concello de Santa Comba","potentialAction":[{"@type":"SearchAction","target":{"@type":"EntryPoint","urlTemplate":"https:\/\/www.santacombanamemoria.eu\/sc\/?s={search_term_string}"},"query-input":{"@type":"PropertyValueSpecification","valueRequired":true,"valueName":"search_term_string"}}],"inLanguage":"es"},{"@type":"Organization","@id":"https:\/\/www.santacombanamemoria.eu\/sc\/#organization","name":"Santa Comba na Memoria","alternateName":"Santa Comba na Memoria","url":"https:\/\/www.santacombanamemoria.eu\/sc\/","logo":{"@type":"ImageObject","inLanguage":"es","@id":"https:\/\/www.santacombanamemoria.eu\/sc\/#\/schema\/logo\/image\/","url":"https:\/\/www.santacombanamemoria.eu\/sc\/wp-content\/uploads\/slider2\/Editorg_design_05-12-17--25.jpeg","contentUrl":"https:\/\/www.santacombanamemoria.eu\/sc\/wp-content\/uploads\/slider2\/Editorg_design_05-12-17--25.jpeg","width":1702,"height":680,"caption":"Santa Comba na Memoria"},"image":{"@id":"https:\/\/www.santacombanamemoria.eu\/sc\/#\/schema\/logo\/image\/"}}]}},"jetpack_sharing_enabled":true,"_links":{"self":[{"href":"https:\/\/www.santacombanamemoria.eu\/sc\/index.php\/wp-json\/wp\/v2\/pages\/438","targetHints":{"allow":["GET"]}}],"collection":[{"href":"https:\/\/www.santacombanamemoria.eu\/sc\/index.php\/wp-json\/wp\/v2\/pages"}],"about":[{"href":"https:\/\/www.santacombanamemoria.eu\/sc\/index.php\/wp-json\/wp\/v2\/types\/page"}],"author":[{"embeddable":true,"href":"https:\/\/www.santacombanamemoria.eu\/sc\/index.php\/wp-json\/wp\/v2\/users\/1"}],"replies":[{"embeddable":true,"href":"https:\/\/www.santacombanamemoria.eu\/sc\/index.php\/wp-json\/wp\/v2\/comments?post=438"}],"version-history":[{"count":1,"href":"https:\/\/www.santacombanamemoria.eu\/sc\/index.php\/wp-json\/wp\/v2\/pages\/438\/revisions"}],"predecessor-version":[{"id":448,"href":"https:\/\/www.santacombanamemoria.eu\/sc\/index.php\/wp-json\/wp\/v2\/pages\/438\/revisions\/448"}],"wp:attachment":[{"href":"https:\/\/www.santacombanamemoria.eu\/sc\/index.php\/wp-json\/wp\/v2\/media?parent=438"}],"curies":[{"name":"wp","href":"https:\/\/api.w.org\/{rel}","templated":true}]}}